{"id":577,"date":"2017-06-06T10:33:18","date_gmt":"2017-06-06T10:33:18","guid":{"rendered":"https:\/\/dieselinjeccio.com\/home\/"},"modified":"2020-05-14T08:07:49","modified_gmt":"2020-05-14T08:07:49","slug":"home-2","status":"publish","type":"page","link":"https:\/\/dieselinjeccio.com\/en\/","title":{"rendered":"Home"},"content":{"rendered":"<div class=\"wpb-content-wrapper\"><p>[vc_row css_animation=&#8221;&#8221; row_type=&#8221;row&#8221; use_row_as_full_screen_section=&#8221;no&#8221; type=&#8221;grid&#8221; anchor=&#8221;company&#8221; angled_section=&#8221;no&#8221; text_align=&#8221;center&#8221; background_image_as_pattern=&#8221;with_pattern&#8221; css=&#8221;.vc_custom_1528100427231{padding-bottom: 100px !important;background: rgba(0,40,94,0.09) url(http:\/\/dieselinjeccio.com\/wp-content\/uploads\/2016\/06\/fondo15.png?id=198) !important;background-position: center !important;background-repeat: no-repeat !important;background-size: cover !important;*background-color: rgb(0,40,94) !important;}&#8221; z_index=&#8221;&#8221;][vc_column][vc_empty_space height=&#8221;94px&#8221;][vc_column_text]<\/p>\n<h1 style=\"text-align: center;\"><span style=\"color: #0c2759;\">OUR COMPANY<\/span><\/h1>\n<p>[\/vc_column_text][vc_empty_space height=&#8221;24px&#8221;][vc_column_text]<\/p>\n<p style=\"text-align: left;\"><strong>Di\u00e8sel Injecci\u00f3 S.L.\u00a0<\/strong>is a company with over 30 years of experience in the diagnosis and repair of Diesel injection equipment. We are proud to be part of the <strong>Bosch Diesel<\/strong> <strong>Center<\/strong> repair shop network and we are accredited as an official <strong>Delphi Service<\/strong>. Our team is made up of committed professionals who are convinced that continuous training combined with investment in technology help us to grow as an organisation.<\/p>\n<p>&nbsp;<\/p>\n<h2 style=\"text-align: left;\"><strong><span style=\"color: #0d2759;\">MISSION<\/span><\/strong><\/h2>\n<p style=\"text-align: left;\">Our fundamental aim is to give our customers a comprehensive service, providing quality and state-of-the-art products. Each day,<strong> Di\u00e8sel Injecci\u00f3 S.L. <\/strong>strives to meet the needs of the automotive, industrial and nautical sector, using trained staff, cutting-edge technology and competitive prices to give our products high-added value<\/p>\n<p>&nbsp;<\/p>\n<h2 style=\"text-align: left;\"><strong><span style=\"color: #0d2759;\">VISION<\/span><\/strong><\/h2>\n<p style=\"text-align: left;\">We believe that technology should be available to all customers, and so we tailor our products to technological progress and we invest in research, development and innovation. We want to become a state-of-the-art diesel injection laboratory.<\/p>\n<p>[\/vc_column_text][vc_empty_space height=&#8221;200px&#8221;][\/vc_column][\/vc_row][vc_row css_animation=&#8221;&#8221; row_type=&#8221;row&#8221; use_row_as_full_screen_section=&#8221;no&#8221; type=&#8221;grid&#8221; anchor=&#8221;products&#8221; angled_section=&#8221;no&#8221; text_align=&#8221;center&#8221; background_image_as_pattern=&#8221;without_pattern&#8221; css=&#8221;.vc_custom_1528100438583{margin-top: -100px !important;background-color: #ffffff !important;}&#8221; z_index=&#8221;&#8221;][vc_column][vc_column_text]<\/p>\n<h1 style=\"text-align: center;\"><span style=\"color: #1e1e52;\">OUR PRODUCTS<\/span><\/h1>\n<p>[\/vc_column_text][vc_separator type=&#8221;small&#8221; position=&#8221;center&#8221; color=&#8221;#ff201c&#8221; thickness=&#8221;5&#8243;][\/vc_column][\/vc_row][vc_row css_animation=&#8221;&#8221; row_type=&#8221;row&#8221; use_row_as_full_screen_section=&#8221;no&#8221; type=&#8221;grid&#8221; angled_section=&#8221;no&#8221; text_align=&#8221;left&#8221; background_image_as_pattern=&#8221;without_pattern&#8221; css=&#8221;.vc_custom_1496223348738{padding-top: 35px !important;background-color: #ffffff !important;}&#8221;][vc_column offset=&#8221;vc_col-lg-6 vc_col-md-6&#8243;]<div class=\"qode-banner qode-banner-va-bottom\"><a class=\"qode-banner-link\" href=\"#\" target=\"_self\"><\/a><div class=\"qode-banner-image\"><img decoding=\"async\" itemprop=\"image\" src=\"https:\/\/dieselinjeccio.com\/wp-content\/uploads\/2016\/06\/Tot-Injeccio_004.jpg\" alt=\"\" \/><\/div><div class=\"qode-banner-content\"><div class=\"qode-banner-content-inner\"><div class=\"qode-banner-text-holder\">\n<h2 style=\"text-align: left;\"><\/h2>\n<h2 style=\"text-align: left;\"><span style=\"color: #ffffff;\">BOSCH PRODUCTS<\/span><\/h2>\n<\/div><\/div><\/div><\/div>[vc_empty_space][\/vc_column][vc_column offset=&#8221;vc_col-lg-6 vc_col-md-6&#8243;]<div class=\"qode-banner qode-banner-va-bottom\"><a class=\"qode-banner-link\" href=\"#\" target=\"_self\"><\/a><div class=\"qode-banner-image\"><img decoding=\"async\" itemprop=\"image\" src=\"https:\/\/dieselinjeccio.com\/wp-content\/uploads\/2016\/06\/PRODUCTODELPHI.jpg\" alt=\"\" \/><\/div><div class=\"qode-banner-content\"><div class=\"qode-banner-content-inner\"><div class=\"qode-banner-text-holder\">\n<h2 style=\"text-align: left;\"><span style=\"color: #ffffff;\">DELPHI PRODUCTS<\/span><\/h2>\n<\/div><\/div><\/div><\/div>[vc_empty_space][\/vc_column][\/vc_row][vc_row css_animation=&#8221;&#8221; row_type=&#8221;row&#8221; use_row_as_full_screen_section=&#8221;no&#8221; type=&#8221;grid&#8221; angled_section=&#8221;no&#8221; text_align=&#8221;left&#8221; background_image_as_pattern=&#8221;without_pattern&#8221; css=&#8221;.vc_custom_1496223286987{padding-bottom: 61px !important;background-color: #ffffff !important;}&#8221;][vc_column offset=&#8221;vc_col-lg-4 vc_col-md-4&#8243;]<div class=\"qode-banner qode-banner-va-bottom\"><a class=\"qode-banner-link\" href=\"#\" target=\"_self\"><\/a><div class=\"qode-banner-image\"><img decoding=\"async\" itemprop=\"image\" src=\"https:\/\/dieselinjeccio.com\/wp-content\/uploads\/2016\/06\/PRODUCTODENSO.jpg\" alt=\"\" \/><\/div><div class=\"qode-banner-content\"><div class=\"qode-banner-content-inner\"><div class=\"qode-banner-text-holder\">\n<h3 style=\"text-align: left;\"><span style=\"color: #ffffff;\">Denso<\/span><\/h3>\n<\/div><\/div><\/div><\/div>[vc_empty_space][\/vc_column][vc_column offset=&#8221;vc_col-lg-4 vc_col-md-4&#8243;]<div class=\"qode-banner qode-banner-va-bottom\"><a class=\"qode-banner-link\" href=\"#\" target=\"_self\"><\/a><div class=\"qode-banner-image\"><img decoding=\"async\" itemprop=\"image\" src=\"https:\/\/dieselinjeccio.com\/wp-content\/uploads\/2017\/06\/bomba-vdo.jpg\" alt=\"\" \/><\/div><div class=\"qode-banner-content\"><div class=\"qode-banner-content-inner\"><div class=\"qode-banner-text-holder\">\n<h3 style=\"text-align: left;\"><span style=\"color: #ffffff;\">VDO<\/span><\/h3>\n<\/div><\/div><\/div><\/div>[vc_empty_space][\/vc_column][vc_column offset=&#8221;vc_col-lg-4 vc_col-md-4&#8243;]<div class=\"qode-banner qode-banner-va-bottom\"><a class=\"qode-banner-link\" href=\"#\" target=\"_self\"><\/a><div class=\"qode-banner-image\"><img decoding=\"async\" itemprop=\"image\" src=\"https:\/\/dieselinjeccio.com\/wp-content\/uploads\/2016\/06\/turbo.jpg\" alt=\"\" \/><\/div><div class=\"qode-banner-content\"><div class=\"qode-banner-content-inner\"><div class=\"qode-banner-text-holder\">\n<h3 style=\"text-align: left;\"><span style=\"color: #ffffff;\">Turbos<\/span><\/h3>\n<\/div><\/div><\/div><\/div>[vc_empty_space][\/vc_column][\/vc_row][vc_row css_animation=&#8221;&#8221; row_type=&#8221;row&#8221; use_row_as_full_screen_section=&#8221;no&#8221; type=&#8221;full_width&#8221; angled_section=&#8221;no&#8221; text_align=&#8221;left&#8221; background_image_as_pattern=&#8221;without_pattern&#8221;][vc_column css=&#8221;.vc_custom_1498558728673{padding-top: -60px !important;}&#8221; offset=&#8221;vc_hidden-sm vc_hidden-xs&#8221;][vc_single_image image=&#8221;196&#8243; img_size=&#8221;full&#8221; qode_css_animation=&#8221;&#8221; css=&#8221;.vc_custom_1496049706461{background-image: url(http:\/\/dieselinjeccio.com\/wp-content\/uploads\/2016\/06\/web_20.jpg?id=193) !important;background-position: center !important;background-repeat: no-repeat !important;background-size: cover !important;}&#8221;][\/vc_column][\/vc_row][vc_row css_animation=&#8221;&#8221; row_type=&#8221;row&#8221; use_row_as_full_screen_section=&#8221;no&#8221; type=&#8221;grid&#8221; anchor=&#8221;politica&#8221; angled_section=&#8221;no&#8221; text_align=&#8221;left&#8221; background_image_as_pattern=&#8221;without_pattern&#8221; css=&#8221;.vc_custom_1496144046758{background-color: #ffffff !important;background-position: center !important;background-repeat: no-repeat !important;background-size: cover !important;}&#8221;][vc_column][vc_column_text]<\/p>\n<h1 style=\"text-align: center;\"><span style=\"color: #1e1e52;\">QUALITY POLITICS<\/span><\/h1>\n<p>[\/vc_column_text][vc_separator type=&#8221;small&#8221; position=&#8221;center&#8221; color=&#8221;#ff201c&#8221; thickness=&#8221;5&#8243;][vc_empty_space height=&#8221;20&#8243;][vc_row_inner row_type=&#8221;row&#8221; type=&#8221;full_width&#8221; text_align=&#8221;left&#8221; css_animation=&#8221;&#8221; css=&#8221;.vc_custom_1496057434769{background-color: #ffffff !important;}&#8221;][vc_column_inner][vc_column_text]Diesel Injecci\u00f3 belongs to the Bosch diesel Center and Delphi Service network. We are approved. This means that we have all the requirements demanded by one of the leading brands in the automotive sector such as Bosch and Delphi. We are currently in the process of certification of the ISO 9000 and Environment ISO 14000 quality standards.[\/vc_column_text]<div class=\"q_icon_list\"><p style=\"\"><\/p><\/div><div class=\"clearfix qode-item-showcase\"><div class=\"qode-item-image\" style=\"margin-top:-10px;\"><img decoding=\"async\" class=\"qode-lazy-image\" src=\"#\" alt=\"item showcase image\" data-image=\"https:\/\/dieselinjeccio.com\/wp-content\/uploads\/2016\/06\/maquinaria-bosch.jpg\" data-lazy=\"true\" \/><\/div><div class=\"qode-item qode-item-right\">\n\t\t\t<div class=\"qode-item-icon\">\n\t\t\t\t\t\t<i class=\"fa-briefcase fa\" style=\"color:#ffffff;background-color:#ff201c\"><\/i>\t\t\t\t\t<\/div>\n\t\t<div class=\"qode-item-content\">\n\t\t\t\t<div class=\"qode-showcase-title-holder\">\n\t\t\t\t\t\t\t<h4 class=\"qode-showcase-title\">Equipment<\/h4>\n\t\t\t\t\t<\/div>\n\t\t\t\t<div class=\"qode-showcase-text-holder\">\n\t\t\t<p class=\"qode-showcase-text\">Necessary for the provision of services<\/p>\n\t\t<\/div>\n\t\t\t<\/div>\n\t<\/div><div class=\"qode-item qode-item-right\">\n\t\t\t<div class=\"qode-item-icon\">\n\t\t\t\t\t\t<i class=\"fa-graduation-cap fa\" style=\"color:#ffffff;background-color:#ff201c\"><\/i>\t\t\t\t\t<\/div>\n\t\t<div class=\"qode-item-content\">\n\t\t\t\t<div class=\"qode-showcase-title-holder\">\n\t\t\t\t\t\t\t<h4 class=\"qode-showcase-title\">Training and Accreditation<\/h4>\n\t\t\t\t\t<\/div>\n\t\t\t\t<div class=\"qode-showcase-text-holder\">\n\t\t\t<p class=\"qode-showcase-text\">Necessary from our technicians<\/p>\n\t\t<\/div>\n\t\t\t<\/div>\n\t<\/div><div class=\"qode-item qode-item-right\">\n\t\t\t<div class=\"qode-item-icon\">\n\t\t\t\t\t\t<i class=\"fa-certificate fa\" style=\"color:#ffffff;background-color:#ff201c\"><\/i>\t\t\t\t\t<\/div>\n\t\t<div class=\"qode-item-content\">\n\t\t\t\t<div class=\"qode-showcase-title-holder\">\n\t\t\t\t\t\t\t<h4 class=\"qode-showcase-title\">Service, Quality and Guarantee<\/h4>\n\t\t\t\t\t<\/div>\n\t\t\t\t<div class=\"qode-showcase-text-holder\">\n\t\t\t<p class=\"qode-showcase-text\">Maximum rating awarded by BOSCH<\/p>\n\t\t<\/div>\n\t\t\t<\/div>\n\t<\/div><\/div>[\/vc_column_inner][\/vc_row_inner][\/vc_column][\/vc_row][vc_row css_animation=&#8221;&#8221; row_type=&#8221;row&#8221; use_row_as_full_screen_section=&#8221;no&#8221; type=&#8221;grid&#8221; anchor=&#8221;servicios&#8221; angled_section=&#8221;no&#8221; text_align=&#8221;center&#8221; background_image_as_pattern=&#8221;without_pattern&#8221; css=&#8221;.vc_custom_1496058818923{background-color: rgba(0,40,94,0.09) !important;*background-color: rgb(0,40,94) !important;}&#8221;][vc_column][vc_empty_space height=&#8221;100&#8243;][vc_column_text]<\/p>\n<h1 style=\"text-align: center;\"><span style=\"color: #1e1e52;\">LABORATORY<\/span><\/h1>\n<p>[\/vc_column_text][vc_empty_space height=&#8221;60&#8243;][\/vc_column][vc_column width=&#8221;1\/2&#8243; css=&#8221;.vc_custom_1496742223718{margin-right: 1px !important;padding-right: 48px !important;padding-left: 48px !important;background-color: #00304e !important;}&#8221;][qode_elements_holder number_of_columns=&#8221;one_column&#8221;][qode_elements_holder_item item_padding=&#8221;0 0 0 0&#8243; vertical_alignment=&#8221;top&#8221; advanced_animations=&#8221;no&#8221; item_padding_600_768=&#8221;0 0 96px 0&#8243; item_padding_480_600=&#8221;0 0 96px 0&#8243; item_padding_480=&#8221;0 0 96px 0&#8243;][vc_empty_space height=&#8221;20&#8243;][vc_single_image image=&#8221;292&#8243; img_size=&#8221;400&#215;200&#8243; alignment=&#8221;center&#8221; qode_css_animation=&#8221;&#8221;][vc_empty_space height=&#8221;29px&#8221;][vc_column_text]<\/p>\n<h2><span style=\"color: #ffffff;\">MY DNA DELPHI<\/span><\/h2>\n<p>[\/vc_column_text][vc_empty_space height=&#8221;22px&#8221;][vc_column_text]<span style=\"color: #ffffff;\">DELPHI DIESEL SYSTEMS SERVICE (My DNA Delphi), you can find out when and where the part was repaired at http:\/\/dna.my-delphi.com.<\/span>[\/vc_column_text][vc_empty_space height=&#8221;120&#8243;]<a  itemprop=\"url\" href=\"http:\/\/dna.my-delphi.com\/\" target=\"_blank\"  class=\"qbutton  default\" style=\"color: #ffffff; border-color: #ffffff; \">See more<\/a>[vc_empty_space height=&#8221;40&#8243;][\/qode_elements_holder_item][\/qode_elements_holder][\/vc_column][vc_column width=&#8221;1\/2&#8243; css=&#8221;.vc_custom_1496742230935{margin-left: 1px !important;padding-right: 48px !important;padding-left: 48px !important;background-color: #00304e !important;}&#8221;][qode_elements_holder number_of_columns=&#8221;one_column&#8221;][qode_elements_holder_item item_padding=&#8221;0 0 0 0&#8243; vertical_alignment=&#8221;top&#8221; advanced_animations=&#8221;no&#8221; item_padding_600_768=&#8221;0 0 96px 0&#8243; item_padding_480_600=&#8221;0 0 96px 0&#8243; item_padding_480=&#8221;0 0 96px 0&#8243;][vc_empty_space height=&#8221;20&#8243;][vc_single_image image=&#8221;293&#8243; img_size=&#8221;400&#215;200&#8243; alignment=&#8221;center&#8221; qode_css_animation=&#8221;&#8221;][vc_empty_space height=&#8221;29px&#8221;][vc_column_text]<\/p>\n<h2><span style=\"color: #ffffff;\">BOSCH DIESEL CENTER SERVICE<\/span><\/h2>\n<p>[\/vc_column_text][vc_empty_space height=&#8221;22px&#8221;][vc_column_text]<span style=\"color: #ffffff;\">The certification issued by Bosch is a global certification which guarantees traceability of the product\u2019s repair. The place where the repair was performed is displayed in the APP.<\/span><\/p>\n<ul>\n<li><span style=\"color: #ffffff;\">Bosch QualityScan: A global system created by Bosch to ensure traceability of the repaired part. The QR code is scanned using the APP and the repairer of the product is identified.<\/span><\/li>\n<\/ul>\n<p>[\/vc_column_text][vc_empty_space height=&#8221;20&#8243;]<a  itemprop=\"url\" href=\"https:\/\/qualityscan.bosch-automotive.com\/Account\/Login.aspx\" target=\"_blank\"  class=\"qbutton  default\" style=\"color: #ffffff; border-color: #ffffff; \">See more<\/a>[vc_empty_space height=&#8221;35&#8243;][\/qode_elements_holder_item][\/qode_elements_holder][\/vc_column][\/vc_row][vc_row css_animation=&#8221;&#8221; row_type=&#8221;row&#8221; use_row_as_full_screen_section=&#8221;no&#8221; type=&#8221;full_width&#8221; angled_section=&#8221;no&#8221; text_align=&#8221;left&#8221; background_image_as_pattern=&#8221;without_pattern&#8221; css=&#8221;.vc_custom_1499857903635{margin-bottom: -50px !important;background-color: #ffffff !important;}&#8221;][vc_column][vc_empty_space height=&#8221;50&#8243;][vc_column_text]<\/p>\n<h1 style=\"text-align: center;\"><span style=\"color: #1e1e52;\">BRANDS<\/span><\/h1>\n<h5 style=\"text-align: center; font-size: 20px;\"><\/h5>\n<p>[\/vc_column_text][vc_separator type=&#8221;small&#8221; position=&#8221;center&#8221; color=&#8221;#ff201c&#8221; thickness=&#8221;5&#8243;][vc_empty_space height=&#8221;25&#8243;][vc_row_inner row_type=&#8221;row&#8221; type=&#8221;full_width&#8221; text_align=&#8221;left&#8221; background_color=&#8221;#ffffff&#8221; css_animation=&#8221;&#8221;][vc_column_inner width=&#8221;1\/3&#8243;][\/vc_column_inner][vc_column_inner width=&#8221;1\/3&#8243;]<div class='qode_carousels_holder clearfix'><div class='qode_carousels' data-number-of-visible-items='5'><ul class='slides'><li class='item'><div class=\"carousel_item_holder\"><a itemprop='url' href='https:\/\/www.denso.com\/global\/en\/' target='_self'><span class='first_image_holder '><img decoding=\"async\" itemprop=\"image\" src=\"http:\/\/dieselinjeccio.com\/wp-content\/uploads\/2017\/05\/denso-1.png\" alt=\"carousel image\" \/><\/span><\/a><\/div><\/li><li class='item'><div class=\"carousel_item_holder\"><a itemprop='url' href='http:\/\/www.delphi.com\/' target='_self'><span class='first_image_holder '><img decoding=\"async\" itemprop=\"image\" src=\"http:\/\/dieselinjeccio.com\/wp-content\/uploads\/2017\/05\/delphi-1.png\" alt=\"carousel image\" \/><\/span><\/a><\/div><\/li><li class='item'><div class=\"carousel_item_holder\"><a itemprop='url' href='http:\/\/www.continental-neumaticos.es\/turismo?gclid=CjwKEAjwsLTJBRCvibaW9bGLtUESJAC4wKw1c7jnBm2pKwZo5yLNg2-NOXgIOHBiqWhrLx3B3w1nBhoCRizw_wcB' target='_self'><span class='first_image_holder '><img decoding=\"async\" itemprop=\"image\" src=\"http:\/\/dieselinjeccio.com\/wp-content\/uploads\/2017\/05\/continental-1.png\" alt=\"carousel image\" \/><\/span><\/a><\/div><\/li><li class='item'><div class=\"carousel_item_holder\"><a itemprop='url' href='https:\/\/www.boschcarservice.com\/es\/es' target='_self'><span class='first_image_holder '><img decoding=\"async\" itemprop=\"image\" src=\"http:\/\/dieselinjeccio.com\/wp-content\/uploads\/2017\/05\/bosch1.png\" alt=\"carousel image\" \/><\/span><\/a><\/div><\/li><\/ul><\/div><\/div>[\/vc_column_inner][vc_column_inner width=&#8221;1\/3&#8243;][\/vc_column_inner][\/vc_row_inner][vc_empty_space height=&#8221;50&#8243;][\/vc_column][\/vc_row][vc_row css_animation=&#8221;&#8221; row_type=&#8221;row&#8221; use_row_as_full_screen_section=&#8221;no&#8221; type=&#8221;full_width&#8221; angled_section=&#8221;no&#8221; text_align=&#8221;left&#8221; background_image_as_pattern=&#8221;without_pattern&#8221; z_index=&#8221;&#8221;][vc_column][vc_gallery type=&#8221;image_grid&#8221; images=&#8221;402,401,400,399,398,397,396,395&#8243; img_size=&#8221;full&#8221; column_number=&#8221;4&#8243; grayscale=&#8221;yes&#8221; images_space=&#8221;gallery_without_space&#8221;][\/vc_column][\/vc_row][vc_row css_animation=&#8221;&#8221; row_type=&#8221;row&#8221; use_row_as_full_screen_section=&#8221;no&#8221; type=&#8221;full_width&#8221; angled_section=&#8221;no&#8221; text_align=&#8221;left&#8221; background_image_as_pattern=&#8221;without_pattern&#8221; background_color=&#8221;#ffffff&#8221; z_index=&#8221;&#8221;][vc_column][vc_empty_space][vc_single_image image=&#8221;609&#8243; img_size=&#8221;full&#8221; alignment=&#8221;center&#8221; qode_css_animation=&#8221;&#8221;][\/vc_column][\/vc_row][vc_row css_animation=&#8221;&#8221; row_type=&#8221;row&#8221; use_row_as_full_screen_section=&#8221;no&#8221; type=&#8221;full_width&#8221; angled_section=&#8221;no&#8221; text_align=&#8221;left&#8221; background_image_as_pattern=&#8221;without_pattern&#8221; background_color=&#8221;#ffffff&#8221; padding_bottom=&#8221;30&#8243; z_index=&#8221;&#8221;][vc_column][vc_column_text css=&#8221;.vc_custom_1553265629732{padding-bottom: 2% !important;}&#8221;]<\/p>\n<p style=\"text-align: center;\"><strong>EMPRESA BENEFICIARIA TIC CAMARA<\/strong><\/p>\n<p>[\/vc_column_text][vc_single_image image=&#8221;1329&#8243; img_size=&#8221;full&#8221; alignment=&#8221;center&#8221; qode_css_animation=&#8221;&#8221;][vc_empty_space][vc_column_text css=&#8221;.vc_custom_1553265587116{padding-right: 15% !important;padding-left: 15% !important;}&#8221;]<\/p>\n<p style=\"text-align: center;\"><strong>Diesel Injeccio SL<\/strong> ha sido beneficiaria del Fondo Europeo de Desarrollo Regional cuyo objetivo es mejorar el uso y la calidad de las tecnolog\u00edas de la informaci\u00f3n y de las comunicaciones y el acceso a las mismas y gracias al que ha solicitado un proyecto de creaci\u00f3n web, mail marketing y dinamizaci\u00f3n de redes sociales para mejorar visibilidad. Diciembre 2018. Para ello ha contado con el apoyo de\u00a0<a href=\"https:\/\/www.camara.es\/\"><strong>TIC C\u00e1mara<\/strong><\/a>\u00a0de la\u00a0<a href=\"https:\/\/www.camaravalencia.com\/es-ES\/Paginas\/Inicio.aspx\"><strong>C\u00e1mara de Comercio de Valencia<\/strong><\/a>.<\/p>\n<p>&nbsp;<\/p>\n<p style=\"text-align: center;\">Una manera de hacer Europa<\/p>\n<p>[\/vc_column_text][\/vc_column][\/vc_row][vc_row css_animation=&#8221;&#8221; row_type=&#8221;row&#8221; use_row_as_full_screen_section=&#8221;no&#8221; type=&#8221;grid&#8221; angled_section=&#8221;no&#8221; text_align=&#8221;left&#8221; background_image_as_pattern=&#8221;without_pattern&#8221; padding_top=&#8221;30&#8243; padding_bottom=&#8221;30&#8243; transition_delay=&#8221;0,2&#8243; z_index=&#8221;&#8221;][vc_column width=&#8221;1\/3&#8243;][vc_single_image image=&#8221;1336&#8243; img_size=&#8221;full&#8221; qode_css_animation=&#8221;&#8221;][\/vc_column][vc_column width=&#8221;2\/3&#8243;][vc_column_text]<\/p>\n<h2>AYUDAS A PROYECTOS DE DIGITALIZACI\u00d3N DE PYME (DIGITALIZA-CV)<\/h2>\n<p>DIESEL INJECCI\u00d3, S.L. ha obtenido una ayuda del Instituto Valenciano de Competitividad Empresarial (IVACE)<br \/>\nT\u00edtulo del proyecto: IMPLANTACION DE UN SISTEMA DE GESTI\u00d3N INTEGRAL (ERP) EN DIESEL INJECCI\u00d3<br \/>\nN\u00famero de Expediente IMDIGA\/2018\/182<br \/>\nImporte: 29.784,00 EUR<\/p>\n<p>El proyecto ha consistido en integrar en una sola herramienta de gesti\u00f3n las distintas \u00e1reas de la empresa: finanzas, ventas, compras, producci\u00f3n, log\u00edstica, etc. Para ello se propone la implantaci\u00f3n de un sistema de gesti\u00f3n integral (ERP) que posibilite la integraci\u00f3n de todos los procesos de la empresa, desde la llegada del pedido hasta su expedici\u00f3n, pasando por la gesti\u00f3n de las compras, la gesti\u00f3n de los almacenes de repuestos y las reparaciones. El sistema persigue centralizar toda la informaci\u00f3n en una \u00fanica herramienta de forma que se eliminen las duplicidades, reduciendo los tiempos de gesti\u00f3n y eliminando los posibles errores en la duplicaci\u00f3n de la informaci\u00f3n<\/p>\n<p>Esta ayuda se concede a trav\u00e9s del programa de Digitalizaci\u00f3n de Pyme (DIGITALIZA-CV)\u201d para el ejercicio 2018. Este programa cuenta con financiaci\u00f3n del Fondo Europeo de Desarrollo Regional (FEDER) en un porcentaje del 50% a trav\u00e9s del Programa Operativo FEDER de la Comunitat Valenciana 2014-2020.[\/vc_column_text][\/vc_column][\/vc_row]<\/p>\n<\/div>","protected":false},"excerpt":{"rendered":"<p>[vc_row css_animation=&#8221;&#8221; row_type=&#8221;row&#8221; use_row_as_full_screen_section=&#8221;no&#8221; type=&#8221;grid&#8221; anchor=&#8221;company&#8221; angled_section=&#8221;no&#8221; text_align=&#8221;center&#8221; background_image_as_pattern=&#8221;with_pattern&#8221; css=&#8221;.vc_custom_1528100427231{padding-bottom: 100px !important;background: rgba(0,40,94,0.09) url(http:\/\/dieselinjeccio.com\/wp-content\/uploads\/2016\/06\/fondo15.png?id=198) !important;background-position: center !important;background-repeat: no-repeat !important;background-size: cover !important;*background-color: rgb(0,40,94) !important;}&#8221; z_index=&#8221;&#8221;][vc_column][vc_empty_space height=&#8221;94px&#8221;][vc_column_text] OUR COMPANY [\/vc_column_text][vc_empty_space height=&#8221;24px&#8221;][vc_column_text] Di\u00e8sel Injecci\u00f3 S.L.\u00a0is a company with over 30 years of experience in the diagnosis and repair&#8230;<\/p>\n","protected":false},"author":1,"featured_media":0,"parent":0,"menu_order":0,"comment_status":"closed","ping_status":"closed","template":"full_width.php","meta":{"footnotes":""},"class_list":["post-577","page","type-page","status-publish","hentry"],"_links":{"self":[{"href":"https:\/\/dieselinjeccio.com\/en\/wp-json\/wp\/v2\/pages\/577","targetHints":{"allow":["GET"]}}],"collection":[{"href":"https:\/\/dieselinjeccio.com\/en\/wp-json\/wp\/v2\/pages"}],"about":[{"href":"https:\/\/dieselinjeccio.com\/en\/wp-json\/wp\/v2\/types\/page"}],"author":[{"embeddable":true,"href":"https:\/\/dieselinjeccio.com\/en\/wp-json\/wp\/v2\/users\/1"}],"replies":[{"embeddable":true,"href":"https:\/\/dieselinjeccio.com\/en\/wp-json\/wp\/v2\/comments?post=577"}],"version-history":[{"count":0,"href":"https:\/\/dieselinjeccio.com\/en\/wp-json\/wp\/v2\/pages\/577\/revisions"}],"wp:attachment":[{"href":"https:\/\/dieselinjeccio.com\/en\/wp-json\/wp\/v2\/media?parent=577"}],"curies":[{"name":"wp","href":"https:\/\/api.w.org\/{rel}","templated":true}]}}