{"id":1257,"date":"2019-02-08T16:20:53","date_gmt":"2019-02-08T16:20:53","guid":{"rendered":"https:\/\/dieselinjeccio.com\/?page_id=1257"},"modified":"2019-03-20T14:36:35","modified_gmt":"2019-03-20T14:36:35","slug":"blog","status":"publish","type":"page","link":"https:\/\/dieselinjeccio.com\/es\/blog\/","title":{"rendered":"Blog"},"content":{"rendered":"<div class=\"wpb-content-wrapper\"><p>[vc_row css_animation=\u00bb\u00bb row_type=\u00bbrow\u00bb use_row_as_full_screen_section=\u00bbno\u00bb type=\u00bbfull_width\u00bb angled_section=\u00bbno\u00bb text_align=\u00bbleft\u00bb background_image_as_pattern=\u00bbwithout_pattern\u00bb][vc_column][vc_column_text]<\/p>\n<p style=\"text-align: center; font-size: 24px;\">Bienvenidos al Blog de Di\u00e9sel Injecci\u00f3, donde encontrar\u00e1s noticias de inter\u00e9s sobre el mundo di\u00e9sel y el mundo del motor en general.<\/p>\n<p>[\/vc_column_text][vc_empty_space][\/vc_column][\/vc_row][vc_row css_animation=\u00bb\u00bb row_type=\u00bbrow\u00bb use_row_as_full_screen_section=\u00bbno\u00bb type=\u00bbfull_width\u00bb angled_section=\u00bbno\u00bb text_align=\u00bbleft\u00bb background_image_as_pattern=\u00bbwithout_pattern\u00bb][vc_column]<div class='q_masonry_blog'><div class=\"q_masonry_blog_grid_sizer\"><\/div><div class=\"q_masonry_blog_grid_gutter\"><\/div><article class=\"post-1281 post type-post status-publish format-standard has-post-thumbnail hentry category-noticias\"><div class=\"q_masonry_blog_post_image\"><a itemprop=\"url\" href=\"https:\/\/dieselinjeccio.com\/es\/que-es-la-bomba-de-inyeccion-diesel-y-como-saber-cuando-repararla\/\" target=\"_self\"><img decoding=\"async\" itemprop=\"image\" src=\"https:\/\/dieselinjeccio.com\/wp-content\/uploads\/2019\/03\/servicio-reparacion-bombas-inyectoras-bosch.jpg\" alt=\"\" \/><\/a><\/div><div class=\"q_masonry_blog_post_text\"><h2 itemprop=\"name\" class=\"q_masonry_blog_title entry_title\"><a itemprop=\"url\" href=\"https:\/\/dieselinjeccio.com\/es\/que-es-la-bomba-de-inyeccion-diesel-y-como-saber-cuando-repararla\/\">Qu\u00e9 es la Bomba de Inyecci\u00f3n Dies\u00e9l y como saber cuando repararla<\/a><\/h2><p itemprop=\"description\" class=\"q_masonry_blog_excerpt\">[vc_row css_animation=\u00bb\u00bb row_type=\u00bbrow\u00bb use_row_as_full_screen_section=\u00bbno\u00bb type=\u00bbfull_width\u00bb angled_section=\u00bbno\u00bb text_align=\u00bbleft\u00bb background_image_as_pattern=\u00bbwithout_pattern\u00bb css=\u00bb.vc_custom_1553086807920{padding-bottom: 3% !important;}\u00bb z_index=\u00bb\u00bb][vc_column][vc_column_text] Qu\u00e9 es la Bomba de Inyecci\u00f3n Di\u00e9sel [\/vc_column_text][vc_separator type=\u00bbtransparent\u00bb][vc_column_text]La Bomba de Inyecci\u00f3n Di\u00e9sel es el componente del veh\u00edculo encargado de elevar la presi\u00f3n del combustible y enviarlo al motor de una forma correcta.[\/vc_column_text][vc_separator......<\/p><div class=\"q_masonry_blog_post_info\"><span itemprop=\"dateCreated\" class=\"time entry_date updated\">20 marzo, 2019<meta itemprop=\"interactionCount\" content=\"UserComments:0\"\/><\/span><\/div><\/div><\/article><article class=\"post-1232 post type-post status-publish format-standard has-post-thumbnail hentry\"><div class=\"q_masonry_blog_post_image\"><a itemprop=\"url\" href=\"https:\/\/dieselinjeccio.com\/es\/la-verdad-sobre-el-diesel\/\" target=\"_self\"><img decoding=\"async\" itemprop=\"image\" src=\"https:\/\/dieselinjeccio.com\/wp-content\/uploads\/2019\/02\/AP18266382644873-800x400.jpg\" alt=\"\" \/><\/a><\/div><div class=\"q_masonry_blog_post_text\"><h2 itemprop=\"name\" class=\"q_masonry_blog_title entry_title\"><a itemprop=\"url\" href=\"https:\/\/dieselinjeccio.com\/es\/la-verdad-sobre-el-diesel\/\">La verdad sobre el Di\u00e9sel<\/a><\/h2><p itemprop=\"description\" class=\"q_masonry_blog_excerpt\">LA VERDAD SOBRE EL DI\u00c9SEL \u201cEl di\u00e9sel tiene los d\u00edas contados\u201d MEEC. Craso error. \u00bfSab\u00edas qu\u00e9, si los nuevos veh\u00edculos di\u00e9sel contaminaran m\u00e1s que los gasolina o h\u00edbridos, no estar\u00eda permitida su venta? Y es que, las leyes de contaminaci\u00f3n, no discriminan entre motores. Los......<\/p><div class=\"q_masonry_blog_post_info\"><span itemprop=\"dateCreated\" class=\"time entry_date updated\">08 febrero, 2019<meta itemprop=\"interactionCount\" content=\"UserComments:0\"\/><\/span><\/div><\/div><\/article><\/div>[\/vc_column][\/vc_row]<\/p>\n<\/div>","protected":false},"excerpt":{"rendered":"<p>[vc_row css_animation=\u00bb\u00bb row_type=\u00bbrow\u00bb use_row_as_full_screen_section=\u00bbno\u00bb type=\u00bbfull_width\u00bb angled_section=\u00bbno\u00bb text_align=\u00bbleft\u00bb background_image_as_pattern=\u00bbwithout_pattern\u00bb][vc_column][vc_column_text] Bienvenidos al Blog de Di\u00e9sel Injecci\u00f3, donde encontrar\u00e1s noticias de inter\u00e9s sobre el mundo di\u00e9sel y el mundo del motor en general. [\/vc_column_text][vc_empty_space][\/vc_column][\/vc_row][vc_row css_animation=\u00bb\u00bb row_type=\u00bbrow\u00bb use_row_as_full_screen_section=\u00bbno\u00bb type=\u00bbfull_width\u00bb angled_section=\u00bbno\u00bb text_align=\u00bbleft\u00bb background_image_as_pattern=\u00bbwithout_pattern\u00bb][vc_column][\/vc_column][\/vc_row]<\/p>\n","protected":false},"author":2,"featured_media":0,"parent":0,"menu_order":0,"comment_status":"closed","ping_status":"closed","template":"","meta":{"footnotes":""},"class_list":["post-1257","page","type-page","status-publish","hentry"],"_links":{"self":[{"href":"https:\/\/dieselinjeccio.com\/es\/wp-json\/wp\/v2\/pages\/1257","targetHints":{"allow":["GET"]}}],"collection":[{"href":"https:\/\/dieselinjeccio.com\/es\/wp-json\/wp\/v2\/pages"}],"about":[{"href":"https:\/\/dieselinjeccio.com\/es\/wp-json\/wp\/v2\/types\/page"}],"author":[{"embeddable":true,"href":"https:\/\/dieselinjeccio.com\/es\/wp-json\/wp\/v2\/users\/2"}],"replies":[{"embeddable":true,"href":"https:\/\/dieselinjeccio.com\/es\/wp-json\/wp\/v2\/comments?post=1257"}],"version-history":[{"count":0,"href":"https:\/\/dieselinjeccio.com\/es\/wp-json\/wp\/v2\/pages\/1257\/revisions"}],"wp:attachment":[{"href":"https:\/\/dieselinjeccio.com\/es\/wp-json\/wp\/v2\/media?parent=1257"}],"curies":[{"name":"wp","href":"https:\/\/api.w.org\/{rel}","templated":true}]}}