{"id":1401,"date":"2021-07-22T08:14:13","date_gmt":"2021-07-22T08:14:13","guid":{"rendered":"https:\/\/dieselinjeccio.com\/?page_id=1401"},"modified":"2021-07-22T08:14:13","modified_gmt":"2021-07-22T08:14:13","slug":"politica-de-privacidad","status":"publish","type":"page","link":"https:\/\/dieselinjeccio.com\/es\/politica-de-privacidad\/","title":{"rendered":"Pol\u00edtica de privacidad"},"content":{"rendered":"<div class=\"wpb-content-wrapper\"><p>[vc_row css_animation=\u00bb\u00bb row_type=\u00bbrow\u00bb use_row_as_full_screen_section=\u00bbno\u00bb type=\u00bbgrid\u00bb angled_section=\u00bbno\u00bb text_align=\u00bbleft\u00bb background_image_as_pattern=\u00bbwithout_pattern\u00bb css=\u00bb.vc_custom_1626941649167{padding: 30px !important;}\u00bb z_index=\u00bb\u00bb][vc_column][vc_column_text]<strong>POL\u00cdTICA DE PRIVACIDAD<\/strong><\/p>\n<p>En DIESEL INJECCIO, S.L. nos preocupamos por la privacidad y la transparencia.<br \/>\nEn virtud de lo dispuesto en el Reglamento (UE) 2016\/679 del Parlamento Europeo y del Consejo, de 27 de abril de 2016, relativo a la protecci\u00f3n de las personas f\u00edsicas en lo que respecta al tratamiento de datos personales y a la libre circulaci\u00f3n de estos datos (en adelante, el \u201cRGPD\u201d), y a la Ley Org\u00e1nica 3\/2018, de 5 de diciembre, de Protecci\u00f3n de Datos Personales y Garant\u00eda de Derechos Digitales (LOPDGDD), le indicamos en detalle los tratamientos de datos personales que realizamos, as\u00ed como toda la informaci\u00f3n relativa a los mismos.<\/p>\n<p>&nbsp;<\/p>\n<p><strong>Qui\u00e9n es el responsable del tratamiento de sus datos?<\/strong><\/p>\n<p>&nbsp;<\/p>\n<p>DIESEL INJECCIO, S.L.<br \/>\nB97546493<br \/>\nAVINGUDA PONENT, N\u00ba10 &#8211; 46724 &#8211; PALMA DE GANDIA &#8211; VALENCIA<br \/>\n962808663<br \/>\ndieselinjeccio@dieselinjeccio.com<\/p>\n<p>&nbsp;<\/p>\n<p><strong>\u00bfCu\u00e1les son sus derechos cuando nos facilita sus datos?<\/strong><br \/>\nCualquier persona tiene derecho a obtener confirmaci\u00f3n sobre si en DIESEL INJECCIO, S.L. estamos tratando, o no, datos personales que les conciernan.<\/p>\n<p>Las personas interesadas tienen derecho a acceder a sus datos personales, as\u00ed como a solicitar la rectificaci\u00f3n de los datos inexactos o, en su caso, solicitar su supresi\u00f3n cuando, entre otros motivos, los datos ya no sean necesarios para los fines que fueron recogidos. Igualmente tiene derecho a la portabilidad de sus datos.<\/p>\n<p>En determinadas circunstancias, los interesados podr\u00e1n solicitar la limitaci\u00f3n del tratamiento de sus datos, en cuyo caso \u00fanicamente los conservaremos para el ejercicio o la defensa de reclamaciones.<br \/>\nEn determinadas circunstancias y por motivos relacionados con su situaci\u00f3n particular, los interesados podr\u00e1n oponerse al tratamiento de sus datos. En este caso, DIESEL INJECCIO, S.L. dejar\u00e1 de tratar los datos, salvo por motivos leg\u00edtimos imperiosos, o el ejercicio o la defensa de posibles reclamaciones.<\/p>\n<p>Podr\u00e1 ejercitar materialmente sus derechos de la siguiente forma: dirigi\u00e9ndose a la direcci\u00f3n del responsable del tratamiento<br \/>\nCuando se realice el env\u00edo de comunicaciones comerciales utilizando como base jur\u00eddica el inter\u00e9s leg\u00edtimo del responsable, el interesado podr\u00e1 oponerse al tratamiento de sus datos con ese fin.<br \/>\nSi ha otorgado su consentimiento para alguna finalidad concreta, tiene derecho a retirar el consentimiento otorgado en cualquier momento, sin que ello afecte a la licitud del tratamiento basado en el consentimiento previo a su retirada.<\/p>\n<p>En caso de que sienta vulnerados sus derechos en lo concerniente a la protecci\u00f3n de sus datos personales, especialmente cuando no haya obtenido satisfacci\u00f3n en el ejercicio de sus derechos, puede presentar una reclamaci\u00f3n ante la Autoridad de Control en materia de Protecci\u00f3n de Datos competente a trav\u00e9s de su sitio web: www.aepd.es.<\/p>\n<p>&nbsp;<\/p>\n<p>&nbsp;<\/p>\n<p><b>Tratamiento de los datos de candidatos a un puesto de trabajo<\/b><\/p>\n<p>&nbsp;<\/p>\n<ul>\n<li aria-level=\"1\"><b>\u00bfCon qu\u00e9 finalidad tratamos sus datos personales?<\/b><\/li>\n<\/ul>\n<p><span style=\"font-weight: 400;\">En DIESEL INJECCIO, S.L. tratamos la informaci\u00f3n que nos facilitan las personas candidatas a un puesto de trabajo con el fin de gestionar los Curriculum Vitae recibidos y realizar los procesos de selecci\u00f3n de personal. En el caso de que no facilite sus datos personales, no podremos cumplir con las finalidades descritas. No se van a tomar decisiones automatizadas en base a los datos proporcionados.<\/span><\/p>\n<ul>\n<li aria-level=\"1\"><b>\u00bfPor cu\u00e1nto tiempo conservaremos sus datos?<\/b><\/li>\n<\/ul>\n<p><span style=\"font-weight: 400;\">Dos a\u00f1os desde la \u00faltima interacci\u00f3n<\/span><\/p>\n<ul>\n<li aria-level=\"1\"><b>\u00bfCu\u00e1l es la legitimaci\u00f3n para el tratamiento de sus datos?<\/b><\/li>\n<\/ul>\n<p><span style=\"font-weight: 400;\">Le indicamos la base legal para el tratamiento de sus datos:<\/span><\/p>\n<ul>\n<li style=\"font-weight: 400;\" aria-level=\"1\"><span style=\"font-weight: 400;\">Consentimiento del interesado: Gestionar los Curriculum Vitae recibidos y realizar los procesos de selecci\u00f3n de personal.<\/span><\/li>\n<\/ul>\n<ul>\n<li aria-level=\"1\"><b>\u00bfA qu\u00e9 destinatarios se comunicar\u00e1n sus datos?<\/b><\/li>\n<\/ul>\n<p><span style=\"font-weight: 400;\">No se ceder\u00e1n datos a terceros, salvo obligaci\u00f3n legal.<\/span><\/p>\n<ul>\n<li aria-level=\"1\"><b>Transferencias de datos a terceros pa\u00edses<\/b><\/li>\n<\/ul>\n<p><span style=\"font-weight: 400;\">No est\u00e1n previstas transferencias de datos a terceros pa\u00edses.<\/span><\/p>\n<ul>\n<li aria-level=\"1\"><b>\u00bfC\u00f3mo hemos obtenido sus datos?<\/b><\/li>\n<\/ul>\n<p><span style=\"font-weight: 400;\">Los datos personales que tratamos en DIESEL INJECCIO, S.L. proceden del propio interesado. Las categor\u00edas de datos que se tratan son:<\/span><\/p>\n<ul>\n<li style=\"font-weight: 400;\" aria-level=\"1\"><span style=\"font-weight: 400;\">Datos identificativos.<\/span><\/li>\n<li style=\"font-weight: 400;\" aria-level=\"1\"><span style=\"font-weight: 400;\">Direcciones postales y electr\u00f3nicas.<\/span><\/li>\n<li style=\"font-weight: 400;\" aria-level=\"1\"><span style=\"font-weight: 400;\">Datos acad\u00e9micos y profesionales<\/span><\/li>\n<\/ul>\n<p>&nbsp;<\/p>\n<p><b>Tratamiento de los datos de clientes<\/b><\/p>\n<ul>\n<li aria-level=\"1\"><b>\u00bfCon qu\u00e9 finalidad tratamos sus datos personales?<\/b><\/li>\n<\/ul>\n<p><span style=\"font-weight: 400;\">En DIESEL INJECCIO, S.L. tratamos la informaci\u00f3n que nos facilitan nuestros clientes con el fin de realizar la gesti\u00f3n administrativa, contable y fiscal de los servicios solicitados, as\u00ed como enviar comunicaciones comerciales sobre nuestros productos y servicios. En el caso de que no facilite sus datos personales, no podremos cumplir con las finalidades descritas. No se van a tomar decisiones automatizadas en base a los datos proporcionados.<\/span><\/p>\n<ul>\n<li aria-level=\"1\"><b>\u00bfPor cu\u00e1nto tiempo conservaremos sus datos?<\/b><\/li>\n<\/ul>\n<p><span style=\"font-weight: 400;\">Los datos se conservar\u00e1n mientras el interesado no solicite su supresi\u00f3n, y en su caso, durante los a\u00f1os necesarios para cumplir con las obligaciones legales.<\/span><\/p>\n<ul>\n<li aria-level=\"1\"><b>\u00bfCu\u00e1l es la legitimaci\u00f3n para el tratamiento de sus datos?<\/b><\/li>\n<\/ul>\n<p><span style=\"font-weight: 400;\">Le indicamos la base legal para el tratamiento de sus datos:<\/span><\/p>\n<ul>\n<li style=\"font-weight: 400;\" aria-level=\"1\"><span style=\"font-weight: 400;\">Ejecuci\u00f3n de un contrato: Realizar la gesti\u00f3n administrativa, contable y fiscal de los servicios solicitados.<\/span><\/li>\n<li style=\"font-weight: 400;\" aria-level=\"1\"><span style=\"font-weight: 400;\">Inter\u00e9s leg\u00edtimo del Responsable: Enviar comunicaciones comerciales v\u00eda electr\u00f3nica sobre nuestros productos y servicios.<\/span><\/li>\n<\/ul>\n<ul>\n<li aria-level=\"1\"><b>\u00bfA qu\u00e9 destinatarios se comunicar\u00e1n sus datos?<\/b><\/li>\n<\/ul>\n<p><span style=\"font-weight: 400;\">Los datos se comunicar\u00e1n a los siguientes destinatarios:<\/span><\/p>\n<ul>\n<li style=\"font-weight: 400;\" aria-level=\"1\"><span style=\"font-weight: 400;\">Administraci\u00f3n Tributaria, con la finalidad de cumplir con las obligaciones legales (requisito legal).<\/span><\/li>\n<li style=\"font-weight: 400;\" aria-level=\"1\"><span style=\"font-weight: 400;\">Entidades financieras, con la finalidad de girar los recibos correspondientes (requisito contractual).<\/span><\/li>\n<\/ul>\n<ul>\n<li aria-level=\"1\"><b>Transferencias de datos a terceros pa\u00edses<\/b><\/li>\n<\/ul>\n<p><span style=\"font-weight: 400;\">No est\u00e1n previstas transferencias de datos a terceros pa\u00edses.<\/span><\/p>\n<ul>\n<li aria-level=\"1\"><b>\u00bfC\u00f3mo hemos obtenido sus datos?<\/b><\/li>\n<\/ul>\n<p><span style=\"font-weight: 400;\">Los datos personales que tratamos en DIESEL INJECCIO, S.L. proceden del propio interesado. Las categor\u00edas de datos que se tratan son:<\/span><\/p>\n<ul>\n<li style=\"font-weight: 400;\" aria-level=\"1\"><span style=\"font-weight: 400;\">Datos identificativos.<\/span><\/li>\n<li style=\"font-weight: 400;\" aria-level=\"1\"><span style=\"font-weight: 400;\">Direcciones postales y electr\u00f3nicas.<\/span><\/li>\n<li style=\"font-weight: 400;\" aria-level=\"1\"><span style=\"font-weight: 400;\">Datos econ\u00f3micos.<\/span><\/li>\n<\/ul>\n<p>&nbsp;<\/p>\n<p><b>Tratamiento de los datos de potenciales clientes y contactos web<\/b><\/p>\n<ul>\n<li aria-level=\"1\"><b>\u00bfCon qu\u00e9 finalidad tratamos sus datos personales?<\/b><\/li>\n<\/ul>\n<p><span style=\"font-weight: 400;\">En DIESEL INJECCIO, S.L. tratamos la informaci\u00f3n que nos facilitan las personas interesadas con el fin de atender su solicitud y enviarle comunicaciones comerciales, inclusive por v\u00eda electr\u00f3nica. En el caso de que no facilite sus datos personales, no podremos cumplir con las finalidades descritas. No se van a tomar decisiones automatizadas en base a los datos proporcionados.<\/span><\/p>\n<ul>\n<li aria-level=\"1\"><b>\u00bfPor cu\u00e1nto tiempo conservaremos sus datos?<\/b><\/li>\n<\/ul>\n<p><span style=\"font-weight: 400;\">Los datos se conservar\u00e1n mientras el interesado no solicite su supresi\u00f3n.<\/span><\/p>\n<ul>\n<li aria-level=\"1\"><b>\u00bfCu\u00e1l es la legitimaci\u00f3n para el tratamiento de sus datos?<\/b><\/li>\n<\/ul>\n<p><span style=\"font-weight: 400;\">Le indicamos la base legal para el tratamiento de sus datos:<\/span><\/p>\n<ul>\n<li style=\"font-weight: 400;\" aria-level=\"1\"><span style=\"font-weight: 400;\">Ejecuci\u00f3n de un contrato: Atender su solicitud.<\/span><\/li>\n<li style=\"font-weight: 400;\" aria-level=\"1\"><span style=\"font-weight: 400;\">Consentimiento del interesado: Enviarle comunicaciones comerciales, inclusive por v\u00eda electr\u00f3nica.<\/span><\/li>\n<\/ul>\n<ul>\n<li aria-level=\"1\"><b>\u00bfA qu\u00e9 destinatarios se comunicar\u00e1n sus datos?<\/b><\/li>\n<\/ul>\n<p><span style=\"font-weight: 400;\">No se ceder\u00e1n datos a terceros, salvo obligaci\u00f3n legal.<\/span><\/p>\n<ul>\n<li aria-level=\"1\"><b>Transferencias de datos a terceros pa\u00edses<\/b><\/li>\n<\/ul>\n<p><span style=\"font-weight: 400;\">No est\u00e1n previstas transferencias de datos a terceros pa\u00edses.<\/span><\/p>\n<ul>\n<li aria-level=\"1\"><b>\u00bfC\u00f3mo hemos obtenido sus datos?<\/b><\/li>\n<\/ul>\n<p><span style=\"font-weight: 400;\">Los datos personales que tratamos en DIESEL INJECCIO, S.L. proceden del propio interesado. Las categor\u00edas de datos que se tratan son:<\/span><\/p>\n<ul>\n<li style=\"font-weight: 400;\" aria-level=\"1\"><span style=\"font-weight: 400;\">Direcciones postales y electr\u00f3nicas.<\/span><\/li>\n<li style=\"font-weight: 400;\" aria-level=\"1\"><span style=\"font-weight: 400;\">Informaci\u00f3n comercial.<\/span><\/li>\n<\/ul>\n<p>&nbsp;<\/p>\n<p><b>Tratamiento de los datos de proveedores<\/b><\/p>\n<ul>\n<li aria-level=\"1\"><b>\u00bfCon qu\u00e9 finalidad tratamos sus datos personales?<\/b><\/li>\n<\/ul>\n<p><span style=\"font-weight: 400;\">En DIESEL INJECCIO, S.L. tratamos la informaci\u00f3n que nos facilitan nuestros proveedores con el fin de realizar la gesti\u00f3n administrativa, contable y fiscal de los servicios contratados, as\u00ed como de las personas de contacto. En el caso de que no facilite sus datos personales, no podremos cumplir con las finalidades descritas. No se van a tomar decisiones automatizadas en base a los datos proporcionados.<\/span><\/p>\n<ul>\n<li aria-level=\"1\"><b>\u00bfPor cu\u00e1nto tiempo conservaremos sus datos?<\/b><\/li>\n<\/ul>\n<p><span style=\"font-weight: 400;\">Los datos se conservar\u00e1n mientras el interesado no solicite su supresi\u00f3n, y en su caso, durante los a\u00f1os necesarios para cumplir con las obligaciones legales.<\/span><\/p>\n<ul>\n<li aria-level=\"1\"><b>\u00bfCu\u00e1l es la legitimaci\u00f3n para el tratamiento de sus datos?<\/b><\/li>\n<\/ul>\n<p><span style=\"font-weight: 400;\">Le indicamos la base legal para el tratamiento de sus datos:<\/span><\/p>\n<ul>\n<li style=\"font-weight: 400;\" aria-level=\"1\"><span style=\"font-weight: 400;\">Ejecuci\u00f3n de un contrato: Realizar la gesti\u00f3n administrativa, contable y fiscal de los servicios contratados, as\u00ed como de las personas de contacto<\/span><\/li>\n<\/ul>\n<ul>\n<li aria-level=\"1\"><b>\u00bfA qu\u00e9 destinatarios se comunicar\u00e1n sus datos?<\/b><\/li>\n<\/ul>\n<p><span style=\"font-weight: 400;\">Los datos se comunicar\u00e1n a los siguientes destinatarios:<\/span><\/p>\n<ul>\n<li style=\"font-weight: 400;\" aria-level=\"1\"><span style=\"font-weight: 400;\">Administraci\u00f3n Tributaria, con la finalidad de cumplir con las obligaciones legales (requisito legal).<\/span><\/li>\n<li style=\"font-weight: 400;\" aria-level=\"1\"><span style=\"font-weight: 400;\">Entidades financieras, con la finalidad de realizar los pagos correspondientes (requisito contractual).<\/span><\/li>\n<\/ul>\n<ul>\n<li aria-level=\"1\"><b>Transferencias de datos a terceros pa\u00edses<\/b><\/li>\n<\/ul>\n<p><span style=\"font-weight: 400;\">No est\u00e1n previstas transferencias de datos a terceros pa\u00edses.<\/span><\/p>\n<ul>\n<li aria-level=\"1\"><b>\u00bfC\u00f3mo hemos obtenido sus datos?<\/b><\/li>\n<\/ul>\n<p><span style=\"font-weight: 400;\">Los datos personales que tratamos en DIESEL INJECCIO, S.L. proceden del propio interesado. Las categor\u00edas de datos que se tratan son:<\/span><\/p>\n<ul>\n<li style=\"font-weight: 400;\" aria-level=\"1\"><span style=\"font-weight: 400;\">Datos identificativos.<\/span><\/li>\n<li style=\"font-weight: 400;\" aria-level=\"1\"><span style=\"font-weight: 400;\">Direcciones postales y electr\u00f3nicas.<\/span><\/li>\n<\/ul>\n<p>&nbsp;<\/p>\n<p><b>Tratamiento de los datos de videovigilancia<\/b><\/p>\n<ul>\n<li aria-level=\"1\"><b>\u00bfCon qu\u00e9 finalidad tratamos sus datos personales?<\/b><\/li>\n<\/ul>\n<p><span style=\"font-weight: 400;\">En DIESEL INJECCIO, S.L. tratamos las im\u00e1genes captadas por nuestras c\u00e1maras de videovigilancia con el fin de garantizar la seguridad de las personas, bienes e instalaciones. En el caso de que no facilite sus datos personales, no podremos cumplir con las finalidades descritas. No se van a tomar decisiones automatizadas en base a los datos proporcionados.<\/span><\/p>\n<ul>\n<li aria-level=\"1\"><b>\u00bfPor cu\u00e1nto tiempo conservaremos sus datos?<\/b><\/li>\n<\/ul>\n<p><span style=\"font-weight: 400;\">Los datos se conservar\u00e1n un m\u00e1ximo de 30 d\u00edas, salvo comunicaci\u00f3n a Fuerzas y Cuerpos de Seguridad, y\/o Juzgados y Tribunales.<\/span><\/p>\n<ul>\n<li aria-level=\"1\"><b>\u00bfCu\u00e1l es la legitimaci\u00f3n para el tratamiento de sus datos?<\/b><\/li>\n<\/ul>\n<p><span style=\"font-weight: 400;\">Le indicamos la base legal para el tratamiento de sus datos:<\/span><\/p>\n<ul>\n<li style=\"font-weight: 400;\" aria-level=\"1\"><span style=\"font-weight: 400;\">Misi\u00f3n en Inter\u00e9s p\u00fablico: Garantizar la seguridad de las personas, bienes e instalaciones<\/span><\/li>\n<\/ul>\n<ul>\n<li aria-level=\"1\"><b>\u00bfA qu\u00e9 destinatarios se comunicar\u00e1n sus datos?<\/b><\/li>\n<\/ul>\n<p><span style=\"font-weight: 400;\">Los datos se comunicar\u00e1n a los siguientes destinatarios:<\/span><\/p>\n<ul>\n<li style=\"font-weight: 400;\" aria-level=\"1\"><span style=\"font-weight: 400;\">En su caso, las fuerzas y cuerpos de seguridad del Estado, as\u00ed como Juzgados y Tribunales, con la finalidad de aportar las im\u00e1genes si se ha cometido un delito (requisito legal).<\/span><\/li>\n<\/ul>\n<ul>\n<li aria-level=\"1\"><b>Transferencias de datos a terceros pa\u00edses<\/b><\/li>\n<\/ul>\n<p><span style=\"font-weight: 400;\">No est\u00e1n previstas transferencias de datos a terceros pa\u00edses.<\/span><\/p>\n<ul>\n<li aria-level=\"1\"><b>\u00bfC\u00f3mo hemos obtenido sus datos?<\/b><\/li>\n<\/ul>\n<p><span style=\"font-weight: 400;\">Los datos personales que tratamos en DIESEL INJECCIO, S.L. proceden de: El propio interesado. Las categor\u00edas de datos que se tratan son:<\/span><\/p>\n<ul>\n<li style=\"font-weight: 400;\" aria-level=\"1\"><span style=\"font-weight: 400;\">Datos identificativos.<\/span><\/li>\n<\/ul>\n<p>&nbsp;<\/p>\n<p><b>Tratamiento de los datos para el env\u00edo de la Newsletter<\/b><\/p>\n<ul>\n<li aria-level=\"1\"><b>\u00bfCon qu\u00e9 finalidad tratamos sus datos personales?<\/b><\/li>\n<\/ul>\n<p><span style=\"font-weight: 400;\">En DIESEL INJECCIO, S.L. tratamos la informaci\u00f3n que nos facilitan las personas interesadas con el fin de gestionar la suscripci\u00f3n de la Newsletter, que mandamos de forma peri\u00f3dica a los interesados que se suscriben a ella. En el caso de que no facilite sus datos personales, no podremos cumplir con las finalidades descritas. No se van a tomar decisiones automatizadas en base a los datos proporcionados.<\/span><\/p>\n<ul>\n<li aria-level=\"1\"><b>\u00bfPor cu\u00e1nto tiempo conservaremos sus datos?<\/b><\/li>\n<\/ul>\n<p><span style=\"font-weight: 400;\">Los datos se conservar\u00e1n mientras no manifieste su deseo de que sean suprimidos.<\/span><\/p>\n<ul>\n<li aria-level=\"1\"><b>\u00bfCu\u00e1l es la legitimaci\u00f3n para el tratamiento de sus datos?<\/b><\/li>\n<\/ul>\n<p><span style=\"font-weight: 400;\">Le indicamos la base legal para el tratamiento de sus datos:<\/span><\/p>\n<ul>\n<li style=\"font-weight: 400;\" aria-level=\"1\"><span style=\"font-weight: 400;\">Consentimiento del interesado: Env\u00edo peri\u00f3dico de la Newsletter.<\/span><\/li>\n<\/ul>\n<ul>\n<li aria-level=\"1\"><b>\u00bfA qu\u00e9 destinatarios se comunicar\u00e1n sus datos?<\/b><\/li>\n<\/ul>\n<p><span style=\"font-weight: 400;\">No se ceder\u00e1n datos a terceros, salvo obligaci\u00f3n legal.<\/span><\/p>\n<ul>\n<li aria-level=\"1\"><b>Transferencias de datos a terceros pa\u00edses<\/b><\/li>\n<\/ul>\n<p><span style=\"font-weight: 400;\">No est\u00e1n previstas transferencias de datos a terceros pa\u00edses.<\/span><\/p>\n<ul>\n<li aria-level=\"1\"><b>\u00bfC\u00f3mo hemos obtenido sus datos?<\/b><\/li>\n<\/ul>\n<p><span style=\"font-weight: 400;\">Los datos personales que tratamos en DIESEL INJECCIO, S.L. proceden del propio interesado. Las categor\u00edas de datos que se tratan son:<\/span><\/p>\n<ul>\n<li style=\"font-weight: 400;\" aria-level=\"1\"><span style=\"font-weight: 400;\">Direcciones postales o electr\u00f3nicas<\/span><\/li>\n<\/ul>\n<p>[\/vc_column_text][\/vc_column][\/vc_row]<\/p>\n<\/div>","protected":false},"excerpt":{"rendered":"<p>[vc_row css_animation=\u00bb\u00bb row_type=\u00bbrow\u00bb use_row_as_full_screen_section=\u00bbno\u00bb type=\u00bbgrid\u00bb angled_section=\u00bbno\u00bb text_align=\u00bbleft\u00bb background_image_as_pattern=\u00bbwithout_pattern\u00bb css=\u00bb.vc_custom_1626941649167{padding: 30px !important;}\u00bb z_index=\u00bb\u00bb][vc_column][vc_column_text]POL\u00cdTICA DE PRIVACIDAD En DIESEL INJECCIO, S.L. nos preocupamos por la privacidad y la transparencia. En virtud de lo dispuesto en el Reglamento (UE) 2016\/679 del Parlamento Europeo y del Consejo, de 27 de&#8230;<\/p>\n","protected":false},"author":2,"featured_media":0,"parent":0,"menu_order":0,"comment_status":"closed","ping_status":"closed","template":"","meta":{"footnotes":""},"class_list":["post-1401","page","type-page","status-publish","hentry"],"_links":{"self":[{"href":"https:\/\/dieselinjeccio.com\/es\/wp-json\/wp\/v2\/pages\/1401","targetHints":{"allow":["GET"]}}],"collection":[{"href":"https:\/\/dieselinjeccio.com\/es\/wp-json\/wp\/v2\/pages"}],"about":[{"href":"https:\/\/dieselinjeccio.com\/es\/wp-json\/wp\/v2\/types\/page"}],"author":[{"embeddable":true,"href":"https:\/\/dieselinjeccio.com\/es\/wp-json\/wp\/v2\/users\/2"}],"replies":[{"embeddable":true,"href":"https:\/\/dieselinjeccio.com\/es\/wp-json\/wp\/v2\/comments?post=1401"}],"version-history":[{"count":0,"href":"https:\/\/dieselinjeccio.com\/es\/wp-json\/wp\/v2\/pages\/1401\/revisions"}],"wp:attachment":[{"href":"https:\/\/dieselinjeccio.com\/es\/wp-json\/wp\/v2\/media?parent=1401"}],"curies":[{"name":"wp","href":"https:\/\/api.w.org\/{rel}","templated":true}]}}