{"id":314,"date":"2017-06-06T10:33:18","date_gmt":"2017-06-06T10:33:18","guid":{"rendered":"http:\/\/dieselinjeccio.com\/?page_id=314"},"modified":"2025-09-29T11:31:51","modified_gmt":"2025-09-29T11:31:51","slug":"reparacion-y-reconstruccion-de-equipos-de-inyeccion-diesel","status":"publish","type":"page","link":"https:\/\/dieselinjeccio.com\/es\/","title":{"rendered":"Home"},"content":{"rendered":"<div class=\"wpb-content-wrapper\"><p>[vc_row css_animation=\u00bb\u00bb row_type=\u00bbrow\u00bb use_row_as_full_screen_section=\u00bbno\u00bb type=\u00bbgrid\u00bb angled_section=\u00bbno\u00bb text_align=\u00bbcenter\u00bb background_image_as_pattern=\u00bbwith_pattern\u00bb anchor=\u00bbempresa\u00bb css=\u00bb.vc_custom_1498558316840{padding-bottom: 100px !important;background: rgba(0,40,94,0.09) url(http:\/\/dieselinjeccio.com\/wp-content\/uploads\/2016\/06\/fondo15.png?id=198) !important;background-position: center !important;background-repeat: no-repeat !important;background-size: cover !important;*background-color: rgb(0,40,94) !important;}\u00bb][vc_column][vc_empty_space height=\u00bb94px\u00bb][vc_column_text css=\u00bb\u00bb]<\/p>\n<h1 style=\"text-align: center;\">\u00a0Reparaci\u00f3n y reconstrucci\u00f3n de equipos de inyecci\u00f3n di\u00e9sel<\/h1>\n<p>[\/vc_column_text][vc_empty_space height=\u00bb24px\u00bb][vc_column_text]<\/p>\n<p style=\"text-align: left;\">M\u00e1s de 30 a\u00f1os de experiencia en <strong>diagn\u00f3stico y reparaci\u00f3n de equipos de inyecci\u00f3n di\u00e9sel<\/strong> nos convierte en referentes del sector. Nuestro \u00edmpetu por seguir mejorando nos ha llevado a pertenecer a distintas redes de talleres y convertirnos en un taller experto en proveer soporte oficial para todos los productos di\u00e9sel de Bosch, Delphi, Denso, Siemens, entre una gran variedad de marcas.<\/p>\n<p>&nbsp;<\/p>\n<h3 style=\"text-align: left;\"><strong><span style=\"color: #0d2759;\">Laboratorio de Inyecci\u00f3n Diesel \u00abNext Gen\u00bb<\/span><\/strong><\/h3>\n<p>&nbsp;<\/p>\n<p style=\"text-align: left;\">Nuestra meta como empresa es seguir creciendo y mejorando nuestros servicios integrales. Nos gusta ofrecer una gran variedad de opciones a nuestros clientes y por eso seguimos trabajando en ofrecer un gran equipo humano, las \u00faltimas tecnolog\u00edas y todo, a los precios m\u00e1s competitivos.<\/p>\n<p style=\"text-align: left;\">Crecer como empresa nos ayuda a crecer en opciones de cara a nuestros clientes. Queremos que la tecnolog\u00eda di\u00e9sel sea accesible para todos y dedicamos gran parte de nuestros beneficios a mejorar tecnol\u00f3gicamente e invertir en I+D. Con ello, nuestro objetivo es seguir siendo un <strong>laboratorio de inyecci\u00f3n di\u00e9sel<\/strong> de \u00faltima generaci\u00f3n.<\/p>\n<p>&nbsp;<\/p>\n<h3 style=\"text-align: left;\"><strong><span style=\"color: #0d2759;\">Diagn\u00f3stico y Reparaci\u00f3n de Sistemas Di\u00e9sel Oficiales<\/span><\/strong><\/h3>\n<p>&nbsp;<\/p>\n<p style=\"text-align: left;\">Ofrecemos un servicio con un alto grado de especializaci\u00f3n y por ello nos gusta obtener los mejores resultados. Nuestro conocimiento y experiencia en el campo del <strong>diagn\u00f3stico y reparaci\u00f3n de sistemas de inyecci\u00f3n di\u00e9sel<\/strong> nos ha convertido en BDC (<em>Bosch Diesel Center<\/em>) y DSC (<em>Delphi Service Center<\/em>), entre otras cualidades.<\/p>\n<p>[\/vc_column_text][vc_empty_space height=\u00bb200px\u00bb][\/vc_column][\/vc_row][vc_row css_animation=\u00bb\u00bb row_type=\u00bbrow\u00bb use_row_as_full_screen_section=\u00bbno\u00bb type=\u00bbgrid\u00bb angled_section=\u00bbno\u00bb text_align=\u00bbcenter\u00bb background_image_as_pattern=\u00bbwithout_pattern\u00bb anchor=\u00bbproductos\u00bb css=\u00bb.vc_custom_1498558250136{margin-top: -100px !important;background-color: #ffffff !important;}\u00bb][vc_column][vc_column_text]<\/p>\n<h2 style=\"text-align: center;\"><span style=\"color: #1e1e52;\">RECAMBIOS PARA SISTEMAS DE INYECCI\u00d3N<\/span><span style=\"color: #1e1e52;\">\u00a0<\/span><span style=\"color: #1e1e52;\">DI\u00c9SEL<\/span><\/h2>\n<p>[\/vc_column_text][vc_separator type=\u00bbsmall\u00bb position=\u00bbcenter\u00bb color=\u00bb#ff201c\u00bb thickness=\u00bb5&#8243;][\/vc_column][\/vc_row][vc_row css_animation=\u00bb\u00bb row_type=\u00bbrow\u00bb use_row_as_full_screen_section=\u00bbno\u00bb type=\u00bbgrid\u00bb angled_section=\u00bbno\u00bb text_align=\u00bbleft\u00bb background_image_as_pattern=\u00bbwithout_pattern\u00bb css=\u00bb.vc_custom_1496223348738{padding-top: 35px !important;background-color: #ffffff !important;}\u00bb][vc_column offset=\u00bbvc_col-lg-6 vc_col-md-6&#8243;]<div class=\"qode-banner qode-banner-va-bottom\"><a class=\"qode-banner-link\" href=\"#\" target=\"_self\"><\/a><div class=\"qode-banner-image\"><img decoding=\"async\" itemprop=\"image\" src=\"https:\/\/dieselinjeccio.com\/wp-content\/uploads\/2016\/06\/Tot-Injeccio_004.jpg\" alt=\"\" \/><\/div><div class=\"qode-banner-content\"><div class=\"qode-banner-content-inner\"><div class=\"qode-banner-text-holder\">\n<h2 style=\"text-align: left;\"><\/h2>\n<h2 style=\"text-align: left;\"><span style=\"color: #ffffff;\">Productos BOSCH<\/span><\/h2>\n<\/div><\/div><\/div><\/div>[vc_empty_space][\/vc_column][vc_column offset=\u00bbvc_col-lg-6 vc_col-md-6&#8243;]<div class=\"qode-banner qode-banner-va-bottom\"><a class=\"qode-banner-link\" href=\"#\" target=\"_self\"><\/a><div class=\"qode-banner-image\"><img decoding=\"async\" itemprop=\"image\" src=\"https:\/\/dieselinjeccio.com\/wp-content\/uploads\/2016\/06\/PRODUCTODELPHI.jpg\" alt=\"\" \/><\/div><div class=\"qode-banner-content\"><div class=\"qode-banner-content-inner\"><div class=\"qode-banner-text-holder\">\n<h2 style=\"text-align: left;\"><span style=\"color: #ffffff;\">Productos DELPHI<\/span><\/h2>\n<\/div><\/div><\/div><\/div>[vc_empty_space][\/vc_column][\/vc_row][vc_row css_animation=\u00bb\u00bb row_type=\u00bbrow\u00bb use_row_as_full_screen_section=\u00bbno\u00bb type=\u00bbgrid\u00bb angled_section=\u00bbno\u00bb text_align=\u00bbleft\u00bb background_image_as_pattern=\u00bbwithout_pattern\u00bb css=\u00bb.vc_custom_1496223286987{padding-bottom: 61px !important;background-color: #ffffff !important;}\u00bb][vc_column offset=\u00bbvc_col-lg-4 vc_col-md-4&#8243;]<div class=\"qode-banner qode-banner-va-bottom\"><a class=\"qode-banner-link\" href=\"#\" target=\"_self\"><\/a><div class=\"qode-banner-image\"><img decoding=\"async\" itemprop=\"image\" src=\"https:\/\/dieselinjeccio.com\/wp-content\/uploads\/2016\/06\/PRODUCTODENSO.jpg\" alt=\"\" \/><\/div><div class=\"qode-banner-content\"><div class=\"qode-banner-content-inner\"><div class=\"qode-banner-text-holder\">\n<h3 style=\"text-align: left;\"><span style=\"color: #ffffff;\">Denso<\/span><\/h3>\n<\/div><\/div><\/div><\/div>[vc_empty_space][\/vc_column][vc_column offset=\u00bbvc_col-lg-4 vc_col-md-4&#8243;]<div class=\"qode-banner qode-banner-va-bottom\"><a class=\"qode-banner-link\" href=\"#\" target=\"_self\"><\/a><div class=\"qode-banner-image\"><img decoding=\"async\" itemprop=\"image\" src=\"https:\/\/dieselinjeccio.com\/wp-content\/uploads\/2017\/06\/bomba-vdo.jpg\" alt=\"\" \/><\/div><div class=\"qode-banner-content\"><div class=\"qode-banner-content-inner\"><div class=\"qode-banner-text-holder\">\n<h3 style=\"text-align: left;\"><span style=\"color: #ffffff;\">VDO<\/span><\/h3>\n<\/div><\/div><\/div><\/div>[vc_empty_space][\/vc_column][vc_column offset=\u00bbvc_col-lg-4 vc_col-md-4&#8243;]<div class=\"qode-banner qode-banner-va-bottom\"><a class=\"qode-banner-link\" href=\"#\" target=\"_self\"><\/a><div class=\"qode-banner-image\"><img decoding=\"async\" itemprop=\"image\" src=\"https:\/\/dieselinjeccio.com\/wp-content\/uploads\/2016\/06\/turbo.jpg\" alt=\"\" \/><\/div><div class=\"qode-banner-content\"><div class=\"qode-banner-content-inner\"><div class=\"qode-banner-text-holder\">\n<h3 style=\"text-align: left;\"><span style=\"color: #ffffff;\">Turbos<\/span><\/h3>\n<\/div><\/div><\/div><\/div>[vc_empty_space][\/vc_column][\/vc_row][vc_row css_animation=\u00bb\u00bb row_type=\u00bbrow\u00bb use_row_as_full_screen_section=\u00bbno\u00bb type=\u00bbfull_width\u00bb angled_section=\u00bbno\u00bb text_align=\u00bbleft\u00bb background_image_as_pattern=\u00bbwithout_pattern\u00bb][vc_column css=\u00bb.vc_custom_1498558728673{padding-top: -60px !important;}\u00bb offset=\u00bbvc_hidden-sm vc_hidden-xs\u00bb][vc_single_image image=\u00bb196&#8243; img_size=\u00bbfull\u00bb css=\u00bb.vc_custom_1496049706461{background-image: url(http:\/\/dieselinjeccio.com\/wp-content\/uploads\/2016\/06\/web_20.jpg?id=193) !important;background-position: center !important;background-repeat: no-repeat !important;background-size: cover !important;}\u00bb qode_css_animation=\u00bb\u00bb][\/vc_column][\/vc_row][vc_row css_animation=\u00bb\u00bb row_type=\u00bbrow\u00bb use_row_as_full_screen_section=\u00bbno\u00bb type=\u00bbgrid\u00bb angled_section=\u00bbno\u00bb text_align=\u00bbleft\u00bb background_image_as_pattern=\u00bbwithout_pattern\u00bb anchor=\u00bbpolitica\u00bb css=\u00bb.vc_custom_1496144046758{background-color: #ffffff !important;background-position: center !important;background-repeat: no-repeat !important;background-size: cover !important;}\u00bb][vc_column][vc_column_text]<\/p>\n<h2 style=\"text-align: center;\"><span style=\"color: #1e1e52;\">RECONSTRUCCI\u00d3N Y REPARACI\u00d3N DE SISTEMAS DI\u00c9SEL OFICIALES<\/span><\/h2>\n<p>[\/vc_column_text][vc_separator type=\u00bbsmall\u00bb position=\u00bbcenter\u00bb color=\u00bb#ff201c\u00bb thickness=\u00bb5&#8243;][vc_empty_space height=\u00bb20&#8243;][vc_row_inner row_type=\u00bbrow\u00bb type=\u00bbfull_width\u00bb text_align=\u00bbleft\u00bb css_animation=\u00bb\u00bb css=\u00bb.vc_custom_1496057434769{background-color: #ffffff !important;}\u00bb][vc_column_inner][vc_column_text]Somos un Taller y Laboratorio Oficial de Reparaci\u00f3n y Reconstrucci\u00f3n de Equipos de Inyecci\u00f3n Di\u00e9sel. Estamos avalados por nuestra pertenencia a las redes <em>Bosch Diesel Center<\/em> y <em>Delphi Service<\/em>, que nos capacita para proporcionar <strong>servicios oficiales certificables<\/strong>.[\/vc_column_text]<div class=\"q_icon_list\"><p style=\"\"><\/p><\/div><div class=\"clearfix qode-item-showcase\"><div class=\"qode-item-image\" style=\"margin-top:-10px;\"><img decoding=\"async\" class=\"qode-lazy-image\" src=\"#\" alt=\"item showcase image\" data-image=\"https:\/\/dieselinjeccio.com\/wp-content\/uploads\/2016\/06\/maquinaria-bosch.jpg\" data-lazy=\"true\" \/><\/div><div class=\"qode-item qode-item-right\">\n\t\t\t<div class=\"qode-item-icon\">\n\t\t\t\t\t\t<i class=\"fa-briefcase fa\" style=\"color:#ffffff;background-color:#ff201c\"><\/i>\t\t\t\t\t<\/div>\n\t\t<div class=\"qode-item-content\">\n\t\t\t\t<div class=\"qode-showcase-title-holder\">\n\t\t\t\t\t\t\t<h4 class=\"qode-showcase-title\">Alta Tecnolog\u00eda<\/h4>\n\t\t\t\t\t<\/div>\n\t\t\t\t<div class=\"qode-showcase-text-holder\">\n\t\t\t<p class=\"qode-showcase-text\">Poseemos lo m\u00e1s nuevo en equipamiento, por lo que te prestaremos un servicio al nivel de los m\u00e1s avanzados talleres de inyecci\u00f3n di\u00e9sel.<\/p>\n\t\t<\/div>\n\t\t\t<\/div>\n\t<\/div><div class=\"qode-item qode-item-right\">\n\t\t\t<div class=\"qode-item-icon\">\n\t\t\t\t\t\t<i class=\"fa-graduation-cap fa\" style=\"color:#ffffff;background-color:#ff201c\"><\/i>\t\t\t\t\t<\/div>\n\t\t<div class=\"qode-item-content\">\n\t\t\t\t<div class=\"qode-showcase-title-holder\">\n\t\t\t\t\t\t\t<h4 class=\"qode-showcase-title\">Formados y Acreditados<\/h4>\n\t\t\t\t\t<\/div>\n\t\t\t\t<div class=\"qode-showcase-text-holder\">\n\t\t\t<p class=\"qode-showcase-text\">Disponemos de t\u00e9cnicos y profesionales cualificados y experimentados, certificados por las m\u00e1ximas calificaciones que nos han otorgado marcas reconocidas, como BOSCH.<\/p>\n\t\t<\/div>\n\t\t\t<\/div>\n\t<\/div><div class=\"qode-item qode-item-right\">\n\t\t\t<div class=\"qode-item-icon\">\n\t\t\t\t\t\t<i class=\"fa-certificate fa\" style=\"color:#ffffff;background-color:#ff201c\"><\/i>\t\t\t\t\t<\/div>\n\t\t<div class=\"qode-item-content\">\n\t\t\t\t<div class=\"qode-showcase-title-holder\">\n\t\t\t\t\t\t\t<h4 class=\"qode-showcase-title\">Calidad Garantizada<\/h4>\n\t\t\t\t\t<\/div>\n\t\t\t\t<div class=\"qode-showcase-text-holder\">\n\t\t\t<p class=\"qode-showcase-text\">Adem\u00e1s de pertenecer a las mejores redes de talleres di\u00e9sel, hemos obtenido la certificaci\u00f3n de calidad ISO 9000. Nuestro compromiso con el Medio Ambiente nos ha llevado a poseer la certificaci\u00f3n ISO 14000.<\/p>\n\t\t<\/div>\n\t\t\t<\/div>\n\t<\/div><\/div>[\/vc_column_inner][\/vc_row_inner][\/vc_column][\/vc_row][vc_row css_animation=\u00bb\u00bb row_type=\u00bbrow\u00bb use_row_as_full_screen_section=\u00bbno\u00bb type=\u00bbgrid\u00bb angled_section=\u00bbno\u00bb text_align=\u00bbcenter\u00bb background_image_as_pattern=\u00bbwithout_pattern\u00bb anchor=\u00bbservicios\u00bb css=\u00bb.vc_custom_1496058818923{background-color: rgba(0,40,94,0.09) !important;*background-color: rgb(0,40,94) !important;}\u00bb][vc_column][vc_empty_space height=\u00bb100&#8243;][vc_column_text]<\/p>\n<h2 style=\"text-align: center;\"><span style=\"color: #1e1e52;\">SERVICIOS DE LABORATORIO DE INYECCI\u00d3N DI\u00c9SEL<\/span><\/h2>\n<p>[\/vc_column_text][vc_empty_space height=\u00bb60&#8243;][\/vc_column][vc_column width=\u00bb1\/2&#8243; css=\u00bb.vc_custom_1496742223718{margin-right: 1px !important;padding-right: 48px !important;padding-left: 48px !important;background-color: #00304e !important;}\u00bb][qode_elements_holder number_of_columns=\u00bbone_column\u00bb][qode_elements_holder_item vertical_alignment=\u00bbtop\u00bb advanced_animations=\u00bbno\u00bb item_padding=\u00bb0 0 0 0&#8243; item_padding_600_768=\u00bb0 0 96px 0&#8243; item_padding_480_600=\u00bb0 0 96px 0&#8243; item_padding_480=\u00bb0 0 96px 0&#8243;][vc_empty_space height=\u00bb20&#8243;][vc_single_image image=\u00bb292&#8243; img_size=\u00bb400&#215;200&#8243; alignment=\u00bbcenter\u00bb qode_css_animation=\u00bb\u00bb][vc_empty_space height=\u00bb29px\u00bb][vc_column_text]<\/p>\n<h3><span style=\"color: #ffffff;\">MY DNA DELPHI<\/span><\/h3>\n<p>[\/vc_column_text][vc_empty_space height=\u00bb22px\u00bb][vc_column_text]<\/p>\n<p style=\"text-align: left;\"><span style=\"color: #ffffff;\">En Diesel Injecci\u00f3 realizamos las <strong>comprobaciones y reparaciones pertinentes para cualquier equipo de inyecci\u00f3n Delphi<\/strong>, utilizando equipamiento y piezas oficiales, e instal\u00e1ndolo seg\u00fan las indicaciones de la casa original. Nuestro servicio est\u00e1 completamente homologado y proporcionado siguiendo en todo momento los consejos de la casa fabricante.<\/span><br \/>\n<span style=\"color: #ffffff;\">Adem\u00e1s, podr\u00e1s comprobar la reparaci\u00f3n a trav\u00e9s de la web usando como c\u00f3digo \u00fanico identificador, disfrutando de la garant\u00eda y seguridad de haber obtenido una reparaci\u00f3n oficial y satisfactoria.<\/span><\/p>\n<p>[\/vc_column_text][vc_empty_space height=\u00bb20&#8243;]<a  itemprop=\"url\" href=\"http:\/\/dna.my-delphi.com\/\" target=\"_blank\"  class=\"qbutton  default\" style=\"color: #ffffff; border-color: #ffffff; \">Leer m\u00e1s<\/a>[vc_empty_space height=\u00bb40&#8243;][\/qode_elements_holder_item][\/qode_elements_holder][\/vc_column][vc_column width=\u00bb1\/2&#8243; css=\u00bb.vc_custom_1496742230935{margin-left: 1px !important;padding-right: 48px !important;padding-left: 48px !important;background-color: #00304e !important;}\u00bb][qode_elements_holder number_of_columns=\u00bbone_column\u00bb][qode_elements_holder_item vertical_alignment=\u00bbtop\u00bb advanced_animations=\u00bbno\u00bb item_padding=\u00bb0 0 0 0&#8243; item_padding_600_768=\u00bb0 0 96px 0&#8243; item_padding_480_600=\u00bb0 0 96px 0&#8243; item_padding_480=\u00bb0 0 96px 0&#8243;][vc_empty_space height=\u00bb20&#8243;][vc_single_image image=\u00bb293&#8243; img_size=\u00bb400&#215;200&#8243; alignment=\u00bbcenter\u00bb qode_css_animation=\u00bb\u00bb][vc_empty_space height=\u00bb29px\u00bb][vc_column_text]<\/p>\n<h3><span style=\"color: #ffffff;\">BOSCH QUALITY SCAN<\/span><\/h3>\n<p>[\/vc_column_text][vc_empty_space height=\u00bb22px\u00bb][vc_column_text]<\/p>\n<p style=\"text-align: left;\"><span style=\"color: #ffffff;\">Como BDC, en Diesel Injecci\u00f3 <strong>diagnosticamos, reconstruimos y reparamos equipos de inyecci\u00f3n di\u00e9sel<\/strong> de la casa, siguiendo las especificaciones del fabricante: recambios homologados, originales e instalado siguiendo las t\u00e9cnicas recomendadas por la marca.<\/span><br \/>\n<span style=\"color: #ffffff;\">Realizamos reparaciones de CRI (<em>Common Rail Injectors<\/em>) y CRIN, as\u00ed como CPB (<em>Common Rail Bombs<\/em>) con etiquetas de ID de reparaci\u00f3n, como parte de nuestro compromiso con el servicio proporcionado. Este c\u00f3digo te permitir\u00e1 acceder al servidor online de BOSCH y usar la p\u00e1gina web para consultar distintos datos relativos a la reparaci\u00f3n del equipo.<\/span><\/p>\n<p>[\/vc_column_text][vc_empty_space height=\u00bb20&#8243;]<a  itemprop=\"url\" href=\"https:\/\/qualityscan.bosch-automotive.com\/Account\/Login.aspx\" target=\"_blank\"  class=\"qbutton  default\" style=\"color: #ffffff; border-color: #ffffff; \">Leer m\u00e1s<\/a>[vc_empty_space height=\u00bb40&#8243;][\/qode_elements_holder_item][\/qode_elements_holder][\/vc_column][\/vc_row][vc_row css_animation=\u00bb\u00bb row_type=\u00bbrow\u00bb use_row_as_full_screen_section=\u00bbno\u00bb type=\u00bbfull_width\u00bb angled_section=\u00bbno\u00bb text_align=\u00bbleft\u00bb background_image_as_pattern=\u00bbwithout_pattern\u00bb css=\u00bb.vc_custom_1499857903635{margin-bottom: -50px !important;background-color: #ffffff !important;}\u00bb][vc_column][vc_empty_space height=\u00bb50&#8243;][vc_column_text]<\/p>\n<h2 style=\"text-align: center;\"><span style=\"color: #1e1e52;\">EXPERTOS EN SISTEMAS DI\u00c9SEL DE:<\/span><\/h2>\n<h5 style=\"text-align: center; font-size: 20px;\"><\/h5>\n<p>[\/vc_column_text][vc_separator type=\u00bbsmall\u00bb position=\u00bbcenter\u00bb color=\u00bb#ff201c\u00bb thickness=\u00bb5&#8243;][vc_empty_space height=\u00bb25&#8243;][vc_row_inner row_type=\u00bbrow\u00bb type=\u00bbfull_width\u00bb text_align=\u00bbleft\u00bb css_animation=\u00bb\u00bb background_color=\u00bb#ffffff\u00bb][vc_column_inner width=\u00bb1\/6&#8243;][\/vc_column_inner][vc_column_inner width=\u00bb2\/3&#8243;]<div class='qode_carousels_holder clearfix'><div class='qode_carousels' data-number-of-visible-items='5'><ul class='slides'><li class='item'><div class=\"carousel_item_holder\"><a itemprop='url' href='https:\/\/www.boschcarservice.com\/es\/es' target='_blank'><span class='first_image_holder '><img decoding=\"async\" itemprop=\"image\" src=\"http:\/\/dieselinjeccio.com\/wp-content\/uploads\/2017\/05\/bosch1.png\" alt=\"carousel image\" \/><\/span><\/a><\/div><\/li><li class='item'><div class=\"carousel_item_holder\"><a itemprop='url' href='http:\/\/www.continental-neumaticos.es\/turismo?gclid=CjwKEAjwsLTJBRCvibaW9bGLtUESJAC4wKw1c7jnBm2pKwZo5yLNg2-NOXgIOHBiqWhrLx3B3w1nBhoCRizw_wcB' target='_blank'><span class='first_image_holder '><img decoding=\"async\" itemprop=\"image\" src=\"http:\/\/dieselinjeccio.com\/wp-content\/uploads\/2017\/05\/continental-1.png\" alt=\"carousel image\" \/><\/span><\/a><\/div><\/li><li class='item'><div class=\"carousel_item_holder\"><a itemprop='url' href='http:\/\/www.delphi.com\/' target='_blank'><span class='first_image_holder '><img decoding=\"async\" itemprop=\"image\" src=\"http:\/\/dieselinjeccio.com\/wp-content\/uploads\/2017\/05\/delphi-1.png\" alt=\"carousel image\" \/><\/span><\/a><\/div><\/li><li class='item'><div class=\"carousel_item_holder\"><a itemprop='url' href='https:\/\/www.denso.com\/global\/en\/' target='_blank'><span class='first_image_holder '><img decoding=\"async\" itemprop=\"image\" src=\"http:\/\/dieselinjeccio.com\/wp-content\/uploads\/2017\/05\/denso-1.png\" alt=\"carousel image\" \/><\/span><\/a><\/div><\/li><\/ul><\/div><\/div>[\/vc_column_inner][vc_column_inner width=\u00bb1\/6&#8243;][\/vc_column_inner][\/vc_row_inner][vc_empty_space height=\u00bb40&#8243;][\/vc_column][\/vc_row][vc_row css_animation=\u00bb\u00bb row_type=\u00bbrow\u00bb use_row_as_full_screen_section=\u00bbno\u00bb type=\u00bbfull_width\u00bb angled_section=\u00bbno\u00bb text_align=\u00bbleft\u00bb background_image_as_pattern=\u00bbwithout_pattern\u00bb z_index=\u00bb\u00bb][vc_column][vc_gallery type=\u00bbimage_grid\u00bb images=\u00bb402,401,400,399,398,397,396,395&#8243; img_size=\u00bbfull\u00bb column_number=\u00bb4&#8243; grayscale=\u00bbyes\u00bb images_space=\u00bbgallery_without_space\u00bb][\/vc_column][\/vc_row][vc_row css_animation=\u00bb\u00bb row_type=\u00bbrow\u00bb use_row_as_full_screen_section=\u00bbno\u00bb type=\u00bbfull_width\u00bb angled_section=\u00bbno\u00bb text_align=\u00bbleft\u00bb background_image_as_pattern=\u00bbwithout_pattern\u00bb background_color=\u00bb#ffffff\u00bb padding_bottom=\u00bb30&#8243; z_index=\u00bb\u00bb][vc_column][vc_empty_space][vc_single_image image=\u00bb608&#8243; img_size=\u00bbfull\u00bb alignment=\u00bbcenter\u00bb qode_css_animation=\u00bb\u00bb][vc_column_text css=\u00bb.vc_custom_1553265629732{padding-bottom: 2% !important;}\u00bb]<\/p>\n<p style=\"text-align: center;\"><strong>EMPRESA BENEFICIARIA TIC CAMARA<\/strong><\/p>\n<p>[\/vc_column_text][vc_single_image image=\u00bb1329&#8243; img_size=\u00bbfull\u00bb alignment=\u00bbcenter\u00bb qode_css_animation=\u00bb\u00bb][vc_empty_space][vc_column_text css=\u00bb.vc_custom_1553265587116{padding-right: 15% !important;padding-left: 15% !important;}\u00bb]<\/p>\n<p style=\"text-align: center;\"><strong>Diesel Injeccio SL<\/strong> ha sido beneficiaria del Fondo Europeo de Desarrollo Regional cuyo objetivo es mejorar el uso y la calidad de las tecnolog\u00edas de la informaci\u00f3n y de las comunicaciones y el acceso a las mismas y gracias al que ha solicitado un proyecto de creaci\u00f3n web, mail marketing y dinamizaci\u00f3n de redes sociales para mejorar visibilidad. Diciembre 2018. Para ello ha contado con el apoyo de\u00a0<a href=\"https:\/\/www.camara.es\/\"><strong>TIC C\u00e1mara<\/strong><\/a>\u00a0de la\u00a0<a href=\"https:\/\/www.camaravalencia.com\/es-ES\/Paginas\/Inicio.aspx\"><strong>C\u00e1mara de Comercio de Valencia<\/strong><\/a>.<\/p>\n<p>&nbsp;<\/p>\n<p style=\"text-align: center;\">Una manera de hacer Europa<\/p>\n<p>[\/vc_column_text][\/vc_column][\/vc_row][vc_row css_animation=\u00bb\u00bb row_type=\u00bbrow\u00bb use_row_as_full_screen_section=\u00bbno\u00bb type=\u00bbgrid\u00bb angled_section=\u00bbno\u00bb text_align=\u00bbleft\u00bb background_image_as_pattern=\u00bbwithout_pattern\u00bb padding_top=\u00bb30&#8243; padding_bottom=\u00bb30&#8243; transition_delay=\u00bb0,2&#8243; z_index=\u00bb\u00bb][vc_column width=\u00bb1\/3&#8243;][vc_single_image image=\u00bb1432&#8243; img_size=\u00bbfull\u00bb css=\u00bb\u00bb qode_css_animation=\u00bb\u00bb][\/vc_column][vc_column width=\u00bb2\/3&#8243;][vc_column_text css=\u00bb\u00bb]DIESEL INJECCI\u00d3, S.L. ha obtenido una ayuda del Instituto Valenciano de Competitividad Empresarial (IVACE) con Financiaci\u00f3n de la Uni\u00f3n Europea a trav\u00e9s del Fondo Europeo de Desarrollo Regional.<\/p>\n<p>N\u00daMERO DE EXPEDIENTE: IMDIGA\/2024\/136<br \/>\nPROGRAMA: PROYECTOS DE DIGITALIZACI\u00d3N DE PYME (DIGITALIZA-CV)<br \/>\nACTUACI\u00d3N: PROYECTOS DE DIGITALIZACI\u00d3N DE PYME (DIGITALIZA-CV) 2024<br \/>\nT\u00cdTULO DEL PROYECTO: IMPLANTACI\u00d3N DE UN SISTEMA DE REPORTING Y CUADROS DE MANDOS PARA EL \u00c1REA FINANCIERA Y \u00c1REAS OPERATIVAS (VENTAS, COMPRAS, ALMACENES,) EN LA NUBE MEDIANTE APLICACI\u00d3N DE BUSINESS INTELLIGENCE<\/p>\n<p>IMPORTE DEL PROYECTO: 31.084,00 \u20ac<br \/>\nSUBVENCI\u00d3N CONCEDIDA: 9.325,20 \u20ac[\/vc_column_text][\/vc_column][\/vc_row]<\/p>\n<\/div>","protected":false},"excerpt":{"rendered":"<p>[vc_row css_animation=\u00bb\u00bb row_type=\u00bbrow\u00bb use_row_as_full_screen_section=\u00bbno\u00bb type=\u00bbgrid\u00bb angled_section=\u00bbno\u00bb text_align=\u00bbcenter\u00bb background_image_as_pattern=\u00bbwith_pattern\u00bb anchor=\u00bbempresa\u00bb css=\u00bb.vc_custom_1498558316840{padding-bottom: 100px !important;background: rgba(0,40,94,0.09) url(http:\/\/dieselinjeccio.com\/wp-content\/uploads\/2016\/06\/fondo15.png?id=198) !important;background-position: center !important;background-repeat: no-repeat !important;background-size: cover !important;*background-color: rgb(0,40,94) !important;}\u00bb][vc_column][vc_empty_space height=\u00bb94px\u00bb][vc_column_text css=\u00bb\u00bb] \u00a0Reparaci\u00f3n y reconstrucci\u00f3n de equipos de inyecci\u00f3n di\u00e9sel [\/vc_column_text][vc_empty_space height=\u00bb24px\u00bb][vc_column_text] M\u00e1s de 30 a\u00f1os de experiencia en diagn\u00f3stico y reparaci\u00f3n&#8230;<\/p>\n","protected":false},"author":1,"featured_media":0,"parent":0,"menu_order":0,"comment_status":"closed","ping_status":"closed","template":"full_width.php","meta":{"footnotes":""},"class_list":["post-314","page","type-page","status-publish","hentry"],"_links":{"self":[{"href":"https:\/\/dieselinjeccio.com\/es\/wp-json\/wp\/v2\/pages\/314","targetHints":{"allow":["GET"]}}],"collection":[{"href":"https:\/\/dieselinjeccio.com\/es\/wp-json\/wp\/v2\/pages"}],"about":[{"href":"https:\/\/dieselinjeccio.com\/es\/wp-json\/wp\/v2\/types\/page"}],"author":[{"embeddable":true,"href":"https:\/\/dieselinjeccio.com\/es\/wp-json\/wp\/v2\/users\/1"}],"replies":[{"embeddable":true,"href":"https:\/\/dieselinjeccio.com\/es\/wp-json\/wp\/v2\/comments?post=314"}],"version-history":[{"count":5,"href":"https:\/\/dieselinjeccio.com\/es\/wp-json\/wp\/v2\/pages\/314\/revisions"}],"predecessor-version":[{"id":1435,"href":"https:\/\/dieselinjeccio.com\/es\/wp-json\/wp\/v2\/pages\/314\/revisions\/1435"}],"wp:attachment":[{"href":"https:\/\/dieselinjeccio.com\/es\/wp-json\/wp\/v2\/media?parent=314"}],"curies":[{"name":"wp","href":"https:\/\/api.w.org\/{rel}","templated":true}]}}