{"id":433,"date":"2018-02-26T12:47:02","date_gmt":"2018-02-26T12:47:02","guid":{"rendered":"https:\/\/dieselinjeccio.com\/?page_id=433"},"modified":"2018-02-28T08:58:46","modified_gmt":"2018-02-28T08:58:46","slug":"politica-integrada-de-gestion-de-diesel-injeccio-s-l","status":"publish","type":"page","link":"https:\/\/dieselinjeccio.com\/es\/politica-integrada-de-gestion-de-diesel-injeccio-s-l\/","title":{"rendered":"POL\u00cdTICA INTEGRADA DE GESTI\u00d3N DE DIESEL INJECCI\u00d3, S.L."},"content":{"rendered":"<div class=\"wpb-content-wrapper\"><p>[vc_row css_animation=\u00bb\u00bb row_type=\u00bbrow\u00bb use_row_as_full_screen_section=\u00bbno\u00bb type=\u00bbgrid\u00bb angled_section=\u00bbno\u00bb text_align=\u00bbleft\u00bb background_image_as_pattern=\u00bbwithout_pattern\u00bb css=\u00bb.vc_custom_1519648378587{background-color: #ffffff !important;}\u00bb z_index=\u00bb\u00bb][vc_column][vc_empty_space height=\u00bb80&#8243;][vc_column_text]<strong>DIESEL INJECCI\u00d3, S.L.<\/strong> empresa dedicada a la reparaci\u00f3n de todo tipo de veh\u00edculos, asi como la reparaci\u00f3n de Inyectores y bombas se ha marcado como objetivo la integraci\u00f3n de todas nuestras actividades relacionadas con la calidad y la protecci\u00f3n del medio ambiente. Esto requiere de un compromiso por parte de todos, que permita la mejora continua en las actividades que realizamos y garantice la satisfacci\u00f3n del Cliente y la conservaci\u00f3n de nuestro entorno.<\/p>\n<p>Esta pol\u00edtica, es el marco de referencia para establecer los objetivos y los programas de medio ambiente y calidad, est\u00e1 basada en los siguientes principios b\u00e1sicos:[\/vc_column_text][vc_empty_space height=\u00bb20&#8243;][vc_column_text]<\/p>\n<ul>\n<li>Desarrollo de un Sistema de Gesti\u00f3n de la Calidad y Medioambiente basado en las Normas UNE-EN-ISO 9001 y UNE-EN-ISO 14001 como medio para garantizar su desarrollo.<\/li>\n<li>Asegurar una actuaci\u00f3n que se distinga por la profesionalidad, seguridad y rapidez.<\/li>\n<li>Formar adecuadamente a nuestro personal dot\u00e1ndolo de los recursos m\u00e1s id\u00f3neos para garantizar la eficacia y eficiencia en su trabajo.<\/li>\n<li>Impulsar una pol\u00edtica de comunicaci\u00f3n interna y externa, que facilite la concienciaci\u00f3n y participaci\u00f3n de todo el personal.<\/li>\n<li>Disponer de la infraestructura precisa para la realizaci\u00f3n de los trabajos propios de su actividad certificada.<\/li>\n<li>La necesidad del cumplimiento de los requisitos legales y reglamentarios establecidos.<\/li>\n<li>Promover la mejora continua de la eficacia del sistema integrado de gesti\u00f3n y la prevenci\u00f3n de la contaminaci\u00f3n, tanto en la generaci\u00f3n de residuos como en una gesti\u00f3n de los mismos respetuosa con el entorno, as\u00ed como por la optimizaci\u00f3n de los recursos naturales.<\/li>\n<li>Minimizar los residuos peligrosos generados en sus actividades a trav\u00e9s de su reciclaje y reutilizaci\u00f3n siempre que sea posible y reducir los posibles impactos que la empresa genera sobre el Medio Ambiente.<\/li>\n<li>Incluir las cuestiones medioambientales en los programas de aprendizaje y fomentar la implantaci\u00f3n de buenas pr\u00e1cticas medioambientales como la formaci\u00f3n continua por parte de todo el personal de DIESEL INJECCI\u00d3, S.L.<\/li>\n<li>Extender la gesti\u00f3n ambiental a los contratistas que participen en las distintas fases del servicio que realizamos.<\/li>\n<li>Satisfacer las necesidades y expectativas de nuestros clientes con un excelente servicio para mantener su nivel de satisfacci\u00f3n<\/li>\n<li>Esta pol\u00edtica integrada es revisada peri\u00f3dicamente con el fin de asegurar la adecuaci\u00f3n de los procesos desarrollados en la empresa a los requerimientos de todas las partes implicadas y a los cambios generados en el sector a trav\u00e9s de la mejora continua del sistema integrado de gesti\u00f3n de calidad y medio ambiente.<\/li>\n<\/ul>\n<p>La Direcci\u00f3n de DIESEL INJECCI\u00d3, S.L. se COMPROMETE con el esp\u00edritu y contenido de esta POL\u00cdTICA facilitando los RECURSOS necesarios para asegurar su cumplimiento.[\/vc_column_text][vc_empty_space height=\u00bb60&#8243;][\/vc_column][\/vc_row][vc_row css_animation=\u00bb\u00bb row_type=\u00bbrow\u00bb use_row_as_full_screen_section=\u00bbno\u00bb type=\u00bbfull_width\u00bb angled_section=\u00bbno\u00bb text_align=\u00bbleft\u00bb background_image=\u00bb456&#8243; background_image_as_pattern=\u00bbwithout_pattern\u00bb z_index=\u00bb\u00bb][vc_column][vc_single_image image=\u00bb196&#8243; img_size=\u00bbfull\u00bb qode_css_animation=\u00bb\u00bb][\/vc_column][\/vc_row]<\/p>\n<\/div>","protected":false},"excerpt":{"rendered":"<p>[vc_row css_animation=\u00bb\u00bb row_type=\u00bbrow\u00bb use_row_as_full_screen_section=\u00bbno\u00bb type=\u00bbgrid\u00bb angled_section=\u00bbno\u00bb text_align=\u00bbleft\u00bb background_image_as_pattern=\u00bbwithout_pattern\u00bb css=\u00bb.vc_custom_1519648378587{background-color: #ffffff !important;}\u00bb z_index=\u00bb\u00bb][vc_column][vc_empty_space height=\u00bb80&#8243;][vc_column_text]DIESEL INJECCI\u00d3, S.L. empresa dedicada a la reparaci\u00f3n de todo tipo de veh\u00edculos, asi como la reparaci\u00f3n de Inyectores y bombas se ha marcado como objetivo la integraci\u00f3n de todas nuestras actividades relacionadas&#8230;<\/p>\n","protected":false},"author":1,"featured_media":0,"parent":0,"menu_order":0,"comment_status":"closed","ping_status":"closed","template":"full_width.php","meta":{"footnotes":""},"class_list":["post-433","page","type-page","status-publish","hentry"],"_links":{"self":[{"href":"https:\/\/dieselinjeccio.com\/es\/wp-json\/wp\/v2\/pages\/433","targetHints":{"allow":["GET"]}}],"collection":[{"href":"https:\/\/dieselinjeccio.com\/es\/wp-json\/wp\/v2\/pages"}],"about":[{"href":"https:\/\/dieselinjeccio.com\/es\/wp-json\/wp\/v2\/types\/page"}],"author":[{"embeddable":true,"href":"https:\/\/dieselinjeccio.com\/es\/wp-json\/wp\/v2\/users\/1"}],"replies":[{"embeddable":true,"href":"https:\/\/dieselinjeccio.com\/es\/wp-json\/wp\/v2\/comments?post=433"}],"version-history":[{"count":0,"href":"https:\/\/dieselinjeccio.com\/es\/wp-json\/wp\/v2\/pages\/433\/revisions"}],"wp:attachment":[{"href":"https:\/\/dieselinjeccio.com\/es\/wp-json\/wp\/v2\/media?parent=433"}],"curies":[{"name":"wp","href":"https:\/\/api.w.org\/{rel}","templated":true}]}}