{"id":792,"date":"2019-01-24T14:21:38","date_gmt":"2019-01-24T14:21:38","guid":{"rendered":"https:\/\/dieselinjeccio.com\/?page_id=792"},"modified":"2025-08-27T16:02:56","modified_gmt":"2025-08-27T16:02:56","slug":"reparacion-de-bombas-inyectoras-common-rail-bosch","status":"publish","type":"page","link":"https:\/\/dieselinjeccio.com\/es\/reparacion-de-bombas-inyectoras-common-rail-bosch\/","title":{"rendered":"Reparaci\u00f3n bombas inyectoras common rail Bosch"},"content":{"rendered":"<div class=\"wpb-content-wrapper\"><p>[vc_row css_animation=\u00bb\u00bb row_type=\u00bbrow\u00bb use_row_as_full_screen_section=\u00bbno\u00bb type=\u00bbgrid\u00bb angled_section=\u00bbno\u00bb text_align=\u00bbcenter\u00bb background_image_as_pattern=\u00bbwith_pattern\u00bb anchor=\u00bbempresa\u00bb css=\u00bb.vc_custom_1548948876617{background: rgba(0,40,94,0.09) url(https:\/\/dieselinjeccio.com\/wp-content\/uploads\/2019\/01\/banner-servicios-reparacion-bombas-inyectoras-common-rail-bosch-1920&#215;600.jpg?id=1206) !important;background-position: center !important;background-repeat: no-repeat !important;background-size: cover !important;*background-color: rgb(0,40,94) !important;}\u00bb z_index=\u00bb\u00bb][vc_column][vc_empty_space height=\u00bb300px\u00bb][\/vc_column][\/vc_row][vc_row css_animation=\u00bb\u00bb row_type=\u00bbrow\u00bb use_row_as_full_screen_section=\u00bbno\u00bb type=\u00bbgrid\u00bb angled_section=\u00bbno\u00bb text_align=\u00bbcenter\u00bb background_image_as_pattern=\u00bbwith_pattern\u00bb anchor=\u00bbempresa\u00bb css=\u00bb.vc_custom_1548245093740{background: rgba(0,40,94,0.09) url(http:\/\/dieselinjeccio.com\/wp-content\/uploads\/2016\/06\/fondo15.png?id=198) !important;background-position: center !important;background-repeat: no-repeat !important;background-size: cover !important;*background-color: rgb(0,40,94) !important;}\u00bb z_index=\u00bb\u00bb][vc_column][vc_empty_space height=\u00bb30px\u00bb][vc_column_text css=\u00bb\u00bb]<\/p>\n<h1 style=\"text-align: center;\">Reparaci\u00f3n de bombas inyectoras common rail Bosch | Experiencia Bosch<\/h1>\n<p>[\/vc_column_text][vc_empty_space height=\u00bb24px\u00bb][vc_column_text]Somos un Taller y Laboratorio especializado en el diagn\u00f3stico y reparaci\u00f3n de bombas de inyecci\u00f3n common rail. Nuestra pertenencia a la red de BOSCH Diesel Centers confirma nuestra alta cualificaci\u00f3n para proporcionar un servicio especialista e integral, y que estamos equipados con las \u00faltimas tecnolog\u00edas di\u00e9sel.<\/p>\n<p>Proporcionamos servicios de diagn\u00f3stico y reparaci\u00f3n de bombas de inyecci\u00f3n common rail, as\u00ed como cualquier tipo de bomba de inyecci\u00f3n BOSCH. Estamos autorizados por BOSCH para proporcionar todo tipo de servicios postventa y de garant\u00edas de bombas de inyecci\u00f3n common rail y respuestos.<\/p>\n<p>Adem\u00e1s, todas las reparaciones de bombas inyectoras common rail las realizan nuestros t\u00e9cnicos especialistas en BOSCH Diesel y, por esta raz\u00f3n, todas las reparaciones cuentan con una identificaci\u00f3n especial. Con la ID que se asignar\u00e1 a tu reparaci\u00f3n, podr\u00e1s realizar distintas comprobaciones sobre la reparaci\u00f3n de la bomba inyectora.[\/vc_column_text][vc_empty_space height=\u00bb150px\u00bb][\/vc_column][\/vc_row][vc_row css_animation=\u00bb\u00bb row_type=\u00bbrow\u00bb use_row_as_full_screen_section=\u00bbyes\u00bb type=\u00bbgrid\u00bb angled_section=\u00bbno\u00bb text_align=\u00bbcenter\u00bb background_image_as_pattern=\u00bbwithout_pattern\u00bb anchor=\u00bbproductos\u00bb css=\u00bb.vc_custom_1548178159739{background-color: #ffffff !important;}\u00bb z_index=\u00bb\u00bb][vc_column][vc_column_text]<\/p>\n<h2 style=\"text-align: center;\"><span style=\"color: #1e1e52;\">\u00bfPor qu\u00e9 elegir talleres especializados en reparaci\u00f3n de bombas de inyecci\u00f3n BOSCH?<\/span><\/h2>\n<p>[\/vc_column_text][vc_separator type=\u00bbsmall\u00bb position=\u00bbcenter\u00bb color=\u00bb#ff201c\u00bb thickness=\u00bb5&#8243;][\/vc_column][\/vc_row][vc_row css_animation=\u00bb\u00bb row_type=\u00bbrow\u00bb use_row_as_full_screen_section=\u00bbno\u00bb type=\u00bbgrid\u00bb angled_section=\u00bbno\u00bb text_align=\u00bbleft\u00bb background_image_as_pattern=\u00bbwithout_pattern\u00bb css=\u00bb.vc_custom_1548178469848{padding-top: 35px !important;padding-bottom: 35px !important;background-color: #ffffff !important;}\u00bb z_index=\u00bb\u00bb][vc_column offset=\u00bbvc_col-lg-6 vc_col-md-6&#8243;]<div class=\"qode-banner qode-banner-va-bottom\"><div class=\"qode-banner-image\"><img decoding=\"async\" itemprop=\"image\" src=\"https:\/\/dieselinjeccio.com\/wp-content\/uploads\/2018\/02\/Limpieza_vp-bosch.jpg\" alt=\"Limpieza bomba VP Bosch\" \/><\/div><div class=\"qode-banner-content\"><div class=\"qode-banner-content-inner\"><div class=\"qode-banner-text-holder\"><\/div><\/div><\/div><\/div>[\/vc_column][vc_column offset=\u00bbvc_col-lg-6 vc_col-md-6&#8243;][vc_column_text]Nuestros m\u00e9todos de reparaci\u00f3n y comprobaci\u00f3n de bombas inyectoras est\u00e1n adaptados a los est\u00e1ndares. Nuestro taller utiliza las \u00faltimas y novedosas t\u00e9cnicas apoyadas en los sistemas de informaci\u00f3n digitales. Gracias a ello, en nuestro taller BOSCH oficial te proporcionamos un servicio r\u00e1pido y eficaz.[\/vc_column_text][vc_empty_space][vc_row_inner row_type=\u00bbrow\u00bb type=\u00bbfull_width\u00bb text_align=\u00bbleft\u00bb css_animation=\u00bb\u00bb][vc_column_inner width=\u00bb1\/2&#8243;]<div class=\"qode-banner qode-banner-va-bottom\"><div class=\"qode-banner-image\"><img decoding=\"async\" itemprop=\"image\" src=\"https:\/\/dieselinjeccio.com\/wp-content\/uploads\/2019\/01\/Bomba-CP4_013.jpg\" alt=\"reparacion-bomba-inyectora-bosch-03\" \/><\/div><div class=\"qode-banner-content\"><div class=\"qode-banner-content-inner\"><div class=\"qode-banner-text-holder\"><\/div><\/div><\/div><\/div>[\/vc_column_inner][vc_column_inner width=\u00bb1\/2&#8243;]<div class=\"qode-banner qode-banner-va-bottom\"><div class=\"qode-banner-image\"><img decoding=\"async\" itemprop=\"image\" src=\"https:\/\/dieselinjeccio.com\/wp-content\/uploads\/2019\/01\/Bomba-CP1_091.jpg\" alt=\"reparacion-bomba-inyectora-bosch-01\" \/><\/div><div class=\"qode-banner-content\"><div class=\"qode-banner-content-inner\"><div class=\"qode-banner-text-holder\"><\/div><\/div><\/div><\/div>[\/vc_column_inner][\/vc_row_inner][\/vc_column][\/vc_row][vc_row css_animation=\u00bb\u00bb row_type=\u00bbrow\u00bb use_row_as_full_screen_section=\u00bbno\u00bb type=\u00bbfull_width\u00bb angled_section=\u00bbno\u00bb text_align=\u00bbleft\u00bb background_image_as_pattern=\u00bbwithout_pattern\u00bb z_index=\u00bb\u00bb][vc_column css=\u00bb.vc_custom_1498558728673{padding-top: -60px !important;}\u00bb offset=\u00bbvc_hidden-sm vc_hidden-xs\u00bb][vc_single_image image=\u00bb196&#8243; img_size=\u00bbfull\u00bb css=\u00bb.vc_custom_1548178626735{background-image: url(https:\/\/dieselinjeccio.com\/wp-content\/uploads\/2017\/06\/bombas-diesel-injeccio.jpg?id=307) !important;}\u00bb qode_css_animation=\u00bb\u00bb][\/vc_column][\/vc_row][vc_row css_animation=\u00bb\u00bb row_type=\u00bbrow\u00bb use_row_as_full_screen_section=\u00bbno\u00bb type=\u00bbgrid\u00bb angled_section=\u00bbno\u00bb text_align=\u00bbleft\u00bb background_image_as_pattern=\u00bbwithout_pattern\u00bb anchor=\u00bbpolitica\u00bb css=\u00bb.vc_custom_1496144046758{background-color: #ffffff !important;background-position: center !important;background-repeat: no-repeat !important;background-size: cover !important;}\u00bb][vc_column][vc_column_text]<\/p>\n<h2 style=\"text-align: center;\"><span style=\"color: #1e1e52;\">Repuestos para Bombas Inyectoras BOSCH Oficiales<\/span><\/h2>\n<p>[\/vc_column_text][vc_separator type=\u00bbsmall\u00bb position=\u00bbcenter\u00bb color=\u00bb#ff201c\u00bb thickness=\u00bb5&#8243;][vc_empty_space height=\u00bb20&#8243;][vc_row_inner row_type=\u00bbrow\u00bb type=\u00bbfull_width\u00bb text_align=\u00bbleft\u00bb css_animation=\u00bb\u00bb css=\u00bb.vc_custom_1496057434769{background-color: #ffffff !important;}\u00bb][vc_column_inner][vc_column_text]Al pertenecer a la red BDC disponemos tanto de datos de comprobaci\u00f3n como de piezas de repuesto originales de BOSCH. Nos actualizamos constantemente y podemos proveer soporte a todos los nuevos sistemas di\u00e9sel. Y si necesitas que te los instalemos, \u00a1disponemos de trabajadores completamente formados por BOSCH! Preparados para cualquier servicio que necesites y con un alto grado de especializaci\u00f3n t\u00e9cnica, gracias a nuestra formaci\u00f3n continua.[\/vc_column_text][vc_separator type=\u00bbtransparent\u00bb thickness=\u00bb5&#8243;][\/vc_column_inner][\/vc_row_inner][\/vc_column][\/vc_row][vc_row css_animation=\u00bb\u00bb row_type=\u00bbrow\u00bb use_row_as_full_screen_section=\u00bbno\u00bb type=\u00bbfull_width\u00bb angled_section=\u00bbno\u00bb text_align=\u00bbleft\u00bb background_image_as_pattern=\u00bbwithout_pattern\u00bb css=\u00bb.vc_custom_1499857903635{margin-bottom: -50px !important;background-color: #ffffff !important;}\u00bb][vc_column][vc_row_inner row_type=\u00bbrow\u00bb type=\u00bbfull_width\u00bb text_align=\u00bbleft\u00bb css_animation=\u00bb\u00bb background_color=\u00bb#ffffff\u00bb][vc_column_inner width=\u00bb1\/4&#8243;][\/vc_column_inner][vc_column_inner width=\u00bb1\/4&#8243;]<div class=\"image_with_text\"><img decoding=\"async\" itemprop=\"image\" src=\"https:\/\/dieselinjeccio.com\/wp-content\/uploads\/2019\/01\/Bomba-CP4_011.jpg\" alt=\"Reparaci\u00f3n de Bombas Common Rail BOSCH\" \/><h3  class=\"image_with_text_title\">Reparaci\u00f3n de Bombas Common Rail BOSCH<\/h3><span style=\"margin: 6px 0px;\" class=\"separator transparent\"><\/span><\/p>\n<ul>\n<li>Bomba Common Rail BOSCH CP3<\/li>\n<li>Bomba Common Rail BOSCH CP4<\/li>\n<li>Bomba Common Rail BOSCH CP1<\/li>\n<li>Bomba Common Rail BOSCH CP1K<\/li>\n<li>Bomba Common Rail BOSCH CP1S<\/li>\n<li>N\u00fameros de Referencia Oficiales<\/li>\n<\/ul>\n<p><\/div>[\/vc_column_inner][vc_column_inner width=\u00bb1\/4&#8243;]<div class=\"image_with_text\"><img decoding=\"async\" itemprop=\"image\" src=\"https:\/\/dieselinjeccio.com\/wp-content\/uploads\/2019\/01\/Bomba-VP_087.jpg\" alt=\"Bombas de Inyecci\u00f3n El\u00e9ctrica y Mec\u00e1nica BOSCH\" \/><h3  class=\"image_with_text_title\">Bombas de Inyecci\u00f3n El\u00e9ctrica y Mec\u00e1nica BOSCH<\/h3><span style=\"margin: 6px 0px;\" class=\"separator transparent\"><\/span><\/p>\n<ul>\n<li>Bomba VRZ BOSCH<\/li>\n<li>Bomba VP44 BOSCH<\/li>\n<li>Bomba VP30 BOSCH<\/li>\n<li>Bomba VE\/LDA BOSCH<\/li>\n<li>Bomba VE\/EDC BOSCH<\/li>\n<li>Bombas Tipo A, B, M, P, H<\/li>\n<\/ul>\n<p><\/div>[\/vc_column_inner][vc_column_inner width=\u00bb1\/4&#8243;][\/vc_column_inner][\/vc_row_inner][vc_empty_space height=\u00bb80px\u00bb][vc_row_inner row_type=\u00bbrow\u00bb type=\u00bbfull_width\u00bb text_align=\u00bbleft\u00bb css_animation=\u00bb\u00bb css=\u00bb.vc_custom_1548228471915{background-color: #ffffff !important;}\u00bb][vc_column_inner width=\u00bb1\/6&#8243;][\/vc_column_inner][vc_column_inner width=\u00bb2\/3&#8243;]<div class='qode_carousels_holder clearfix'><div class='qode_carousels' data-number-of-visible-items='5'><ul class='slides'><li class='item'><div class=\"carousel_item_holder\"><a itemprop='url' href='https:\/\/www.boschcarservice.com\/es\/es' target='_blank'><span class='first_image_holder '><img decoding=\"async\" itemprop=\"image\" src=\"http:\/\/dieselinjeccio.com\/wp-content\/uploads\/2017\/05\/bosch1.png\" alt=\"carousel image\" \/><\/span><\/a><\/div><\/li><li class='item'><div class=\"carousel_item_holder\"><a itemprop='url' href='http:\/\/www.continental-neumaticos.es\/turismo?gclid=CjwKEAjwsLTJBRCvibaW9bGLtUESJAC4wKw1c7jnBm2pKwZo5yLNg2-NOXgIOHBiqWhrLx3B3w1nBhoCRizw_wcB' target='_blank'><span class='first_image_holder '><img decoding=\"async\" itemprop=\"image\" src=\"http:\/\/dieselinjeccio.com\/wp-content\/uploads\/2017\/05\/continental-1.png\" alt=\"carousel image\" \/><\/span><\/a><\/div><\/li><li class='item'><div class=\"carousel_item_holder\"><a itemprop='url' href='http:\/\/www.delphi.com\/' target='_blank'><span class='first_image_holder '><img decoding=\"async\" itemprop=\"image\" src=\"http:\/\/dieselinjeccio.com\/wp-content\/uploads\/2017\/05\/delphi-1.png\" alt=\"carousel image\" \/><\/span><\/a><\/div><\/li><li class='item'><div class=\"carousel_item_holder\"><a itemprop='url' href='https:\/\/www.denso.com\/global\/en\/' target='_blank'><span class='first_image_holder '><img decoding=\"async\" itemprop=\"image\" src=\"http:\/\/dieselinjeccio.com\/wp-content\/uploads\/2017\/05\/denso-1.png\" alt=\"carousel image\" \/><\/span><\/a><\/div><\/li><\/ul><\/div><\/div>[\/vc_column_inner][vc_column_inner width=\u00bb1\/6&#8243;][\/vc_column_inner][\/vc_row_inner][vc_empty_space height=\u00bb30px\u00bb][\/vc_column][\/vc_row][vc_row css_animation=\u00bb\u00bb row_type=\u00bbrow\u00bb use_row_as_full_screen_section=\u00bbno\u00bb type=\u00bbgrid\u00bb angled_section=\u00bbno\u00bb text_align=\u00bbleft\u00bb background_image_as_pattern=\u00bbwithout_pattern\u00bb anchor=\u00bbpolitica\u00bb css=\u00bb.vc_custom_1496144046758{background-color: #ffffff !important;background-position: center !important;background-repeat: no-repeat !important;background-size: cover !important;}\u00bb][vc_column][vc_column_text]<\/p>\n<h2 style=\"text-align: center;\"><span style=\"color: #1e1e52;\">Reparaci\u00f3n de Bombas de Inyecci\u00f3n con Etiquetado QualityScan<\/span><\/h2>\n<p>[\/vc_column_text][vc_separator type=\u00bbsmall\u00bb position=\u00bbcenter\u00bb color=\u00bb#ff201c\u00bb thickness=\u00bb5&#8243;][vc_empty_space height=\u00bb20&#8243;][vc_row_inner row_type=\u00bbrow\u00bb type=\u00bbfull_width\u00bb text_align=\u00bbleft\u00bb css_animation=\u00bb\u00bb css=\u00bb.vc_custom_1496057434769{background-color: #ffffff !important;}\u00bb][vc_column_inner][vc_column_text]Nuestro etiquetado especial QualityScan cuenta con una ID de reparaci\u00f3n que te facilitar\u00e1 la realizaci\u00f3n de comprobaciones de calidad de la reparaci\u00f3n realizada. Datos como la fecha de expiraci\u00f3n de la garant\u00eda, identificaci\u00f3n IMA o informaci\u00f3n de contacto de taller, a unos pocos segundos de alcance.<\/p>\n<p>Utilizar la aplicaci\u00f3n QualityScan para leer la informaci\u00f3n sobre las reparaciones de bombas de inyecci\u00f3n common rail BOSCH realizadas en nuestro taller y laboratorio especialista en sistemas di\u00e9sel.[\/vc_column_text][vc_empty_space height=\u00bb80px\u00bb][\/vc_column_inner][\/vc_row_inner][\/vc_column][\/vc_row][vc_row css_animation=\u00bb\u00bb row_type=\u00bbrow\u00bb use_row_as_full_screen_section=\u00bbno\u00bb type=\u00bbfull_width\u00bb angled_section=\u00bbno\u00bb text_align=\u00bbleft\u00bb background_image_as_pattern=\u00bbwithout_pattern\u00bb z_index=\u00bb\u00bb][vc_column][vc_gallery type=\u00bbimage_grid\u00bb images=\u00bb402,401,400,399&#8243; img_size=\u00bbfull\u00bb column_number=\u00bb4&#8243; grayscale=\u00bbyes\u00bb images_space=\u00bbgallery_without_space\u00bb][vc_empty_space height=\u00bb80px\u00bb css=\u00bb.vc_custom_1548234592545{background-color: #ffffff !important;}\u00bb][\/vc_column][\/vc_row][vc_row css_animation=\u00bb\u00bb row_type=\u00bbrow\u00bb use_row_as_full_screen_section=\u00bbno\u00bb type=\u00bbfull_width\u00bb angled_section=\u00bbno\u00bb text_align=\u00bbleft\u00bb background_image_as_pattern=\u00bbwithout_pattern\u00bb css=\u00bb.vc_custom_1548234691520{background-color: #ffffff !important;}\u00bb z_index=\u00bb\u00bb][vc_column width=\u00bb1\/6&#8243;][\/vc_column][vc_column width=\u00bb2\/3&#8243;]<div class=\"qode-advanced-tabs qode-advanced-tabs qode-advanced-horizontal-tab clearfix qode-advanced-tab-with-icon qode-advanced-tabs-column-3 clearfix\">\n\t<ul class=\"qode-advanced-tabs-nav\">\n\t\t\t\t\t<li>\n\t\t\t\t<h3>\n\t\t\t\t\t<a href=\"#tab-reparar-bomba-inyeccion-common-rail-en-vehiculos\">\n\t\t\t\t\t\t\t\t\t\t\t\t\t<span class=\"qode-advanced-icon-frame\"><\/span>\n\t\t\t\t\t\t\n\t\t\t\t\t\t\t\t\t\t\t\t\t<span class=\"qode-advanced-tab-text-after-icon\">\n\t\t\t\t\t\t\t\tReparar Bomba Inyecci\u00f3n Common Rail en Veh\u00edculos\t\t\t\t\t\t\t<\/span>\n\t\t\t\t\t\t\t\t\t\t\t<\/a>\n\t\t\t\t<\/h3>\n\t\t\t<\/li>\n\t\t\t\t\t<li>\n\t\t\t\t<h3>\n\t\t\t\t\t<a href=\"#tab-reparacion-con-garantia-bosch\">\n\t\t\t\t\t\t\t\t\t\t\t\t\t<span class=\"qode-advanced-icon-frame\"><\/span>\n\t\t\t\t\t\t\n\t\t\t\t\t\t\t\t\t\t\t\t\t<span class=\"qode-advanced-tab-text-after-icon\">\n\t\t\t\t\t\t\t\tReparaci\u00f3n con Garant\u00eda BOSCH\t\t\t\t\t\t\t<\/span>\n\t\t\t\t\t\t\t\t\t\t\t<\/a>\n\t\t\t\t<\/h3>\n\t\t\t<\/li>\n\t\t\t\t\t<li>\n\t\t\t\t<h3>\n\t\t\t\t\t<a href=\"#tab-reconstruccion-de-bombas-de-inyeccion-common-rail\">\n\t\t\t\t\t\t\t\t\t\t\t\t\t<span class=\"qode-advanced-icon-frame\"><\/span>\n\t\t\t\t\t\t\n\t\t\t\t\t\t\t\t\t\t\t\t\t<span class=\"qode-advanced-tab-text-after-icon\">\n\t\t\t\t\t\t\t\tReconstrucci\u00f3n de Bombas de Inyecci\u00f3n Common Rail\t\t\t\t\t\t\t<\/span>\n\t\t\t\t\t\t\t\t\t\t\t<\/a>\n\t\t\t\t<\/h3>\n\t\t\t<\/li>\n\t\t\t<\/ul>\n\t<div class=\"qode-advanced-tab-container\" id=\"tab-reparar-bomba-inyeccion-common-rail-en-vehiculos-448\" data-icon-pack=\"font_awesome\" data-icon-html=\"&lt;i class=&quot;qode_icon_font_awesome fa fa-car &quot; &gt;&lt;\/i&gt;\">[vc_column_text]<\/p>\n<p style=\"text-align: center;\">Realizamos el mantenimiento de veh\u00edculos di\u00e9sel seg\u00fan las especificaciones del fabricante, proporcionando soluciones de diagn\u00f3stico y reparaci\u00f3n de fallos en los sistemas de inyecci\u00f3n di\u00e9sel. Proporcionamos un servicio de alta calidad, avalado por a\u00f1os de experiencia y trabajo que te ayudar\u00e1 a cuidar los motores di\u00e9sel de tus veh\u00edculos.<\/p>\n<p><img loading=\"lazy\" decoding=\"async\" class=\"size-medium wp-image-745 aligncenter\" src=\"https:\/\/dieselinjeccio.com\/wp-content\/uploads\/2019\/01\/bomba-CP4-_006-300x200.jpg\" alt=\"\" width=\"300\" height=\"200\" srcset=\"https:\/\/dieselinjeccio.com\/wp-content\/uploads\/2019\/01\/bomba-CP4-_006-300x200.jpg 300w, https:\/\/dieselinjeccio.com\/wp-content\/uploads\/2019\/01\/bomba-CP4-_006-768x513.jpg 768w, https:\/\/dieselinjeccio.com\/wp-content\/uploads\/2019\/01\/bomba-CP4-_006-1024x684.jpg 1024w, https:\/\/dieselinjeccio.com\/wp-content\/uploads\/2019\/01\/bomba-CP4-_006-700x467.jpg 700w, https:\/\/dieselinjeccio.com\/wp-content\/uploads\/2019\/01\/bomba-CP4-_006-600x401.jpg 600w\" sizes=\"auto, (max-width: 300px) 100vw, 300px\" \/>[\/vc_column_text]<\/div><div class=\"qode-advanced-tab-container\" id=\"tab-reparacion-con-garantia-bosch-725\" data-icon-pack=\"font_awesome\" data-icon-html=\"&lt;i class=&quot;qode_icon_font_awesome fa fa-calculator &quot; &gt;&lt;\/i&gt;\">[vc_column_text]<\/p>\n<p style=\"text-align: center;\">Asistencia t\u00e9cnica y garant\u00eda de los productos BOSCH, an\u00e1lisis y reconstrucci\u00f3n de las bombas inyectoras de sistemas di\u00e9sel common rail, el\u00e9ctricos y mec\u00e1nicos de la casa BOSCH. Para este servicio especializado, contar\u00e1s con el personal mejor preparado para realizar reparaciones de bombas de inyecci\u00f3n common rail.<\/p>\n<p><img loading=\"lazy\" decoding=\"async\" class=\"size-medium wp-image-743 aligncenter\" src=\"https:\/\/dieselinjeccio.com\/wp-content\/uploads\/2019\/01\/Bomba-CP1_093-300x200.jpg\" alt=\"\" width=\"300\" height=\"200\" srcset=\"https:\/\/dieselinjeccio.com\/wp-content\/uploads\/2019\/01\/Bomba-CP1_093-300x200.jpg 300w, https:\/\/dieselinjeccio.com\/wp-content\/uploads\/2019\/01\/Bomba-CP1_093-768x512.jpg 768w, https:\/\/dieselinjeccio.com\/wp-content\/uploads\/2019\/01\/Bomba-CP1_093-1024x683.jpg 1024w, https:\/\/dieselinjeccio.com\/wp-content\/uploads\/2019\/01\/Bomba-CP1_093-700x467.jpg 700w, https:\/\/dieselinjeccio.com\/wp-content\/uploads\/2019\/01\/Bomba-CP1_093-600x400.jpg 600w\" sizes=\"auto, (max-width: 300px) 100vw, 300px\" \/>[\/vc_column_text]<\/div><div class=\"qode-advanced-tab-container\" id=\"tab-reconstruccion-de-bombas-de-inyeccion-common-rail-780\" data-icon-pack=\"font_awesome\" data-icon-html=\"&lt;i class=&quot;qode_icon_font_awesome fa fa-align-left &quot; &gt;&lt;\/i&gt;\">[vc_column_text]<\/p>\n<p style=\"text-align: center;\">Programas de cambio de bombas inyectoras common rail, venta de bombas de inyecci\u00f3n reconstruidas y re-manufacturadas. Estamos autorizados para la reconstrucci\u00f3n de bombas de inyecci\u00f3n common rail utilizando repuestos y t\u00e9cnicas oficiales. Siempre con una garant\u00eda y calidad asegurada.<\/p>\n<p><img loading=\"lazy\" decoding=\"async\" class=\"size-medium wp-image-718 aligncenter\" src=\"https:\/\/dieselinjeccio.com\/wp-content\/uploads\/2019\/01\/Bomba-CP4_009-300x200.jpg\" alt=\"\" width=\"300\" height=\"200\" srcset=\"https:\/\/dieselinjeccio.com\/wp-content\/uploads\/2019\/01\/Bomba-CP4_009-300x200.jpg 300w, https:\/\/dieselinjeccio.com\/wp-content\/uploads\/2019\/01\/Bomba-CP4_009-768x513.jpg 768w, https:\/\/dieselinjeccio.com\/wp-content\/uploads\/2019\/01\/Bomba-CP4_009-1024x684.jpg 1024w, https:\/\/dieselinjeccio.com\/wp-content\/uploads\/2019\/01\/Bomba-CP4_009-700x467.jpg 700w, https:\/\/dieselinjeccio.com\/wp-content\/uploads\/2019\/01\/Bomba-CP4_009-600x401.jpg 600w\" sizes=\"auto, (max-width: 300px) 100vw, 300px\" \/>[\/vc_column_text]<\/div><\/div>[\/vc_column][vc_column width=\u00bb1\/6&#8243;][\/vc_column][\/vc_row][vc_row css_animation=\u00bb\u00bb row_type=\u00bbrow\u00bb use_row_as_full_screen_section=\u00bbno\u00bb type=\u00bbfull_width\u00bb angled_section=\u00bbno\u00bb text_align=\u00bbleft\u00bb background_image_as_pattern=\u00bbwithout_pattern\u00bb][vc_column][vc_empty_space css=\u00bb.vc_custom_1548236894002{background-color: #ffffff !important;}\u00bb][\/vc_column][\/vc_row][vc_row css_animation=\u00bb\u00bb row_type=\u00bbrow\u00bb use_row_as_full_screen_section=\u00bbno\u00bb type=\u00bbfull_width\u00bb angled_section=\u00bbno\u00bb text_align=\u00bbleft\u00bb background_image_as_pattern=\u00bbwithout_pattern\u00bb css=\u00bb.vc_custom_1548236862834{background-color: #ffffff !important;}\u00bb z_index=\u00bb\u00bb][vc_column]<div class=\"call_to_action normal\" style=\"background-color: #202053;\"><div class=\"container_inner\"><div class=\"two_columns_75_25 clearfix\"><div class=\"text_wrapper column1\"><div class=\"call_to_action_text \" style=\"\">En Di\u00e9sel Injecci\u00f3 te proporcionaremos un servicio integral, que va desde el diagn\u00f3stico de las Bombas Inyectoras BOSCH de tu sistema di\u00e9sel hasta su reconstrucci\u00f3n, reparaci\u00f3n o reposici\u00f3n seg\u00fan sea el caso. Adem\u00e1s, dispondr\u00e1s de una ID especial de reparaci\u00f3n oficial que te ayudar\u00e1 a disponer de todos los datos sobre los componentes de una manera muy r\u00e1pida y sencilla.<\/div><\/div><div class=\"button_wrapper column2\"><a itemprop=\"url\" href=\"https:\/\/dieselinjeccio.com\/es\/contacto\/\" class=\"qbutton white medium\" target=\"_self\" style=\"\" data-hover-background-color=#dd0000 data-hover-border-color=#ffffff >CONTACTA<\/a><\/div><\/div><\/div><\/div>[\/vc_column][\/vc_row][vc_row css_animation=\u00bb\u00bb row_type=\u00bbrow\u00bb use_row_as_full_screen_section=\u00bbno\u00bb type=\u00bbfull_width\u00bb angled_section=\u00bbno\u00bb text_align=\u00bbleft\u00bb background_image_as_pattern=\u00bbwithout_pattern\u00bb background_color=\u00bb#ffffff\u00bb z_index=\u00bb\u00bb][vc_column][vc_empty_space][vc_single_image image=\u00bb608&#8243; img_size=\u00bbfull\u00bb alignment=\u00bbcenter\u00bb qode_css_animation=\u00bb\u00bb][\/vc_column][\/vc_row]<\/p>\n<\/div>","protected":false},"excerpt":{"rendered":"<p>[vc_row css_animation=\u00bb\u00bb row_type=\u00bbrow\u00bb use_row_as_full_screen_section=\u00bbno\u00bb type=\u00bbgrid\u00bb angled_section=\u00bbno\u00bb text_align=\u00bbcenter\u00bb background_image_as_pattern=\u00bbwith_pattern\u00bb anchor=\u00bbempresa\u00bb css=\u00bb.vc_custom_1548948876617{background: rgba(0,40,94,0.09) url(https:\/\/dieselinjeccio.com\/wp-content\/uploads\/2019\/01\/banner-servicios-reparacion-bombas-inyectoras-common-rail-bosch-1920&#215;600.jpg?id=1206) !important;background-position: center !important;background-repeat: no-repeat !important;background-size: cover !important;*background-color: rgb(0,40,94) !important;}\u00bb z_index=\u00bb\u00bb][vc_column][vc_empty_space height=\u00bb300px\u00bb][\/vc_column][\/vc_row][vc_row css_animation=\u00bb\u00bb row_type=\u00bbrow\u00bb use_row_as_full_screen_section=\u00bbno\u00bb type=\u00bbgrid\u00bb angled_section=\u00bbno\u00bb text_align=\u00bbcenter\u00bb background_image_as_pattern=\u00bbwith_pattern\u00bb anchor=\u00bbempresa\u00bb css=\u00bb.vc_custom_1548245093740{background: rgba(0,40,94,0.09) url(http:\/\/dieselinjeccio.com\/wp-content\/uploads\/2016\/06\/fondo15.png?id=198) !important;background-position: center !important;background-repeat: no-repeat !important;background-size: cover !important;*background-color: rgb(0,40,94) !important;}\u00bb z_index=\u00bb\u00bb][vc_column][vc_empty_space height=\u00bb30px\u00bb][vc_column_text&#8230;<\/p>\n","protected":false},"author":2,"featured_media":0,"parent":0,"menu_order":0,"comment_status":"closed","ping_status":"closed","template":"full_width.php","meta":{"footnotes":""},"class_list":["post-792","page","type-page","status-publish","hentry"],"_links":{"self":[{"href":"https:\/\/dieselinjeccio.com\/es\/wp-json\/wp\/v2\/pages\/792","targetHints":{"allow":["GET"]}}],"collection":[{"href":"https:\/\/dieselinjeccio.com\/es\/wp-json\/wp\/v2\/pages"}],"about":[{"href":"https:\/\/dieselinjeccio.com\/es\/wp-json\/wp\/v2\/types\/page"}],"author":[{"embeddable":true,"href":"https:\/\/dieselinjeccio.com\/es\/wp-json\/wp\/v2\/users\/2"}],"replies":[{"embeddable":true,"href":"https:\/\/dieselinjeccio.com\/es\/wp-json\/wp\/v2\/comments?post=792"}],"version-history":[{"count":3,"href":"https:\/\/dieselinjeccio.com\/es\/wp-json\/wp\/v2\/pages\/792\/revisions"}],"predecessor-version":[{"id":1425,"href":"https:\/\/dieselinjeccio.com\/es\/wp-json\/wp\/v2\/pages\/792\/revisions\/1425"}],"wp:attachment":[{"href":"https:\/\/dieselinjeccio.com\/es\/wp-json\/wp\/v2\/media?parent=792"}],"curies":[{"name":"wp","href":"https:\/\/api.w.org\/{rel}","templated":true}]}}