{"id":947,"date":"2019-01-24T11:16:55","date_gmt":"2019-01-24T11:16:55","guid":{"rendered":"https:\/\/dieselinjeccio.com\/?page_id=947"},"modified":"2025-08-27T16:04:11","modified_gmt":"2025-08-27T16:04:11","slug":"reparacion-bomba-electrica-y-mecanica-bosch","status":"publish","type":"page","link":"https:\/\/dieselinjeccio.com\/es\/reparacion-bomba-electrica-y-mecanica-bosch\/","title":{"rendered":"Reparaci\u00f3n bombas el\u00e9ctricas y mec\u00e1nicas Bosch"},"content":{"rendered":"<div class=\"wpb-content-wrapper\"><p>[vc_row css_animation=\u00bb\u00bb row_type=\u00bbrow\u00bb use_row_as_full_screen_section=\u00bbno\u00bb type=\u00bbgrid\u00bb angled_section=\u00bbno\u00bb text_align=\u00bbcenter\u00bb background_image_as_pattern=\u00bbwith_pattern\u00bb anchor=\u00bbempresa\u00bb css=\u00bb.vc_custom_1548948611760{background: rgba(0,40,94,0.09) url(https:\/\/dieselinjeccio.com\/wp-content\/uploads\/2019\/01\/banner-servicios-reparacion-bombas-electricas-y-mecanicas-bosch-1920&#215;600.jpg?id=1203) !important;background-position: center !important;background-repeat: no-repeat !important;background-size: cover !important;*background-color: rgb(0,40,94) !important;}\u00bb z_index=\u00bb\u00bb][vc_column][vc_empty_space height=\u00bb300px\u00bb][\/vc_column][\/vc_row][vc_row css_animation=\u00bb\u00bb row_type=\u00bbrow\u00bb use_row_as_full_screen_section=\u00bbno\u00bb type=\u00bbgrid\u00bb angled_section=\u00bbno\u00bb text_align=\u00bbcenter\u00bb background_image_as_pattern=\u00bbwith_pattern\u00bb anchor=\u00bbempresa\u00bb css=\u00bb.vc_custom_1548245093740{background: rgba(0,40,94,0.09) url(http:\/\/dieselinjeccio.com\/wp-content\/uploads\/2016\/06\/fondo15.png?id=198) !important;background-position: center !important;background-repeat: no-repeat !important;background-size: cover !important;*background-color: rgb(0,40,94) !important;}\u00bb z_index=\u00bb\u00bb][vc_column][vc_empty_space height=\u00bb30px\u00bb][vc_column_text css=\u00bb\u00bb]<\/p>\n<h1 style=\"text-align: center;\">Reparaci\u00f3n de bombas el\u00e9ctricas y mec\u00e1nicas Bosch | T\u00e9cnicos certificados<\/h1>\n<p>[\/vc_column_text][vc_empty_space height=\u00bb24px\u00bb][vc_column_text]En Diesel Injecci\u00f3 contamos con un equipo especialista en reparaci\u00f3n de bombas el\u00e9ctricas y mec\u00e1nicas de la casa BOSCH. Al tratarse de bombas el\u00e9ctricas y mec\u00e1nicas, las cuales son dise\u00f1adas y optimizadas para un tipo de motor espec\u00edfico, deben diagnosticarse y repararse siguiendo los protocolos est\u00e1ndares de los fabricantes. Como Bosch Diesel Center, nuestros trabajadores est\u00e1n altamente capacitados para esta tarea.<\/p>\n<p>Etiam vitae ultrices lectus. Maecenas consequat posuere mauris. Etiam fermentum erat ut est lobortis, nec semper velit laoreet. Vestibulum in aliquam arcu. Nullam posuere ac eros nec pulvinar. Aliquam a nisi ut tellus vestibulum egestas. Pellentesque volutpat condimentum tristique. Nullam consequat nisi eget.[\/vc_column_text][vc_empty_space height=\u00bb150px\u00bb][\/vc_column][\/vc_row][vc_row css_animation=\u00bb\u00bb row_type=\u00bbrow\u00bb use_row_as_full_screen_section=\u00bbyes\u00bb type=\u00bbgrid\u00bb angled_section=\u00bbno\u00bb text_align=\u00bbcenter\u00bb background_image_as_pattern=\u00bbwithout_pattern\u00bb anchor=\u00bbproductos\u00bb css=\u00bb.vc_custom_1548178159739{background-color: #ffffff !important;}\u00bb z_index=\u00bb\u00bb][vc_column][vc_column_text]<\/p>\n<h2 style=\"text-align: center;\"><span style=\"color: #1e1e52;\">\u00bfPor qu\u00e9 elegir talleres especializados en reparaci\u00f3n de bombas el\u00e9ctricas y mec\u00e1nicas BOSCH?<\/span><\/h2>\n<p>[\/vc_column_text][vc_separator type=\u00bbsmall\u00bb position=\u00bbcenter\u00bb color=\u00bb#ff201c\u00bb thickness=\u00bb5&#8243;][\/vc_column][\/vc_row][vc_row css_animation=\u00bb\u00bb row_type=\u00bbrow\u00bb use_row_as_full_screen_section=\u00bbno\u00bb type=\u00bbgrid\u00bb angled_section=\u00bbno\u00bb text_align=\u00bbleft\u00bb background_image_as_pattern=\u00bbwithout_pattern\u00bb css=\u00bb.vc_custom_1548178469848{padding-top: 35px !important;padding-bottom: 35px !important;background-color: #ffffff !important;}\u00bb z_index=\u00bb\u00bb][vc_column offset=\u00bbvc_col-lg-6 vc_col-md-6&#8243;]<div class=\"qode-banner qode-banner-va-bottom\"><div class=\"qode-banner-image\"><img decoding=\"async\" itemprop=\"image\" src=\"https:\/\/dieselinjeccio.com\/wp-content\/uploads\/2018\/02\/Limpieza_vp-bosch.jpg\" alt=\"Limpieza bomba VP Bosch\" \/><\/div><div class=\"qode-banner-content\"><div class=\"qode-banner-content-inner\"><div class=\"qode-banner-text-holder\"><\/div><\/div><\/div><\/div>[\/vc_column][vc_column offset=\u00bbvc_col-lg-6 vc_col-md-6&#8243;][vc_column_text]<\/p>\n<div id=\"lipsum\"><\/div>\n<p>Las reparaciones de bombas el\u00e9ctricas y mec\u00e1nicas debe realizarse en \u00f3ptimas condiciones debido a que, de producirse err\u00f3neamente, podr\u00eda dar lugar a un rendimiento inadecuado. S\u00f3lo un Bosch Diesel Center dispone de los repuestos oficiales para realizar la reparaci\u00f3n de una bomba el\u00e9ctrica o mec\u00e1nica BOSCH.[\/vc_column_text][vc_empty_space][vc_row_inner row_type=\u00bbrow\u00bb type=\u00bbfull_width\u00bb text_align=\u00bbleft\u00bb css_animation=\u00bb\u00bb][vc_column_inner width=\u00bb1\/2&#8243;]<div class=\"qode-banner qode-banner-va-bottom\"><div class=\"qode-banner-image\"><img decoding=\"async\" itemprop=\"image\" src=\"https:\/\/dieselinjeccio.com\/wp-content\/uploads\/2019\/01\/Bomba-CP4_013.jpg\" alt=\"reparacion-bomba-inyectora-bosch-03\" \/><\/div><div class=\"qode-banner-content\"><div class=\"qode-banner-content-inner\"><div class=\"qode-banner-text-holder\"><\/div><\/div><\/div><\/div>[\/vc_column_inner][vc_column_inner width=\u00bb1\/2&#8243;]<div class=\"qode-banner qode-banner-va-bottom\"><div class=\"qode-banner-image\"><img decoding=\"async\" itemprop=\"image\" src=\"https:\/\/dieselinjeccio.com\/wp-content\/uploads\/2019\/01\/Bomba-CP1_091.jpg\" alt=\"reparacion-bomba-inyectora-bosch-01\" \/><\/div><div class=\"qode-banner-content\"><div class=\"qode-banner-content-inner\"><div class=\"qode-banner-text-holder\"><\/div><\/div><\/div><\/div>[\/vc_column_inner][\/vc_row_inner][\/vc_column][\/vc_row][vc_row css_animation=\u00bb\u00bb row_type=\u00bbrow\u00bb use_row_as_full_screen_section=\u00bbno\u00bb type=\u00bbfull_width\u00bb angled_section=\u00bbno\u00bb text_align=\u00bbleft\u00bb background_image_as_pattern=\u00bbwithout_pattern\u00bb z_index=\u00bb\u00bb][vc_column css=\u00bb.vc_custom_1498558728673{padding-top: -60px !important;}\u00bb offset=\u00bbvc_hidden-sm vc_hidden-xs\u00bb][vc_single_image image=\u00bb196&#8243; img_size=\u00bbfull\u00bb css=\u00bb.vc_custom_1548178626735{background-image: url(https:\/\/dieselinjeccio.com\/wp-content\/uploads\/2017\/06\/bombas-diesel-injeccio.jpg?id=307) !important;}\u00bb qode_css_animation=\u00bb\u00bb][\/vc_column][\/vc_row][vc_row css_animation=\u00bb\u00bb row_type=\u00bbrow\u00bb use_row_as_full_screen_section=\u00bbno\u00bb type=\u00bbgrid\u00bb angled_section=\u00bbno\u00bb text_align=\u00bbleft\u00bb background_image_as_pattern=\u00bbwithout_pattern\u00bb anchor=\u00bbpolitica\u00bb css=\u00bb.vc_custom_1496144046758{background-color: #ffffff !important;background-position: center !important;background-repeat: no-repeat !important;background-size: cover !important;}\u00bb][vc_column][vc_column_text]<\/p>\n<h2 style=\"text-align: center;\"><span style=\"color: #1e1e52;\">Repuestos para Bombas El\u00e9ctricas y Mec\u00e1nicas BOSCH Oficiales<\/span><\/h2>\n<p>[\/vc_column_text][vc_separator type=\u00bbsmall\u00bb position=\u00bbcenter\u00bb color=\u00bb#ff201c\u00bb thickness=\u00bb5&#8243;][vc_empty_space height=\u00bb20&#8243;][vc_row_inner row_type=\u00bbrow\u00bb type=\u00bbfull_width\u00bb text_align=\u00bbleft\u00bb css_animation=\u00bb\u00bb css=\u00bb.vc_custom_1496057434769{background-color: #ffffff !important;}\u00bb][vc_column_inner][vc_column_text]Al pertenecer a la red BDC disponemos tanto de datos de comprobaci\u00f3n como de piezas de repuesto originales de BOSCH. Nos actualizamos constantemente y podemos proveer soporte a todos los nuevos sistemas di\u00e9sel. Y si necesitas que te los instalemos, \u00a1disponemos de trabajadores completamente formados por BOSCH! Preparados para cualquier servicio que necesites y con un alto grado de especializaci\u00f3n t\u00e9cnica, gracias a nuestra formaci\u00f3n continua.[\/vc_column_text][vc_separator type=\u00bbtransparent\u00bb thickness=\u00bb5&#8243;][\/vc_column_inner][\/vc_row_inner][\/vc_column][\/vc_row][vc_row css_animation=\u00bb\u00bb row_type=\u00bbrow\u00bb use_row_as_full_screen_section=\u00bbno\u00bb type=\u00bbfull_width\u00bb angled_section=\u00bbno\u00bb text_align=\u00bbleft\u00bb background_image_as_pattern=\u00bbwithout_pattern\u00bb css=\u00bb.vc_custom_1499857903635{margin-bottom: -50px !important;background-color: #ffffff !important;}\u00bb][vc_column][vc_row_inner row_type=\u00bbrow\u00bb type=\u00bbfull_width\u00bb text_align=\u00bbleft\u00bb css_animation=\u00bb\u00bb background_color=\u00bb#ffffff\u00bb][vc_column_inner width=\u00bb1\/4&#8243;][\/vc_column_inner][vc_column_inner width=\u00bb1\/4&#8243;]<div class=\"image_with_text\"><img decoding=\"async\" itemprop=\"image\" src=\"https:\/\/dieselinjeccio.com\/wp-content\/uploads\/2019\/01\/Bomba-VP_087.jpg\" alt=\"Bombas de Inyecci\u00f3n El\u00e9ctrica y Mec\u00e1nica BOSCH\" \/><h3  class=\"image_with_text_title\">Bombas de Inyecci\u00f3n El\u00e9ctrica y Mec\u00e1nica BOSCH<\/h3><span style=\"margin: 6px 0px;\" class=\"separator transparent\"><\/span><\/p>\n<ul>\n<li>Bomba VRZ BOSCH<\/li>\n<li>Bomba VP44 BOSCH<\/li>\n<li>Bomba VP30 BOSCH<\/li>\n<li>Bomba VE\/LDA BOSCH<\/li>\n<li>Bomba VE\/EDC BOSCH<\/li>\n<li>Bombas Tipo A, B, M, P, H<\/li>\n<\/ul>\n<p><\/div>[\/vc_column_inner][vc_column_inner width=\u00bb1\/4&#8243;]<div class=\"image_with_text\"><img decoding=\"async\" itemprop=\"image\" src=\"https:\/\/dieselinjeccio.com\/wp-content\/uploads\/2019\/01\/Bomba-CP4_011.jpg\" alt=\"Reparaci\u00f3n de Bombas Common Rail BOSCH\" \/><h3  class=\"image_with_text_title\">Reparaci\u00f3n de Bombas Common Rail BOSCH<\/h3><span style=\"margin: 6px 0px;\" class=\"separator transparent\"><\/span><\/p>\n<ul>\n<li>Bomba Common Rail Bosch CP3<\/li>\n<li>Bomba Common Rail Bosch CP4<\/li>\n<li>Bomba Common Rail Bosch CP1H<\/li>\n<li>Bomba Common Rail Bosch CP1K<\/li>\n<li>Bomba Common Rail Bosch CP1S<\/li>\n<li>N\u00fameros de Referencia Oficiales<\/li>\n<\/ul>\n<p><\/div>[\/vc_column_inner][vc_column_inner width=\u00bb1\/4&#8243;][\/vc_column_inner][\/vc_row_inner][vc_empty_space height=\u00bb80px\u00bb][vc_row_inner row_type=\u00bbrow\u00bb type=\u00bbfull_width\u00bb text_align=\u00bbleft\u00bb css_animation=\u00bb\u00bb css=\u00bb.vc_custom_1548228471915{background-color: #ffffff !important;}\u00bb][vc_column_inner width=\u00bb1\/6&#8243;][\/vc_column_inner][vc_column_inner width=\u00bb2\/3&#8243;]<div class='qode_carousels_holder clearfix'><div class='qode_carousels' data-number-of-visible-items='5'><ul class='slides'><li class='item'><div class=\"carousel_item_holder\"><a itemprop='url' href='https:\/\/www.boschcarservice.com\/es\/es' target='_blank'><span class='first_image_holder '><img decoding=\"async\" itemprop=\"image\" src=\"http:\/\/dieselinjeccio.com\/wp-content\/uploads\/2017\/05\/bosch1.png\" alt=\"carousel image\" \/><\/span><\/a><\/div><\/li><li class='item'><div class=\"carousel_item_holder\"><a itemprop='url' href='http:\/\/www.continental-neumaticos.es\/turismo?gclid=CjwKEAjwsLTJBRCvibaW9bGLtUESJAC4wKw1c7jnBm2pKwZo5yLNg2-NOXgIOHBiqWhrLx3B3w1nBhoCRizw_wcB' target='_blank'><span class='first_image_holder '><img decoding=\"async\" itemprop=\"image\" src=\"http:\/\/dieselinjeccio.com\/wp-content\/uploads\/2017\/05\/continental-1.png\" alt=\"carousel image\" \/><\/span><\/a><\/div><\/li><li class='item'><div class=\"carousel_item_holder\"><a itemprop='url' href='http:\/\/www.delphi.com\/' target='_blank'><span class='first_image_holder '><img decoding=\"async\" itemprop=\"image\" src=\"http:\/\/dieselinjeccio.com\/wp-content\/uploads\/2017\/05\/delphi-1.png\" alt=\"carousel image\" \/><\/span><\/a><\/div><\/li><li class='item'><div class=\"carousel_item_holder\"><a itemprop='url' href='https:\/\/www.denso.com\/global\/en\/' target='_blank'><span class='first_image_holder '><img decoding=\"async\" itemprop=\"image\" src=\"http:\/\/dieselinjeccio.com\/wp-content\/uploads\/2017\/05\/denso-1.png\" alt=\"carousel image\" \/><\/span><\/a><\/div><\/li><\/ul><\/div><\/div>[\/vc_column_inner][vc_column_inner width=\u00bb1\/6&#8243;][\/vc_column_inner][\/vc_row_inner][vc_empty_space height=\u00bb80px\u00bb][\/vc_column][\/vc_row][vc_row css_animation=\u00bb\u00bb row_type=\u00bbrow\u00bb use_row_as_full_screen_section=\u00bbno\u00bb type=\u00bbgrid\u00bb angled_section=\u00bbno\u00bb text_align=\u00bbleft\u00bb background_image_as_pattern=\u00bbwithout_pattern\u00bb anchor=\u00bbpolitica\u00bb css=\u00bb.vc_custom_1496144046758{background-color: #ffffff !important;background-position: center !important;background-repeat: no-repeat !important;background-size: cover !important;}\u00bb][vc_column][vc_column_text]<\/p>\n<h2 style=\"text-align: center;\"><span style=\"color: #1e1e52;\">Reparaci\u00f3n de Bombas El\u00e9ctricas y Mec\u00e1nicas con Etiquetado QualityScan<\/span><\/h2>\n<p>[\/vc_column_text][vc_separator type=\u00bbsmall\u00bb position=\u00bbcenter\u00bb color=\u00bb#ff201c\u00bb thickness=\u00bb5&#8243;][vc_empty_space height=\u00bb20&#8243;][vc_row_inner row_type=\u00bbrow\u00bb type=\u00bbfull_width\u00bb text_align=\u00bbleft\u00bb css_animation=\u00bb\u00bb css=\u00bb.vc_custom_1496057434769{background-color: #ffffff !important;}\u00bb][vc_column_inner][vc_column_text]Nuestro etiquetado especial QualityScan cuenta con una ID de reparaci\u00f3n que te facilitar\u00e1 la realizaci\u00f3n de comprobaciones de calidad de la reparaci\u00f3n realizada. Datos como la fecha de expiraci\u00f3n de la garant\u00eda, identificaci\u00f3n IMA o informaci\u00f3n de contacto de taller, a unos pocos segundos de alcance.<\/p>\n<p>Utilizar la aplicaci\u00f3n QualityScan para leer la informaci\u00f3n sobre las reparaciones de bombas el\u00e9ctricas y mec\u00e1nicas BOSCH realizadas en nuestro taller y laboratorio especialista en sistemas di\u00e9sel.[\/vc_column_text][vc_empty_space height=\u00bb80px\u00bb][\/vc_column_inner][\/vc_row_inner][\/vc_column][\/vc_row][vc_row css_animation=\u00bb\u00bb row_type=\u00bbrow\u00bb use_row_as_full_screen_section=\u00bbno\u00bb type=\u00bbfull_width\u00bb angled_section=\u00bbno\u00bb text_align=\u00bbleft\u00bb background_image_as_pattern=\u00bbwithout_pattern\u00bb z_index=\u00bb\u00bb][vc_column][vc_gallery type=\u00bbimage_grid\u00bb images=\u00bb402,401,400,399&#8243; img_size=\u00bbfull\u00bb column_number=\u00bb4&#8243; grayscale=\u00bbyes\u00bb images_space=\u00bbgallery_without_space\u00bb][vc_empty_space height=\u00bb80px\u00bb css=\u00bb.vc_custom_1548234592545{background-color: #ffffff !important;}\u00bb][\/vc_column][\/vc_row][vc_row css_animation=\u00bb\u00bb row_type=\u00bbrow\u00bb use_row_as_full_screen_section=\u00bbno\u00bb type=\u00bbfull_width\u00bb angled_section=\u00bbno\u00bb text_align=\u00bbleft\u00bb background_image_as_pattern=\u00bbwithout_pattern\u00bb css=\u00bb.vc_custom_1548234691520{background-color: #ffffff !important;}\u00bb z_index=\u00bb\u00bb][vc_column width=\u00bb1\/6&#8243;][\/vc_column][vc_column width=\u00bb2\/3&#8243;]<div class=\"qode-advanced-tabs qode-advanced-tabs qode-advanced-horizontal-tab clearfix qode-advanced-tab-with-icon qode-advanced-tabs-column-3 clearfix\">\n\t<ul class=\"qode-advanced-tabs-nav\">\n\t\t\t\t\t<li>\n\t\t\t\t<h3>\n\t\t\t\t\t<a href=\"#tab-reparar-fuga-aire-en-bomba-electrica-o-mecanica-bosch\">\n\t\t\t\t\t\t\t\t\t\t\t\t\t<span class=\"qode-advanced-icon-frame\"><\/span>\n\t\t\t\t\t\t\n\t\t\t\t\t\t\t\t\t\t\t\t\t<span class=\"qode-advanced-tab-text-after-icon\">\n\t\t\t\t\t\t\t\tReparar Fuga Aire en Bomba El\u00e9ctrica o Mec\u00e1nica BOSCH\t\t\t\t\t\t\t<\/span>\n\t\t\t\t\t\t\t\t\t\t\t<\/a>\n\t\t\t\t<\/h3>\n\t\t\t<\/li>\n\t\t\t\t\t<li>\n\t\t\t\t<h3>\n\t\t\t\t\t<a href=\"#tab-obstruccion-de-inyectores-en-bombas-electricas-y-mecanicas\">\n\t\t\t\t\t\t\t\t\t\t\t\t\t<span class=\"qode-advanced-icon-frame\"><\/span>\n\t\t\t\t\t\t\n\t\t\t\t\t\t\t\t\t\t\t\t\t<span class=\"qode-advanced-tab-text-after-icon\">\n\t\t\t\t\t\t\t\tObstrucci\u00f3n de Inyectores en Bombas El\u00e9ctricas y Mec\u00e1nicas\t\t\t\t\t\t\t<\/span>\n\t\t\t\t\t\t\t\t\t\t\t<\/a>\n\t\t\t\t<\/h3>\n\t\t\t<\/li>\n\t\t\t\t\t<li>\n\t\t\t\t<h3>\n\t\t\t\t\t<a href=\"#tab-reparar-filtro-de-bomba-electrica-o-mecanica-bosch\">\n\t\t\t\t\t\t\t\t\t\t\t\t\t<span class=\"qode-advanced-icon-frame\"><\/span>\n\t\t\t\t\t\t\n\t\t\t\t\t\t\t\t\t\t\t\t\t<span class=\"qode-advanced-tab-text-after-icon\">\n\t\t\t\t\t\t\t\tReparar Filtro de Bomba El\u00e9ctrica o Mec\u00e1nica BOSCH\t\t\t\t\t\t\t<\/span>\n\t\t\t\t\t\t\t\t\t\t\t<\/a>\n\t\t\t\t<\/h3>\n\t\t\t<\/li>\n\t\t\t<\/ul>\n\t<div class=\"qode-advanced-tab-container\" id=\"tab-reparar-fuga-aire-en-bomba-electrica-o-mecanica-bosch-334\" data-icon-pack=\"font_awesome\" data-icon-html=\"&lt;i class=&quot;qode_icon_font_awesome fa fa-car &quot; &gt;&lt;\/i&gt;\">[vc_column_text]<\/p>\n<p style=\"text-align: center;\">Cuando se producen p\u00e9rdidas de presi\u00f3n en la entrada de aire en la l\u00ednea de combustible de la bomba el\u00e9ctrica o mec\u00e1nica, pueden provocarse problemas en el arranque o estancamiento del motor. La mejor forma de resolverlo es purgar el sistema de aire y reparar las fugas que puedan haber, y en Diesel Injecci\u00f3 disponemos de las herramientas y conocimientos para ello.<\/p>\n<p><img loading=\"lazy\" decoding=\"async\" class=\"size-medium wp-image-745 aligncenter\" src=\"https:\/\/dieselinjeccio.com\/wp-content\/uploads\/2019\/01\/bomba-CP4-_006-300x200.jpg\" alt=\"\" width=\"300\" height=\"200\" srcset=\"https:\/\/dieselinjeccio.com\/wp-content\/uploads\/2019\/01\/bomba-CP4-_006-300x200.jpg 300w, https:\/\/dieselinjeccio.com\/wp-content\/uploads\/2019\/01\/bomba-CP4-_006-768x513.jpg 768w, https:\/\/dieselinjeccio.com\/wp-content\/uploads\/2019\/01\/bomba-CP4-_006-1024x684.jpg 1024w, https:\/\/dieselinjeccio.com\/wp-content\/uploads\/2019\/01\/bomba-CP4-_006-700x467.jpg 700w, https:\/\/dieselinjeccio.com\/wp-content\/uploads\/2019\/01\/bomba-CP4-_006-600x401.jpg 600w\" sizes=\"auto, (max-width: 300px) 100vw, 300px\" \/>[\/vc_column_text]<\/div><div class=\"qode-advanced-tab-container\" id=\"tab-obstruccion-de-inyectores-en-bombas-electricas-y-mecanicas-791\" data-icon-pack=\"font_awesome\" data-icon-html=\"&lt;i class=&quot;qode_icon_font_awesome fa fa-calculator &quot; &gt;&lt;\/i&gt;\">[vc_column_text]<\/p>\n<p style=\"text-align: center;\">El tiempo y el desuso provoca la obstrucci\u00f3n de los inyectores de las bombas, debido a la acumulaci\u00f3n de residuos y sedimentos del combustible en las boquillas. En el caso de los inyectores de las bombas el\u00e9ctricas y mec\u00e1nicas que a\u00fan son salvables, s\u00f3lo un taller especialista puede arreglarlos.<\/p>\n<p><img loading=\"lazy\" decoding=\"async\" class=\"size-medium wp-image-743 aligncenter\" src=\"https:\/\/dieselinjeccio.com\/wp-content\/uploads\/2019\/01\/Bomba-CP1_093-300x200.jpg\" alt=\"\" width=\"300\" height=\"200\" srcset=\"https:\/\/dieselinjeccio.com\/wp-content\/uploads\/2019\/01\/Bomba-CP1_093-300x200.jpg 300w, https:\/\/dieselinjeccio.com\/wp-content\/uploads\/2019\/01\/Bomba-CP1_093-768x512.jpg 768w, https:\/\/dieselinjeccio.com\/wp-content\/uploads\/2019\/01\/Bomba-CP1_093-1024x683.jpg 1024w, https:\/\/dieselinjeccio.com\/wp-content\/uploads\/2019\/01\/Bomba-CP1_093-700x467.jpg 700w, https:\/\/dieselinjeccio.com\/wp-content\/uploads\/2019\/01\/Bomba-CP1_093-600x400.jpg 600w\" sizes=\"auto, (max-width: 300px) 100vw, 300px\" \/>[\/vc_column_text]<\/div><div class=\"qode-advanced-tab-container\" id=\"tab-reparar-filtro-de-bomba-electrica-o-mecanica-bosch-946\" data-icon-pack=\"font_awesome\" data-icon-html=\"&lt;i class=&quot;qode_icon_font_awesome fa fa-align-left &quot; &gt;&lt;\/i&gt;\">[vc_column_text]<\/p>\n<p style=\"text-align: center;\">Cuando el filtro de una bomba el\u00e9ctrica o mec\u00e1nica est\u00e1 bloqueado, pueden presentarse dificultades para el acceso al combustible y no poder mantenerse el motor en marcha. Para evitar esto, lo mejor es limpiarlo de forma regular pero si llega a ser necesario, deber\u00e1 realizarse el recambio o reposici\u00f3n necesaria.<\/p>\n<p><img loading=\"lazy\" decoding=\"async\" class=\"size-medium wp-image-718 aligncenter\" src=\"https:\/\/dieselinjeccio.com\/wp-content\/uploads\/2019\/01\/Bomba-CP4_009-300x200.jpg\" alt=\"\" width=\"300\" height=\"200\" srcset=\"https:\/\/dieselinjeccio.com\/wp-content\/uploads\/2019\/01\/Bomba-CP4_009-300x200.jpg 300w, https:\/\/dieselinjeccio.com\/wp-content\/uploads\/2019\/01\/Bomba-CP4_009-768x513.jpg 768w, https:\/\/dieselinjeccio.com\/wp-content\/uploads\/2019\/01\/Bomba-CP4_009-1024x684.jpg 1024w, https:\/\/dieselinjeccio.com\/wp-content\/uploads\/2019\/01\/Bomba-CP4_009-700x467.jpg 700w, https:\/\/dieselinjeccio.com\/wp-content\/uploads\/2019\/01\/Bomba-CP4_009-600x401.jpg 600w\" sizes=\"auto, (max-width: 300px) 100vw, 300px\" \/>[\/vc_column_text]<\/div><\/div>[\/vc_column][vc_column width=\u00bb1\/6&#8243;][\/vc_column][\/vc_row][vc_row css_animation=\u00bb\u00bb row_type=\u00bbrow\u00bb use_row_as_full_screen_section=\u00bbno\u00bb type=\u00bbfull_width\u00bb angled_section=\u00bbno\u00bb text_align=\u00bbleft\u00bb background_image_as_pattern=\u00bbwithout_pattern\u00bb][vc_column][vc_empty_space css=\u00bb.vc_custom_1548236894002{background-color: #ffffff !important;}\u00bb][\/vc_column][\/vc_row][vc_row css_animation=\u00bb\u00bb row_type=\u00bbrow\u00bb use_row_as_full_screen_section=\u00bbno\u00bb type=\u00bbfull_width\u00bb angled_section=\u00bbno\u00bb text_align=\u00bbleft\u00bb background_image_as_pattern=\u00bbwithout_pattern\u00bb css=\u00bb.vc_custom_1548236862834{background-color: #ffffff !important;}\u00bb z_index=\u00bb\u00bb][vc_column]<div class=\"call_to_action normal\" style=\"background-color: #202053;\"><div class=\"container_inner\"><div class=\"two_columns_75_25 clearfix\"><div class=\"text_wrapper column1\"><div class=\"call_to_action_text \" style=\"\">En Di\u00e9sel Injecci\u00f3 te proporcionaremos un servicio integral, que va desde el diagn\u00f3stico de las Bombas El\u00e9ctricas y Mec\u00e1nicas BOSCH de tu sistema di\u00e9sel hasta su reconstrucci\u00f3n, reparaci\u00f3n o reposici\u00f3n seg\u00fan sea el caso. Adem\u00e1s, dispondr\u00e1s de una ID especial de reparaci\u00f3n oficial que te ayudar\u00e1 a disponer de todos los datos sobre los componentes de una manera muy r\u00e1pida y sencilla.<\/div><\/div><div class=\"button_wrapper column2\"><a itemprop=\"url\" href=\"https:\/\/dieselinjeccio.com\/es\/contacto\/\" class=\"qbutton white medium\" target=\"_self\" style=\"\" data-hover-background-color=#dd0000 data-hover-border-color=#ffffff >CONTACTA<\/a><\/div><\/div><\/div><\/div>[\/vc_column][\/vc_row][vc_row css_animation=\u00bb\u00bb row_type=\u00bbrow\u00bb use_row_as_full_screen_section=\u00bbno\u00bb type=\u00bbfull_width\u00bb angled_section=\u00bbno\u00bb text_align=\u00bbleft\u00bb background_image_as_pattern=\u00bbwithout_pattern\u00bb background_color=\u00bb#ffffff\u00bb z_index=\u00bb\u00bb][vc_column][vc_empty_space][vc_single_image image=\u00bb608&#8243; img_size=\u00bbfull\u00bb alignment=\u00bbcenter\u00bb qode_css_animation=\u00bb\u00bb][\/vc_column][\/vc_row]<\/p>\n<\/div>","protected":false},"excerpt":{"rendered":"<p>[vc_row css_animation=\u00bb\u00bb row_type=\u00bbrow\u00bb use_row_as_full_screen_section=\u00bbno\u00bb type=\u00bbgrid\u00bb angled_section=\u00bbno\u00bb text_align=\u00bbcenter\u00bb background_image_as_pattern=\u00bbwith_pattern\u00bb anchor=\u00bbempresa\u00bb css=\u00bb.vc_custom_1548948611760{background: rgba(0,40,94,0.09) url(https:\/\/dieselinjeccio.com\/wp-content\/uploads\/2019\/01\/banner-servicios-reparacion-bombas-electricas-y-mecanicas-bosch-1920&#215;600.jpg?id=1203) !important;background-position: center !important;background-repeat: no-repeat !important;background-size: cover !important;*background-color: rgb(0,40,94) !important;}\u00bb z_index=\u00bb\u00bb][vc_column][vc_empty_space height=\u00bb300px\u00bb][\/vc_column][\/vc_row][vc_row css_animation=\u00bb\u00bb row_type=\u00bbrow\u00bb use_row_as_full_screen_section=\u00bbno\u00bb type=\u00bbgrid\u00bb angled_section=\u00bbno\u00bb text_align=\u00bbcenter\u00bb background_image_as_pattern=\u00bbwith_pattern\u00bb anchor=\u00bbempresa\u00bb css=\u00bb.vc_custom_1548245093740{background: rgba(0,40,94,0.09) url(http:\/\/dieselinjeccio.com\/wp-content\/uploads\/2016\/06\/fondo15.png?id=198) !important;background-position: center !important;background-repeat: no-repeat !important;background-size: cover !important;*background-color: rgb(0,40,94) !important;}\u00bb z_index=\u00bb\u00bb][vc_column][vc_empty_space height=\u00bb30px\u00bb][vc_column_text&#8230;<\/p>\n","protected":false},"author":2,"featured_media":0,"parent":0,"menu_order":0,"comment_status":"closed","ping_status":"closed","template":"full_width.php","meta":{"footnotes":""},"class_list":["post-947","page","type-page","status-publish","hentry"],"_links":{"self":[{"href":"https:\/\/dieselinjeccio.com\/es\/wp-json\/wp\/v2\/pages\/947","targetHints":{"allow":["GET"]}}],"collection":[{"href":"https:\/\/dieselinjeccio.com\/es\/wp-json\/wp\/v2\/pages"}],"about":[{"href":"https:\/\/dieselinjeccio.com\/es\/wp-json\/wp\/v2\/types\/page"}],"author":[{"embeddable":true,"href":"https:\/\/dieselinjeccio.com\/es\/wp-json\/wp\/v2\/users\/2"}],"replies":[{"embeddable":true,"href":"https:\/\/dieselinjeccio.com\/es\/wp-json\/wp\/v2\/comments?post=947"}],"version-history":[{"count":3,"href":"https:\/\/dieselinjeccio.com\/es\/wp-json\/wp\/v2\/pages\/947\/revisions"}],"predecessor-version":[{"id":1426,"href":"https:\/\/dieselinjeccio.com\/es\/wp-json\/wp\/v2\/pages\/947\/revisions\/1426"}],"wp:attachment":[{"href":"https:\/\/dieselinjeccio.com\/es\/wp-json\/wp\/v2\/media?parent=947"}],"curies":[{"name":"wp","href":"https:\/\/api.w.org\/{rel}","templated":true}]}}