{"id":978,"date":"2019-01-24T16:36:59","date_gmt":"2019-01-24T16:36:59","guid":{"rendered":"https:\/\/dieselinjeccio.com\/?page_id=978"},"modified":"2025-08-27T16:06:08","modified_gmt":"2025-08-27T16:06:08","slug":"reparacion-sistemas-inyeccion-delphi","status":"publish","type":"page","link":"https:\/\/dieselinjeccio.com\/es\/reparacion-sistemas-inyeccion-delphi\/","title":{"rendered":"Taller de reparaci\u00f3n Delphi (sistemas de inyecci\u00f3n)"},"content":{"rendered":"<div class=\"wpb-content-wrapper\"><p>[vc_row css_animation=\u00bb\u00bb row_type=\u00bbrow\u00bb use_row_as_full_screen_section=\u00bbno\u00bb type=\u00bbgrid\u00bb anchor=\u00bbempresa\u00bb angled_section=\u00bbno\u00bb text_align=\u00bbcenter\u00bb background_image_as_pattern=\u00bbwith_pattern\u00bb css=\u00bb.vc_custom_1548950431666{background: rgba(0,40,94,0.09) url(https:\/\/dieselinjeccio.com\/wp-content\/uploads\/2019\/01\/banner-servicios-reparacion-sistemas-inyeccion-delphi-1920&#215;600.jpg?id=1220) !important;background-position: center !important;background-repeat: no-repeat !important;background-size: cover !important;*background-color: rgb(0,40,94) !important;}\u00bb z_index=\u00bb\u00bb][vc_column][vc_empty_space height=\u00bb300px\u00bb][\/vc_column][\/vc_row][vc_row css_animation=\u00bb\u00bb row_type=\u00bbrow\u00bb use_row_as_full_screen_section=\u00bbno\u00bb type=\u00bbgrid\u00bb anchor=\u00bbempresa\u00bb angled_section=\u00bbno\u00bb text_align=\u00bbcenter\u00bb background_image_as_pattern=\u00bbwith_pattern\u00bb css=\u00bb.vc_custom_1548245159044{background: rgba(0,40,94,0.09) url(http:\/\/dieselinjeccio.com\/wp-content\/uploads\/2016\/06\/fondo15.png?id=198) !important;background-position: center !important;background-repeat: no-repeat !important;background-size: cover !important;*background-color: rgb(0,40,94) !important;}\u00bb z_index=\u00bb\u00bb][vc_column][vc_empty_space height=\u00bb30px\u00bb][vc_column_text]<\/p>\n<h1 style=\"text-align: center;\"><span style=\"color: #1e1e52;\">Taller de Reparaci\u00f3n de Sistemas de Inyecci\u00f3n Delphi<\/span><\/h1>\n<p>[\/vc_column_text][vc_empty_space height=\u00bb24px\u00bb][vc_column_text]En Di\u00e9sel Injecci\u00f3 consideramos que los servicios de diagn\u00f3stico y reparaci\u00f3n oficiales son muy importantes. Esto es debido a que, montar un sistema de inyecci\u00f3n Delphi reparado con t\u00e9cnicas o repuestos que no alcancen los est\u00e1ndares de la marca puede ser muy negativo para el funcionamiento del sistema di\u00e9sel.<\/p>\n<p>Aquellos talleres que contamos con la formaci\u00f3n y recursos para pertenecer a la red de talleres Delphi podemos ofrecer un servicio de calidad y muy especializado.<\/p>\n<p>En nuestro taller especialista en reparaci\u00f3n de sistemas de inyecci\u00f3n Delphi no s\u00f3lo repararemos tus sistemas di\u00e9sel, sino que \u00a1los mejoraremos! Te aseguramos un resultado excelente, con menor consumo de combustible, emisiones y desgaste a largo plazo en comparaci\u00f3n a una reparaci\u00f3n realizada con procedimientos y repuestos no oficiales.[\/vc_column_text][vc_empty_space height=\u00bb150px\u00bb][\/vc_column][\/vc_row][vc_row css_animation=\u00bb\u00bb row_type=\u00bbrow\u00bb use_row_as_full_screen_section=\u00bbyes\u00bb type=\u00bbgrid\u00bb anchor=\u00bbproductos\u00bb angled_section=\u00bbno\u00bb text_align=\u00bbcenter\u00bb background_image_as_pattern=\u00bbwithout_pattern\u00bb css=\u00bb.vc_custom_1548178159739{background-color: #ffffff !important;}\u00bb z_index=\u00bb\u00bb][vc_column][vc_column_text]<\/p>\n<h2 style=\"text-align: center;\"><span style=\"color: #1e1e52;\"><br \/>\nTaller Especializado en Sistemas de Inyecci\u00f3n Delphi<\/span><\/h2>\n<p>[\/vc_column_text][vc_separator type=\u00bbsmall\u00bb position=\u00bbcenter\u00bb color=\u00bb#ff201c\u00bb thickness=\u00bb5&#8243;][\/vc_column][\/vc_row][vc_row css_animation=\u00bb\u00bb row_type=\u00bbrow\u00bb use_row_as_full_screen_section=\u00bbno\u00bb type=\u00bbgrid\u00bb angled_section=\u00bbno\u00bb text_align=\u00bbleft\u00bb background_image_as_pattern=\u00bbwithout_pattern\u00bb css=\u00bb.vc_custom_1548418026745{padding-top: 35px !important;padding-bottom: 35px !important;background-color: #ffffff !important;}\u00bb z_index=\u00bb\u00bb][vc_column width=\u00bb1\/2&#8243; offset=\u00bbvc_col-lg-6 vc_col-md-6&#8243;][vc_column_text]Delphi es una de los mejores proveedores de sistemas de inyecci\u00f3n di\u00e9sel y desde nuestra asociaci\u00f3n con la marca, contamos con la posibilidad de adquirir repuestos originales, as\u00ed como de haber recibido formaci\u00f3n espec\u00edfica para realizar diagn\u00f3sticos y reparaciones de sistemas de inyecci\u00f3n Delphi siguiendo las especificaciones de los fabricantes.<\/p>\n<p>Hemos evolucionado con la marca y actualmente pertenecemos a la red de talleres Delphi Service Center. Los resultados obtenidos est\u00e1n a la vista, con un alto grado de satisfacci\u00f3n por parte de todos nuestros clientes.[\/vc_column_text][vc_empty_space][vc_row_inner row_type=\u00bbrow\u00bb type=\u00bbfull_width\u00bb text_align=\u00bbleft\u00bb css_animation=\u00bb\u00bb][vc_column_inner width=\u00bb1\/2&#8243;]<div class=\"qode-banner qode-banner-va-bottom\"><div class=\"qode-banner-image\"><img decoding=\"async\" itemprop=\"image\" src=\"https:\/\/dieselinjeccio.com\/wp-content\/uploads\/2019\/01\/reparacion-inyector-delphi-3-503x308.jpg\" alt=\"reparacion-inyector-delphi\" \/><\/div><div class=\"qode-banner-content\"><div class=\"qode-banner-content-inner\"><div class=\"qode-banner-text-holder\"><\/div><\/div><\/div><\/div>[\/vc_column_inner][vc_column_inner width=\u00bb1\/2&#8243;]<div class=\"qode-banner qode-banner-va-bottom\"><div class=\"qode-banner-image\"><img decoding=\"async\" itemprop=\"image\" src=\"https:\/\/dieselinjeccio.com\/wp-content\/uploads\/2019\/01\/reparacion-inyector-delphi-503x308.jpg\" alt=\"reparacion-inyector-delphi\" \/><\/div><div class=\"qode-banner-content\"><div class=\"qode-banner-content-inner\"><div class=\"qode-banner-text-holder\"><\/div><\/div><\/div><\/div>[\/vc_column_inner][\/vc_row_inner][\/vc_column][vc_column width=\u00bb1\/2&#8243;]<div class=\"qode-banner qode-banner-va-bottom\"><div class=\"qode-banner-image\"><img decoding=\"async\" itemprop=\"image\" src=\"https:\/\/dieselinjeccio.com\/wp-content\/uploads\/2019\/01\/reparacion-inyector-delphi-2-5035x308.jpg\" alt=\"reparacion-inyector-delphi\" \/><\/div><div class=\"qode-banner-content\"><div class=\"qode-banner-content-inner\"><div class=\"qode-banner-text-holder\"><\/div><\/div><\/div><\/div>[\/vc_column][\/vc_row][vc_row css_animation=\u00bb\u00bb row_type=\u00bbrow\u00bb use_row_as_full_screen_section=\u00bbno\u00bb type=\u00bbfull_width\u00bb angled_section=\u00bbno\u00bb text_align=\u00bbleft\u00bb background_image_as_pattern=\u00bbwithout_pattern\u00bb z_index=\u00bb\u00bb][vc_column css=\u00bb.vc_custom_1498558728673{padding-top: -60px !important;}\u00bb offset=\u00bbvc_hidden-sm vc_hidden-xs\u00bb][vc_single_image image=\u00bb196&#8243; img_size=\u00bbfull\u00bb qode_css_animation=\u00bb\u00bb css=\u00bb.vc_custom_1548348589404{background-image: url(https:\/\/dieselinjeccio.com\/wp-content\/uploads\/2019\/01\/banner-reparacion-inyectores-delphi-1920&#215;600.jpg?id=984) !important;background-position: center !important;background-repeat: no-repeat !important;background-size: cover !important;}\u00bb][\/vc_column][\/vc_row][vc_row css_animation=\u00bb\u00bb row_type=\u00bbrow\u00bb use_row_as_full_screen_section=\u00bbno\u00bb type=\u00bbgrid\u00bb anchor=\u00bbpolitica\u00bb angled_section=\u00bbno\u00bb text_align=\u00bbleft\u00bb background_image_as_pattern=\u00bbwithout_pattern\u00bb css=\u00bb.vc_custom_1496144046758{background-color: #ffffff !important;background-position: center !important;background-repeat: no-repeat !important;background-size: cover !important;}\u00bb][vc_column][vc_column_text]<\/p>\n<h2 style=\"text-align: center;\"><span style=\"color: #1e1e52;\">Reparaci\u00f3n de Sistemas de Inyecci\u00f3n con Certificado MyDNA Delphi<\/span><\/h2>\n<p>[\/vc_column_text][vc_separator type=\u00bbsmall\u00bb position=\u00bbcenter\u00bb color=\u00bb#ff201c\u00bb thickness=\u00bb5&#8243;][vc_empty_space height=\u00bb20&#8243;][vc_row_inner row_type=\u00bbrow\u00bb type=\u00bbfull_width\u00bb text_align=\u00bbleft\u00bb css_animation=\u00bb\u00bb css=\u00bb.vc_custom_1496057434769{background-color: #ffffff !important;}\u00bb][vc_column_inner][vc_column_text]MyDNA Delphi es una herramienta creada por y para la red de talleres Delphi Diesel Center. Mediante la introducci\u00f3n de un c\u00f3digo de reparaci\u00f3n otorgado espec\u00edficamente para ello, podr\u00e1s obtener toda la informaci\u00f3n que puedas requerir sobre el servicio. Esta posibilidad es solo ofrecida por talleres y laboratorios de la red Delphi Diesel Center, con lo que sabr\u00e1s a ciencia cierta que se trata de un servicio de calidad 100% oficial.[\/vc_column_text][vc_separator type=\u00bbtransparent\u00bb thickness=\u00bb5&#8243;][\/vc_column_inner][\/vc_row_inner][\/vc_column][\/vc_row][vc_row css_animation=\u00bb\u00bb row_type=\u00bbrow\u00bb use_row_as_full_screen_section=\u00bbno\u00bb type=\u00bbfull_width\u00bb angled_section=\u00bbno\u00bb text_align=\u00bbleft\u00bb background_image_as_pattern=\u00bbwithout_pattern\u00bb css=\u00bb.vc_custom_1499857903635{margin-bottom: -50px !important;background-color: #ffffff !important;}\u00bb][vc_column][vc_row_inner row_type=\u00bbrow\u00bb type=\u00bbfull_width\u00bb text_align=\u00bbleft\u00bb background_color=\u00bb#ffffff\u00bb css_animation=\u00bb\u00bb][vc_column_inner width=\u00bb1\/4&#8243;][\/vc_column_inner][vc_column_inner width=\u00bb1\/4&#8243;]<div class=\"image_with_text\"><img decoding=\"async\" itemprop=\"image\" src=\"https:\/\/dieselinjeccio.com\/wp-content\/uploads\/2019\/01\/reparacion-inyector-delphi-4-503x308.jpg\" alt=\"Equipamiento para Reparaci\u00f3n de Sistemas Delphi\" \/><h3  class=\"image_with_text_title\">Equipamiento para Reparaci\u00f3n de Sistemas Delphi<\/h3><span style=\"margin: 6px 0px;\" class=\"separator transparent\"><\/span><\/p>\n<ul>\n<li>Banco de pruebas Hartridge AVM II PC, para Bombas Delphi.<\/li>\n<li>Banco de pruebas Hartridge CRI, para Inyectores Delphi.<\/li>\n<li>Cabina para Reparaci\u00f3n de Inyector CR Delphi.<\/li>\n<li>ETK, para las Bombas EPIC de Delphi.<\/li>\n<\/ul>\n<p><\/div>[\/vc_column_inner][vc_column_inner width=\u00bb1\/4&#8243;]<div class=\"image_with_text\"><img decoding=\"async\" itemprop=\"image\" src=\"https:\/\/dieselinjeccio.com\/wp-content\/uploads\/2019\/01\/reparacion-inyector-delphi-5-503x308.jpg\" alt=\"Taller Experto en Bombas e Inyectores Delphi\" \/><h3  class=\"image_with_text_title\">Taller Experto en Bombas e Inyectores Delphi<\/h3><span style=\"margin: 6px 0px;\" class=\"separator transparent\"><\/span><\/p>\n<ul>\n<li>Bombas Common Rail Delphi<\/li>\n<li>Bombas Delphi OPC\/N y OP210<\/li>\n<li>Inyectores Common Rail Delphi<\/li>\n<li>Bombas Inyecci\u00f3n EPIC Fase I, II y III<\/li>\n<\/ul>\n<p><\/div>[\/vc_column_inner][vc_column_inner width=\u00bb1\/4&#8243;][\/vc_column_inner][\/vc_row_inner][vc_empty_space height=\u00bb80px\u00bb][vc_row_inner row_type=\u00bbrow\u00bb type=\u00bbfull_width\u00bb text_align=\u00bbleft\u00bb css_animation=\u00bb\u00bb css=\u00bb.vc_custom_1548228471915{background-color: #ffffff !important;}\u00bb][vc_column_inner width=\u00bb1\/6&#8243;][\/vc_column_inner][vc_column_inner width=\u00bb2\/3&#8243;]<div class='qode_carousels_holder clearfix'><div class='qode_carousels' data-number-of-visible-items='5'><ul class='slides'><li class='item'><div class=\"carousel_item_holder\"><a itemprop='url' href='https:\/\/www.boschcarservice.com\/es\/es' target='_blank'><span class='first_image_holder '><img decoding=\"async\" itemprop=\"image\" src=\"http:\/\/dieselinjeccio.com\/wp-content\/uploads\/2017\/05\/bosch1.png\" alt=\"carousel image\" \/><\/span><\/a><\/div><\/li><li class='item'><div class=\"carousel_item_holder\"><a itemprop='url' href='http:\/\/www.continental-neumaticos.es\/turismo?gclid=CjwKEAjwsLTJBRCvibaW9bGLtUESJAC4wKw1c7jnBm2pKwZo5yLNg2-NOXgIOHBiqWhrLx3B3w1nBhoCRizw_wcB' target='_blank'><span class='first_image_holder '><img decoding=\"async\" itemprop=\"image\" src=\"http:\/\/dieselinjeccio.com\/wp-content\/uploads\/2017\/05\/continental-1.png\" alt=\"carousel image\" \/><\/span><\/a><\/div><\/li><li class='item'><div class=\"carousel_item_holder\"><a itemprop='url' href='http:\/\/www.delphi.com\/' target='_blank'><span class='first_image_holder '><img decoding=\"async\" itemprop=\"image\" src=\"http:\/\/dieselinjeccio.com\/wp-content\/uploads\/2017\/05\/delphi-1.png\" alt=\"carousel image\" \/><\/span><\/a><\/div><\/li><li class='item'><div class=\"carousel_item_holder\"><a itemprop='url' href='https:\/\/www.denso.com\/global\/en\/' target='_blank'><span class='first_image_holder '><img decoding=\"async\" itemprop=\"image\" src=\"http:\/\/dieselinjeccio.com\/wp-content\/uploads\/2017\/05\/denso-1.png\" alt=\"carousel image\" \/><\/span><\/a><\/div><\/li><\/ul><\/div><\/div>[\/vc_column_inner][vc_column_inner width=\u00bb1\/6&#8243;][\/vc_column_inner][\/vc_row_inner][vc_empty_space height=\u00bb30px\u00bb][\/vc_column][\/vc_row][vc_row css_animation=\u00bb\u00bb row_type=\u00bbrow\u00bb use_row_as_full_screen_section=\u00bbno\u00bb type=\u00bbgrid\u00bb anchor=\u00bbpolitica\u00bb angled_section=\u00bbno\u00bb text_align=\u00bbleft\u00bb background_image_as_pattern=\u00bbwithout_pattern\u00bb css=\u00bb.vc_custom_1496144046758{background-color: #ffffff !important;background-position: center !important;background-repeat: no-repeat !important;background-size: cover !important;}\u00bb][vc_column][vc_column_text]<\/p>\n<h2 style=\"text-align: center;\"><span style=\"color: #1e1e52;\">\u00bfPor qu\u00e9 elegir un Taller Oficial Delpi?<\/span><\/h2>\n<p>[\/vc_column_text][vc_separator type=\u00bbsmall\u00bb position=\u00bbcenter\u00bb color=\u00bb#ff201c\u00bb thickness=\u00bb5&#8243;][vc_empty_space height=\u00bb20&#8243;][vc_row_inner row_type=\u00bbrow\u00bb type=\u00bbfull_width\u00bb text_align=\u00bbleft\u00bb css_animation=\u00bb\u00bb css=\u00bb.vc_custom_1496057434769{background-color: #ffffff !important;}\u00bb][vc_column_inner][vc_column_text]\u00bfPor qu\u00e9 elegir un taller autorizado cuando los dem\u00e1s \u00abhacen lo mismo\u00bb y son m\u00e1s baratos? \u00bfTe has planteado alguna vez por qu\u00e9 las tarifas son un poco m\u00e1s elevadas? Los Talleres Oficiales Delphi son algo m\u00e1s caros debido a que tenemos m\u00e1s gastos de instalaci\u00f3n, formaci\u00f3n y tecnolog\u00eda.<\/p>\n<p>\u00bfQu\u00e9 ganar\u00e1s con ello? Conocemos a la perfecci\u00f3n todos los sistemas de inyecci\u00f3n a los que realizamos diagnosis o reparaciones, y todo nuestro equipamiento est\u00e1 especialmente dise\u00f1ado para las distintas gamas de las marcas a las que ofrecemos servicio.[\/vc_column_text][vc_empty_space height=\u00bb80px\u00bb][\/vc_column_inner][\/vc_row_inner][\/vc_column][\/vc_row][vc_row css_animation=\u00bb\u00bb row_type=\u00bbrow\u00bb use_row_as_full_screen_section=\u00bbno\u00bb type=\u00bbfull_width\u00bb angled_section=\u00bbno\u00bb text_align=\u00bbleft\u00bb background_image_as_pattern=\u00bbwithout_pattern\u00bb z_index=\u00bb\u00bb][vc_column][vc_gallery type=\u00bbimage_grid\u00bb images=\u00bb1005,1007,1009,1011&#8243; img_size=\u00bbfull\u00bb column_number=\u00bb4&#8243; grayscale=\u00bbyes\u00bb images_space=\u00bbgallery_without_space\u00bb][vc_empty_space height=\u00bb80px\u00bb css=\u00bb.vc_custom_1548234592545{background-color: #ffffff !important;}\u00bb][\/vc_column][\/vc_row][vc_row css_animation=\u00bb\u00bb row_type=\u00bbrow\u00bb use_row_as_full_screen_section=\u00bbno\u00bb type=\u00bbfull_width\u00bb angled_section=\u00bbno\u00bb text_align=\u00bbleft\u00bb background_image_as_pattern=\u00bbwithout_pattern\u00bb css=\u00bb.vc_custom_1548234691520{background-color: #ffffff !important;}\u00bb z_index=\u00bb\u00bb][vc_column width=\u00bb1\/6&#8243;][\/vc_column][vc_column width=\u00bb2\/3&#8243;]<div class=\"qode-advanced-tabs qode-advanced-tabs qode-advanced-horizontal-tab clearfix qode-advanced-tab-with-icon qode-advanced-tabs-column-3 clearfix\">\n\t<ul class=\"qode-advanced-tabs-nav\">\n\t\t\t\t\t<li>\n\t\t\t\t<h3>\n\t\t\t\t\t<a href=\"#tab-diagnosis-de-vehiculos-delphi\">\n\t\t\t\t\t\t\t\t\t\t\t\t\t<span class=\"qode-advanced-icon-frame\"><\/span>\n\t\t\t\t\t\t\n\t\t\t\t\t\t\t\t\t\t\t\t\t<span class=\"qode-advanced-tab-text-after-icon\">\n\t\t\t\t\t\t\t\tDiagnosis de Veh\u00edculos Delphi\t\t\t\t\t\t\t<\/span>\n\t\t\t\t\t\t\t\t\t\t\t<\/a>\n\t\t\t\t<\/h3>\n\t\t\t<\/li>\n\t\t\t\t\t<li>\n\t\t\t\t<h3>\n\t\t\t\t\t<a href=\"#tab-reparacion-de-sistemas-delphi\">\n\t\t\t\t\t\t\t\t\t\t\t\t\t<span class=\"qode-advanced-icon-frame\"><\/span>\n\t\t\t\t\t\t\n\t\t\t\t\t\t\t\t\t\t\t\t\t<span class=\"qode-advanced-tab-text-after-icon\">\n\t\t\t\t\t\t\t\tReparaci\u00f3n de Sistemas Delphi\t\t\t\t\t\t\t<\/span>\n\t\t\t\t\t\t\t\t\t\t\t<\/a>\n\t\t\t\t<\/h3>\n\t\t\t<\/li>\n\t\t\t\t\t<li>\n\t\t\t\t<h3>\n\t\t\t\t\t<a href=\"#tab-otros-servicios-delphi\">\n\t\t\t\t\t\t\t\t\t\t\t\t\t<span class=\"qode-advanced-icon-frame\"><\/span>\n\t\t\t\t\t\t\n\t\t\t\t\t\t\t\t\t\t\t\t\t<span class=\"qode-advanced-tab-text-after-icon\">\n\t\t\t\t\t\t\t\tOtros Servicios Delphi\t\t\t\t\t\t\t<\/span>\n\t\t\t\t\t\t\t\t\t\t\t<\/a>\n\t\t\t\t<\/h3>\n\t\t\t<\/li>\n\t\t\t<\/ul>\n\t<div class=\"qode-advanced-tab-container\" id=\"tab-diagnosis-de-vehiculos-delphi-301\" data-icon-pack=\"font_awesome\" data-icon-html=\"&lt;i class=&quot;qode_icon_font_awesome fa fa-car &quot; &gt;&lt;\/i&gt;\">[vc_column_text]<\/p>\n<p style=\"text-align: left;\">Ofrecemos un servicio de diagn\u00f3stico de veh\u00edculos di\u00e9sel Delphi, realizado con la mejor metodolog\u00eda y herramientas existentes en el mercado. No todos los talleres pueden ofrecer la misma calidad de servicio, pero nosotros te garantizamos la m\u00e1xima atenci\u00f3n posible debido a los altos est\u00e1ndares de tecnolog\u00eda que conseguimos en nuestro taller.<\/p>\n<p><img loading=\"lazy\" decoding=\"async\" class=\"wp-image-1018 size-medium aligncenter\" src=\"https:\/\/dieselinjeccio.com\/wp-content\/uploads\/2019\/01\/reparacion-inyector-delphi-8-503x308-300x173.jpg\" alt=\"\" width=\"300\" height=\"173\" srcset=\"https:\/\/dieselinjeccio.com\/wp-content\/uploads\/2019\/01\/reparacion-inyector-delphi-8-503x308-300x173.jpg 300w, https:\/\/dieselinjeccio.com\/wp-content\/uploads\/2019\/01\/reparacion-inyector-delphi-8-503x308-345x198.jpg 345w, https:\/\/dieselinjeccio.com\/wp-content\/uploads\/2019\/01\/reparacion-inyector-delphi-8-503x308.jpg 535w\" sizes=\"auto, (max-width: 300px) 100vw, 300px\" \/>[\/vc_column_text]<\/div><div class=\"qode-advanced-tab-container\" id=\"tab-reparacion-de-sistemas-delphi-952\" data-icon-pack=\"font_awesome\" data-icon-html=\"&lt;i class=&quot;qode_icon_font_awesome fa fa-calculator &quot; &gt;&lt;\/i&gt;\">[vc_column_text]Contamos con el equipamiento necesario y formaci\u00f3n para realizar trabajos homologados siguiendo todas las especificaciones de f\u00e1brica. Nuestra gran cantidad de repuestos de una amplia variedad de marcas nos garantiza ofrecer el mejor servicio a todos nuestros clientes.<\/p>\n<p><img loading=\"lazy\" decoding=\"async\" class=\"wp-image-1016 size-medium aligncenter\" src=\"https:\/\/dieselinjeccio.com\/wp-content\/uploads\/2019\/01\/reparacion-inyector-delphi-7-503x308-300x173.jpg\" alt=\"\" width=\"300\" height=\"173\" srcset=\"https:\/\/dieselinjeccio.com\/wp-content\/uploads\/2019\/01\/reparacion-inyector-delphi-7-503x308-300x173.jpg 300w, https:\/\/dieselinjeccio.com\/wp-content\/uploads\/2019\/01\/reparacion-inyector-delphi-7-503x308-345x198.jpg 345w, https:\/\/dieselinjeccio.com\/wp-content\/uploads\/2019\/01\/reparacion-inyector-delphi-7-503x308.jpg 535w\" sizes=\"auto, (max-width: 300px) 100vw, 300px\" \/>[\/vc_column_text]<\/div><div class=\"qode-advanced-tab-container\" id=\"tab-otros-servicios-delphi-686\" data-icon-pack=\"font_awesome\" data-icon-html=\"&lt;i class=&quot;qode_icon_font_awesome fa fa-align-left &quot; &gt;&lt;\/i&gt;\">[vc_column_text]Realizamos limpieza de inyectores, entre otros servicios de mantenimiento de los motores de inyecci\u00f3n que pueden salvar a tus componentes y no requerir de una reparaci\u00f3n o sustituci\u00f3n completa.<\/p>\n<p><img loading=\"lazy\" decoding=\"async\" class=\"wp-image-1014 size-medium aligncenter\" src=\"https:\/\/dieselinjeccio.com\/wp-content\/uploads\/2019\/01\/reparacion-inyector-delphi-6-503x308-300x173.jpg\" alt=\"\" width=\"300\" height=\"173\" srcset=\"https:\/\/dieselinjeccio.com\/wp-content\/uploads\/2019\/01\/reparacion-inyector-delphi-6-503x308-300x173.jpg 300w, https:\/\/dieselinjeccio.com\/wp-content\/uploads\/2019\/01\/reparacion-inyector-delphi-6-503x308-345x198.jpg 345w, https:\/\/dieselinjeccio.com\/wp-content\/uploads\/2019\/01\/reparacion-inyector-delphi-6-503x308.jpg 535w\" sizes=\"auto, (max-width: 300px) 100vw, 300px\" \/>[\/vc_column_text]<\/div><\/div>[\/vc_column][vc_column width=\u00bb1\/6&#8243;][\/vc_column][\/vc_row][vc_row css_animation=\u00bb\u00bb row_type=\u00bbrow\u00bb use_row_as_full_screen_section=\u00bbno\u00bb type=\u00bbfull_width\u00bb angled_section=\u00bbno\u00bb text_align=\u00bbleft\u00bb background_image_as_pattern=\u00bbwithout_pattern\u00bb][vc_column][vc_empty_space css=\u00bb.vc_custom_1548236894002{background-color: #ffffff !important;}\u00bb][\/vc_column][\/vc_row][vc_row css_animation=\u00bb\u00bb row_type=\u00bbrow\u00bb use_row_as_full_screen_section=\u00bbno\u00bb type=\u00bbfull_width\u00bb angled_section=\u00bbno\u00bb text_align=\u00bbleft\u00bb background_image_as_pattern=\u00bbwithout_pattern\u00bb css=\u00bb.vc_custom_1548236862834{background-color: #ffffff !important;}\u00bb z_index=\u00bb\u00bb][vc_column]<div class=\"call_to_action normal\" style=\"background-color: #202053;\"><div class=\"container_inner\"><div class=\"two_columns_75_25 clearfix\"><div class=\"text_wrapper column1\"><div class=\"call_to_action_text \" style=\"\">En Di\u00e9sel Injecci\u00f3 te proporcionaremos un servicio integral, que va desde el diagn\u00f3stico de los Sistemas de Inyecci\u00f3n Delphi hasta su reconstrucci\u00f3n, reparaci\u00f3n o reposici\u00f3n seg\u00fan sea el caso. Adem\u00e1s, dispondr\u00e1s de una ID especial de reparaci\u00f3n oficial que te ayudar\u00e1 a disponer de todos los datos sobre los componentes de una manera muy r\u00e1pida y sencilla.<\/div><\/div><div class=\"button_wrapper column2\"><a itemprop=\"url\" href=\"https:\/\/dieselinjeccio.com\/es\/contacto\/\" class=\"qbutton white medium\" target=\"_self\" style=\"\" data-hover-background-color=#dd0000 data-hover-border-color=#ffffff >CONTACTA<\/a><\/div><\/div><\/div><\/div>[\/vc_column][\/vc_row][vc_row css_animation=\u00bb\u00bb row_type=\u00bbrow\u00bb use_row_as_full_screen_section=\u00bbno\u00bb type=\u00bbfull_width\u00bb angled_section=\u00bbno\u00bb text_align=\u00bbleft\u00bb background_image_as_pattern=\u00bbwithout_pattern\u00bb background_color=\u00bb#ffffff\u00bb z_index=\u00bb\u00bb][vc_column][vc_empty_space][vc_single_image image=\u00bb608&#8243; img_size=\u00bbfull\u00bb alignment=\u00bbcenter\u00bb qode_css_animation=\u00bb\u00bb][\/vc_column][\/vc_row]<\/p>\n<\/div>","protected":false},"excerpt":{"rendered":"<p>[vc_row css_animation=\u00bb\u00bb row_type=\u00bbrow\u00bb use_row_as_full_screen_section=\u00bbno\u00bb type=\u00bbgrid\u00bb anchor=\u00bbempresa\u00bb angled_section=\u00bbno\u00bb text_align=\u00bbcenter\u00bb background_image_as_pattern=\u00bbwith_pattern\u00bb css=\u00bb.vc_custom_1548950431666{background: rgba(0,40,94,0.09) url(https:\/\/dieselinjeccio.com\/wp-content\/uploads\/2019\/01\/banner-servicios-reparacion-sistemas-inyeccion-delphi-1920&#215;600.jpg?id=1220) !important;background-position: center !important;background-repeat: no-repeat !important;background-size: cover !important;*background-color: rgb(0,40,94) !important;}\u00bb z_index=\u00bb\u00bb][vc_column][vc_empty_space height=\u00bb300px\u00bb][\/vc_column][\/vc_row][vc_row css_animation=\u00bb\u00bb row_type=\u00bbrow\u00bb use_row_as_full_screen_section=\u00bbno\u00bb type=\u00bbgrid\u00bb anchor=\u00bbempresa\u00bb angled_section=\u00bbno\u00bb text_align=\u00bbcenter\u00bb background_image_as_pattern=\u00bbwith_pattern\u00bb css=\u00bb.vc_custom_1548245159044{background: rgba(0,40,94,0.09) url(http:\/\/dieselinjeccio.com\/wp-content\/uploads\/2016\/06\/fondo15.png?id=198) !important;background-position: center !important;background-repeat: no-repeat !important;background-size: cover !important;*background-color: rgb(0,40,94) !important;}\u00bb z_index=\u00bb\u00bb][vc_column][vc_empty_space height=\u00bb30px\u00bb][vc_column_text]&#8230;<\/p>\n","protected":false},"author":2,"featured_media":0,"parent":0,"menu_order":0,"comment_status":"closed","ping_status":"closed","template":"full_width.php","meta":{"footnotes":""},"class_list":["post-978","page","type-page","status-publish","hentry"],"_links":{"self":[{"href":"https:\/\/dieselinjeccio.com\/es\/wp-json\/wp\/v2\/pages\/978","targetHints":{"allow":["GET"]}}],"collection":[{"href":"https:\/\/dieselinjeccio.com\/es\/wp-json\/wp\/v2\/pages"}],"about":[{"href":"https:\/\/dieselinjeccio.com\/es\/wp-json\/wp\/v2\/types\/page"}],"author":[{"embeddable":true,"href":"https:\/\/dieselinjeccio.com\/es\/wp-json\/wp\/v2\/users\/2"}],"replies":[{"embeddable":true,"href":"https:\/\/dieselinjeccio.com\/es\/wp-json\/wp\/v2\/comments?post=978"}],"version-history":[{"count":1,"href":"https:\/\/dieselinjeccio.com\/es\/wp-json\/wp\/v2\/pages\/978\/revisions"}],"predecessor-version":[{"id":1428,"href":"https:\/\/dieselinjeccio.com\/es\/wp-json\/wp\/v2\/pages\/978\/revisions\/1428"}],"wp:attachment":[{"href":"https:\/\/dieselinjeccio.com\/es\/wp-json\/wp\/v2\/media?parent=978"}],"curies":[{"name":"wp","href":"https:\/\/api.w.org\/{rel}","templated":true}]}}